{"id":21133,"date":"2026-03-31T17:47:14","date_gmt":"2026-03-31T14:47:14","guid":{"rendered":"https:\/\/ceoparts.com\/?post_type=product&#038;p=21133"},"modified":"2026-05-16T09:34:29","modified_gmt":"2026-05-16T06:34:29","slug":"cat-gobek-rulmani-nsp12n2","status":"publish","type":"product","link":"https:\/\/ceoparts.com\/tr\/urun\/cat-gobek-rulmani-nsp12n2\/","title":{"rendered":"CAT G\u00f6bek Rulman\u0131 &#8211; NSP12N2"},"content":{"rendered":"<p>CAT G\u00f6bek Rulman\u0131 &#8211; NSP12N2<\/p>\n<p>CAT G\u00f6bek Rulman\u0131 &#8211; NSP12N2<\/p>","protected":false},"excerpt":{"rendered":"<p>CAT marka forklift ve depo ekipmanlar\u0131nda kullan\u0131lan <strong data-start=\"98\" data-end=\"123\">NSP12N2 g\u00f6bek rulman\u0131<\/strong>, tekerlek sisteminin dengeli ve sorunsuz \u015fekilde d\u00f6nmesini sa\u011flayan \u00f6nemli bir rulman bile\u015fenidir. Y\u00fck alt\u0131nda stabil \u00e7al\u0131\u015fma sa\u011flayarak s\u00fcr\u00fc\u015f g\u00fcvenli\u011fini art\u0131r\u0131r ve makinenin mekanik aksam\u0131n\u0131n daha verimli \u00e7al\u0131\u015fmas\u0131na katk\u0131da bulunur. Dayan\u0131kl\u0131 yap\u0131s\u0131 sayesinde yo\u011fun depo ve lojistik operasyonlar\u0131nda uzun \u00f6m\u00fcrl\u00fc kullan\u0131m sunar. Sipari\u015f \u00f6ncesinde makine modeliniz ile par\u00e7a numaras\u0131n\u0131n uyumlulu\u011funun kontrol edilmesi \u00f6nerilir.<\/p>\n","protected":false},"featured_media":21139,"template":"","meta":[],"product_brand":[],"product_cat":[459],"product_tag":[],"class_list":{"0":"post-21133","1":"product","2":"type-product","3":"status-publish","4":"has-post-thumbnail","6":"product_cat-gobek-rulmanlar","8":"first","9":"instock","10":"taxable","11":"shipping-taxable","12":"purchasable","13":"product-type-simple"},"_links":{"self":[{"href":"https:\/\/ceoparts.com\/tr\/wp-json\/wp\/v2\/product\/21133","targetHints":{"allow":["GET"]}}],"collection":[{"href":"https:\/\/ceoparts.com\/tr\/wp-json\/wp\/v2\/product"}],"about":[{"href":"https:\/\/ceoparts.com\/tr\/wp-json\/wp\/v2\/types\/product"}],"wp:featuredmedia":[{"embeddable":true,"href":"https:\/\/ceoparts.com\/tr\/wp-json\/wp\/v2\/media\/21139"}],"wp:attachment":[{"href":"https:\/\/ceoparts.com\/tr\/wp-json\/wp\/v2\/media?parent=21133"}],"wp:term":[{"taxonomy":"product_brand","embeddable":true,"href":"https:\/\/ceoparts.com\/tr\/wp-json\/wp\/v2\/product_brand?post=21133"},{"taxonomy":"product_cat","embeddable":true,"href":"https:\/\/ceoparts.com\/tr\/wp-json\/wp\/v2\/product_cat?post=21133"},{"taxonomy":"product_tag","embeddable":true,"href":"https:\/\/ceoparts.com\/tr\/wp-json\/wp\/v2\/product_tag?post=21133"}],"curies":[{"name":"wp","href":"https:\/\/api.w.org\/{rel}","templated":true}]}}