{"id":21145,"date":"2026-04-01T12:13:12","date_gmt":"2026-04-01T09:13:12","guid":{"rendered":"https:\/\/ceoparts.com\/?post_type=product&#038;p=21145"},"modified":"2026-05-16T19:12:16","modified_gmt":"2026-05-16T16:12:16","slug":"jungheinrich-etv-kapak-51170538","status":"publish","type":"product","link":"https:\/\/ceoparts.com\/tr\/urun\/jungheinrich-etv-kapak-51170538\/","title":{"rendered":"Jungheinrich ETV Kapak &#8211; 51170538"},"content":{"rendered":"<p>Jungheinrich ETV Kapak &#8211; 51170538<\/p>\n<p>Jungheinrich ETV Kapak &#8211; 51170538<\/p>","protected":false},"excerpt":{"rendered":"<p data-start=\"51\" data-end=\"526\"><strong data-start=\"51\" data-end=\"86\">Jungheinrich 51170538 ETV kapak<\/strong>, Jungheinrich reach truck (ETV serisi) istif makinelerinde kullan\u0131lan koruyucu bir g\u00f6vde par\u00e7as\u0131d\u0131r. Makinenin i\u00e7 mekanik ve elektrik bile\u015fenlerini toz, darbe ve d\u0131\u015f etkenlere kar\u015f\u0131 koruyarak sistemin g\u00fcvenli ve verimli \u00e7al\u0131\u015fmas\u0131na yard\u0131mc\u0131 olur. Dayan\u0131kl\u0131 yap\u0131s\u0131 sayesinde yo\u011fun depo ve lojistik operasyonlar\u0131nda uzun \u00f6m\u00fcrl\u00fc kullan\u0131m sunar. Sipari\u015f \u00f6ncesinde makine modeliniz ile par\u00e7a numaras\u0131n\u0131n uyumlulu\u011funun kontrol edilmesi \u00f6nerilir.<\/p>\n","protected":false},"featured_media":21149,"template":"","meta":[],"product_brand":[],"product_cat":[472,522],"product_tag":[],"class_list":{"0":"post-21145","1":"product","2":"type-product","3":"status-publish","4":"has-post-thumbnail","6":"product_cat-kaporta-aksami","7":"product_cat-yedek-parca-jungheinrich","9":"first","10":"instock","11":"taxable","12":"shipping-taxable","13":"purchasable","14":"product-type-simple"},"_links":{"self":[{"href":"https:\/\/ceoparts.com\/tr\/wp-json\/wp\/v2\/product\/21145","targetHints":{"allow":["GET"]}}],"collection":[{"href":"https:\/\/ceoparts.com\/tr\/wp-json\/wp\/v2\/product"}],"about":[{"href":"https:\/\/ceoparts.com\/tr\/wp-json\/wp\/v2\/types\/product"}],"wp:featuredmedia":[{"embeddable":true,"href":"https:\/\/ceoparts.com\/tr\/wp-json\/wp\/v2\/media\/21149"}],"wp:attachment":[{"href":"https:\/\/ceoparts.com\/tr\/wp-json\/wp\/v2\/media?parent=21145"}],"wp:term":[{"taxonomy":"product_brand","embeddable":true,"href":"https:\/\/ceoparts.com\/tr\/wp-json\/wp\/v2\/product_brand?post=21145"},{"taxonomy":"product_cat","embeddable":true,"href":"https:\/\/ceoparts.com\/tr\/wp-json\/wp\/v2\/product_cat?post=21145"},{"taxonomy":"product_tag","embeddable":true,"href":"https:\/\/ceoparts.com\/tr\/wp-json\/wp\/v2\/product_tag?post=21145"}],"curies":[{"name":"wp","href":"https:\/\/api.w.org\/{rel}","templated":true}]}}