{"id":21150,"date":"2026-04-01T13:27:03","date_gmt":"2026-04-01T10:27:03","guid":{"rendered":"https:\/\/ceoparts.com\/?post_type=product&#038;p=21150"},"modified":"2026-05-16T21:01:43","modified_gmt":"2026-05-16T18:01:43","slug":"jungheinrich-ekran-51977726","status":"publish","type":"product","link":"https:\/\/ceoparts.com\/tr\/urun\/jungheinrich-ekran-51977726\/","title":{"rendered":"Jungheinrich Ekran &#8211; 51977726"},"content":{"rendered":"<p>Jungheinrich Ekran &#8211; 51977726<\/p>\n<p>Jungheinrich Ekran &#8211; 51977726<\/p>","protected":false},"excerpt":{"rendered":"<p><strong data-start=\"47\" data-end=\"78\">Jungheinrich 51977726 ekran<\/strong>, Jungheinrich forklift ve depo ekipmanlar\u0131nda kullan\u0131lan bir g\u00f6sterge ve kontrol ekran\u0131d\u0131r. Makinenin \u00e7al\u0131\u015fma durumu, hata uyar\u0131lar\u0131 ve \u00e7e\u015fitli operasyonel bilgilerin operat\u00f6re aktar\u0131lmas\u0131n\u0131 sa\u011flar. Net g\u00f6r\u00fcnt\u00fc ve g\u00fcvenilir performans sunarak makinenin daha g\u00fcvenli ve verimli kullan\u0131lmas\u0131na yard\u0131mc\u0131 olur. Sipari\u015f \u00f6ncesinde makine modeliniz ile par\u00e7a numaras\u0131n\u0131n uyumlulu\u011funun kontrol edilmesi \u00f6nerilir.<\/p>\n","protected":false},"featured_media":21152,"template":"","meta":[],"product_brand":[],"product_cat":[431,522],"product_tag":[],"class_list":{"0":"post-21150","1":"product","2":"type-product","3":"status-publish","4":"has-post-thumbnail","6":"product_cat-ekranlar-ve-kartlar","7":"product_cat-yedek-parca-jungheinrich","9":"first","10":"instock","11":"taxable","12":"shipping-taxable","13":"purchasable","14":"product-type-simple"},"_links":{"self":[{"href":"https:\/\/ceoparts.com\/tr\/wp-json\/wp\/v2\/product\/21150","targetHints":{"allow":["GET"]}}],"collection":[{"href":"https:\/\/ceoparts.com\/tr\/wp-json\/wp\/v2\/product"}],"about":[{"href":"https:\/\/ceoparts.com\/tr\/wp-json\/wp\/v2\/types\/product"}],"wp:featuredmedia":[{"embeddable":true,"href":"https:\/\/ceoparts.com\/tr\/wp-json\/wp\/v2\/media\/21152"}],"wp:attachment":[{"href":"https:\/\/ceoparts.com\/tr\/wp-json\/wp\/v2\/media?parent=21150"}],"wp:term":[{"taxonomy":"product_brand","embeddable":true,"href":"https:\/\/ceoparts.com\/tr\/wp-json\/wp\/v2\/product_brand?post=21150"},{"taxonomy":"product_cat","embeddable":true,"href":"https:\/\/ceoparts.com\/tr\/wp-json\/wp\/v2\/product_cat?post=21150"},{"taxonomy":"product_tag","embeddable":true,"href":"https:\/\/ceoparts.com\/tr\/wp-json\/wp\/v2\/product_tag?post=21150"}],"curies":[{"name":"wp","href":"https:\/\/api.w.org\/{rel}","templated":true}]}}