{"id":21159,"date":"2026-04-01T14:06:17","date_gmt":"2026-04-01T11:06:17","guid":{"rendered":"https:\/\/ceoparts.com\/?post_type=product&#038;p=21159"},"modified":"2026-05-16T21:01:52","modified_gmt":"2026-05-16T18:01:52","slug":"linde-still-sikma-klipsi-0009553690","status":"publish","type":"product","link":"https:\/\/ceoparts.com\/tr\/urun\/linde-still-sikma-klipsi-0009553690\/","title":{"rendered":"Linde \/ Still S\u0131kma Klipsi &#8211; 0009553690"},"content":{"rendered":"<p>Linde \/ Still S\u0131kma Klipsi &#8211; 0009553690<\/p>","protected":false},"excerpt":{"rendered":"<p><strong data-start=\"57\" data-end=\"98\">Linde \/ Still 0009553690 s\u0131kma klipsi<\/strong>, forklift ve depo ekipmanlar\u0131nda kablo, hortum veya hidrolik hatlar\u0131n sabitlenmesi ve g\u00fcvenli \u015fekilde tutulmas\u0131 i\u00e7in kullan\u0131lan ba\u011flant\u0131 eleman\u0131d\u0131r. Kompakt ve dayan\u0131kl\u0131 metal yap\u0131s\u0131 sayesinde titre\u015fim ve hareket s\u0131ras\u0131nda par\u00e7alar\u0131n yerinden \u00e7\u0131kmas\u0131n\u0131 \u00f6nler. Depo ve lojistik operasyonlar\u0131nda ekipman\u0131n d\u00fczenli ve g\u00fcvenli \u00e7al\u0131\u015fmas\u0131na katk\u0131 sa\u011flar. Sipari\u015f \u00f6ncesinde makine modeliniz ile par\u00e7a numaras\u0131n\u0131n uyumlulu\u011funun kontrol edilmesi \u00f6nerilir.<\/p>\n","protected":false},"featured_media":21160,"template":"","meta":[],"product_brand":[],"product_cat":[470,524,246,523],"product_tag":[],"class_list":{"0":"post-21159","1":"product","2":"type-product","3":"status-publish","4":"has-post-thumbnail","6":"product_cat-diger-yedek-parcalar","7":"product_cat-yedek-parca-still","8":"product_cat-linde","9":"product_cat-yedek-parca-linde","11":"first","12":"instock","13":"taxable","14":"shipping-taxable","15":"purchasable","16":"product-type-simple"},"_links":{"self":[{"href":"https:\/\/ceoparts.com\/tr\/wp-json\/wp\/v2\/product\/21159","targetHints":{"allow":["GET"]}}],"collection":[{"href":"https:\/\/ceoparts.com\/tr\/wp-json\/wp\/v2\/product"}],"about":[{"href":"https:\/\/ceoparts.com\/tr\/wp-json\/wp\/v2\/types\/product"}],"wp:featuredmedia":[{"embeddable":true,"href":"https:\/\/ceoparts.com\/tr\/wp-json\/wp\/v2\/media\/21160"}],"wp:attachment":[{"href":"https:\/\/ceoparts.com\/tr\/wp-json\/wp\/v2\/media?parent=21159"}],"wp:term":[{"taxonomy":"product_brand","embeddable":true,"href":"https:\/\/ceoparts.com\/tr\/wp-json\/wp\/v2\/product_brand?post=21159"},{"taxonomy":"product_cat","embeddable":true,"href":"https:\/\/ceoparts.com\/tr\/wp-json\/wp\/v2\/product_cat?post=21159"},{"taxonomy":"product_tag","embeddable":true,"href":"https:\/\/ceoparts.com\/tr\/wp-json\/wp\/v2\/product_tag?post=21159"}],"curies":[{"name":"wp","href":"https:\/\/api.w.org\/{rel}","templated":true}]}}