{"id":21162,"date":"2026-04-01T14:22:29","date_gmt":"2026-04-01T11:22:29","guid":{"rendered":"https:\/\/ceoparts.com\/?post_type=product&#038;p=21162"},"modified":"2026-05-16T20:17:51","modified_gmt":"2026-05-16T17:17:51","slug":"51-ayna-sideshift-1100mm","status":"publish","type":"product","link":"https:\/\/ceoparts.com\/tr\/urun\/51-ayna-sideshift-1100mm\/","title":{"rendered":"51 Ayna Sideshift 1100 mm"},"content":{"rendered":"<p>51 Ayna Sideshift 1100 mm<\/p>","protected":false},"excerpt":{"rendered":"<p data-start=\"45\" data-end=\"564\"><strong data-start=\"45\" data-end=\"74\">51 Ayna Sideshift 1100 mm<\/strong>, forkliftlerde kullan\u0131lan ve \u00e7atal grubunun sa\u011fa-sola hidrolik olarak kayd\u0131r\u0131lmas\u0131n\u0131 sa\u011flayan bir ata\u015fmand\u0131r. Operat\u00f6r\u00fcn y\u00fck\u00fc forkliftin tamam\u0131n\u0131 hareket ettirmeden hassas \u015fekilde konumland\u0131rmas\u0131na yard\u0131mc\u0131 olur. Bu sayede palet yerle\u015ftirme i\u015flemleri daha h\u0131zl\u0131, g\u00fcvenli ve verimli \u015fekilde yap\u0131labilir. Sa\u011flam g\u00f6vde yap\u0131s\u0131 ve end\u00fcstriyel kullan\u0131m i\u00e7in tasarlanm\u0131\u015f mekanizmas\u0131 sayesinde depo ve lojistik operasyonlar\u0131nda uzun \u00f6m\u00fcrl\u00fc performans sunar.<\/p>\n<p data-start=\"566\" data-end=\"778\"><strong data-start=\"566\" data-end=\"583\">Teknik Bilgi:<\/strong><br data-start=\"583\" data-end=\"586\" \/>\u00dcr\u00fcn Ad\u0131: 51 Ayna Sideshift<br data-start=\"613\" data-end=\"616\" \/>Geni\u015flik: 1100 mm<br data-start=\"633\" data-end=\"636\" \/>Kullan\u0131m Alan\u0131: Forklift \u00e7atal kayd\u0131rma ata\u015fman\u0131<br data-start=\"684\" data-end=\"687\" \/>Avantaj: Y\u00fck\u00fcn sa\u011fa-sola hassas konumland\u0131r\u0131lmas\u0131, h\u0131zl\u0131 palet yerle\u015ftirme, verimli \u00e7al\u0131\u015fma<\/p>\n","protected":false},"featured_media":16336,"template":"","meta":[],"product_brand":[],"product_cat":[470],"product_tag":[],"class_list":{"0":"post-21162","1":"product","2":"type-product","3":"status-publish","4":"has-post-thumbnail","6":"product_cat-diger-yedek-parcalar","8":"first","9":"instock","10":"taxable","11":"shipping-taxable","12":"purchasable","13":"product-type-simple"},"_links":{"self":[{"href":"https:\/\/ceoparts.com\/tr\/wp-json\/wp\/v2\/product\/21162","targetHints":{"allow":["GET"]}}],"collection":[{"href":"https:\/\/ceoparts.com\/tr\/wp-json\/wp\/v2\/product"}],"about":[{"href":"https:\/\/ceoparts.com\/tr\/wp-json\/wp\/v2\/types\/product"}],"wp:featuredmedia":[{"embeddable":true,"href":"https:\/\/ceoparts.com\/tr\/wp-json\/wp\/v2\/media\/16336"}],"wp:attachment":[{"href":"https:\/\/ceoparts.com\/tr\/wp-json\/wp\/v2\/media?parent=21162"}],"wp:term":[{"taxonomy":"product_brand","embeddable":true,"href":"https:\/\/ceoparts.com\/tr\/wp-json\/wp\/v2\/product_brand?post=21162"},{"taxonomy":"product_cat","embeddable":true,"href":"https:\/\/ceoparts.com\/tr\/wp-json\/wp\/v2\/product_cat?post=21162"},{"taxonomy":"product_tag","embeddable":true,"href":"https:\/\/ceoparts.com\/tr\/wp-json\/wp\/v2\/product_tag?post=21162"}],"curies":[{"name":"wp","href":"https:\/\/api.w.org\/{rel}","templated":true}]}}