{"id":21163,"date":"2026-04-01T16:07:33","date_gmt":"2026-04-01T13:07:33","guid":{"rendered":"https:\/\/ceoparts.com\/?post_type=product&#038;p=21163"},"modified":"2026-05-16T21:19:26","modified_gmt":"2026-05-16T18:19:26","slug":"linde-devir-sensoru-7917415847","status":"publish","type":"product","link":"https:\/\/ceoparts.com\/tr\/urun\/linde-devir-sensoru-7917415847\/","title":{"rendered":"Linde Devir Sens\u00f6r\u00fc &#8211; 7917415847"},"content":{"rendered":"<p>Linde Devir Sens\u00f6r\u00fc &#8211; 7917415847<\/p>","protected":false},"excerpt":{"rendered":"<p data-start=\"50\" data-end=\"561\"><strong data-start=\"50\" data-end=\"84\">Linde 7917415847 devir sens\u00f6r\u00fc<\/strong>, forkliftin s\u00fcr\u00fc\u015f ve hareket sisteminde kullan\u0131lan elektronik bir alg\u0131lama bile\u015fenidir. Motor veya tekerlek d\u00f6n\u00fc\u015f h\u0131z\u0131n\u0131 \u00f6l\u00e7erek forklift kontrol \u00fcnitesine veri iletir ve makinenin h\u0131z kontrol\u00fcn\u00fcn do\u011fru \u015fekilde \u00e7al\u0131\u015fmas\u0131n\u0131 sa\u011flar. Dayan\u0131kl\u0131 yap\u0131s\u0131 ve hassas alg\u0131lama \u00f6zelli\u011fi sayesinde depo ve end\u00fcstriyel kullan\u0131mda g\u00fcvenli ve verimli \u00e7al\u0131\u015fma sunar. Ar\u0131zal\u0131 sens\u00f6rlerin yerine do\u011frudan montaj yap\u0131labilen OEM uyumlu bir yedek par\u00e7ad\u0131r.<\/p>\n<p data-start=\"563\" data-end=\"696\"><strong data-start=\"563\" data-end=\"587\">Kullan\u0131lan Modeller:<\/strong><br data-start=\"587\" data-end=\"590\" \/>Linde 7917415847<br data-start=\"606\" data-end=\"609\" \/>E16C \/ E20P<br data-start=\"620\" data-end=\"623\" \/>1275 \/ 387 \/ 388 seri forkliftler<\/p>\n","protected":false},"featured_media":21166,"template":"","meta":[],"product_brand":[],"product_cat":[469,523],"product_tag":[],"class_list":{"0":"post-21163","1":"product","2":"type-product","3":"status-publish","4":"has-post-thumbnail","6":"product_cat-elektrik-ve-sistem-parcalari","7":"product_cat-yedek-parca-linde","9":"first","10":"instock","11":"taxable","12":"shipping-taxable","13":"purchasable","14":"product-type-simple"},"_links":{"self":[{"href":"https:\/\/ceoparts.com\/tr\/wp-json\/wp\/v2\/product\/21163","targetHints":{"allow":["GET"]}}],"collection":[{"href":"https:\/\/ceoparts.com\/tr\/wp-json\/wp\/v2\/product"}],"about":[{"href":"https:\/\/ceoparts.com\/tr\/wp-json\/wp\/v2\/types\/product"}],"wp:featuredmedia":[{"embeddable":true,"href":"https:\/\/ceoparts.com\/tr\/wp-json\/wp\/v2\/media\/21166"}],"wp:attachment":[{"href":"https:\/\/ceoparts.com\/tr\/wp-json\/wp\/v2\/media?parent=21163"}],"wp:term":[{"taxonomy":"product_brand","embeddable":true,"href":"https:\/\/ceoparts.com\/tr\/wp-json\/wp\/v2\/product_brand?post=21163"},{"taxonomy":"product_cat","embeddable":true,"href":"https:\/\/ceoparts.com\/tr\/wp-json\/wp\/v2\/product_cat?post=21163"},{"taxonomy":"product_tag","embeddable":true,"href":"https:\/\/ceoparts.com\/tr\/wp-json\/wp\/v2\/product_tag?post=21163"}],"curies":[{"name":"wp","href":"https:\/\/api.w.org\/{rel}","templated":true}]}}