{"id":21167,"date":"2026-04-01T17:06:18","date_gmt":"2026-04-01T14:06:18","guid":{"rendered":"https:\/\/ceoparts.com\/?post_type=product&#038;p=21167"},"modified":"2026-05-16T22:19:20","modified_gmt":"2026-05-16T19:19:20","slug":"300x100-40-vulkoprin-vulkollan-yuk-tekeri-144443","status":"publish","type":"product","link":"https:\/\/ceoparts.com\/tr\/urun\/300x100-40-vulkoprin-vulkollan-yuk-tekeri-144443\/","title":{"rendered":"300&#215;100-40 Vulkoprin Vulkollan Y\u00fck Tekeri &#8211; 144443"},"content":{"rendered":"<p>300&#215;100-40 Vulkoprin Vulkollan Y\u00fck Tekeri &#8211; 144443<\/p>","protected":false},"excerpt":{"rendered":"<p data-start=\"68\" data-end=\"516\"><strong data-start=\"68\" data-end=\"113\">300\u00d7100-40 Vulkoprin Vulkollan y\u00fck tekeri<\/strong>, forklift ve end\u00fcstriyel ta\u015f\u0131ma ara\u00e7lar\u0131nda a\u011f\u0131r y\u00fck alt\u0131nda y\u00fcksek performans sa\u011flamak i\u00e7in tasarlanm\u0131\u015f dayan\u0131kl\u0131 bir y\u00fck tekeridir. Vulkollan kaplama sayesinde y\u00fcksek a\u015f\u0131nma direnci, elastik yap\u0131 ve titre\u015fim emilimi sunarak depo ve lojistik operasyonlar\u0131nda g\u00fcvenilir ve uzun \u00f6m\u00fcrl\u00fc kullan\u0131m sa\u011flar. \u00c7elik g\u00f6vdesi sayesinde y\u00fcksek y\u00fck kapasitesine uygun olup yo\u011fun end\u00fcstriyel kullan\u0131ma dayan\u0131kl\u0131d\u0131r.<\/p>\n<p data-start=\"518\" data-end=\"808\"><strong data-start=\"518\" data-end=\"532\">\u00d6zellikler<\/strong><br data-start=\"532\" data-end=\"535\" \/>\u00dcr\u00fcn Ad\u0131: 300\u00d7100-40 Vulkoprin Vulkollan Y\u00fck Tekeri<br data-start=\"586\" data-end=\"589\" \/>Par\u00e7a Kodu: 144443<br data-start=\"607\" data-end=\"610\" \/>Malzeme: Vulkoprin Vulkollan kaplama, \u00e7elik g\u00f6vde<br data-start=\"659\" data-end=\"662\" \/>Kullan\u0131m Alan\u0131: Forklift ve end\u00fcstriyel ta\u015f\u0131ma ara\u00e7lar\u0131 y\u00fck tekeri<br data-start=\"728\" data-end=\"731\" \/>Avantaj: Y\u00fcksek a\u015f\u0131nma direnci, titre\u015fim emilimi, elastik ve dayan\u0131kl\u0131 yap\u0131<\/p>\n<p data-start=\"810\" data-end=\"986\"><strong data-start=\"810\" data-end=\"834\">Kullan\u0131lan Modeller:<\/strong><br data-start=\"834\" data-end=\"837\" \/>BT 137587 \/ 144443 \u2013 300\u00d7100 bez hamulca \/ without brake<br data-start=\"893\" data-end=\"896\" \/>BT RR Reflex<br data-start=\"908\" data-end=\"911\" \/>BT FR 2.0<br data-start=\"920\" data-end=\"923\" \/>BT TRT 1000 E<br data-start=\"936\" data-end=\"939\" \/>BT Toyota 137587 \/ 144443 \u2013 Stellana PT-NDI-92\u00ae<\/p>\n","protected":false},"featured_media":21172,"template":"","meta":[],"product_brand":[],"product_cat":[428,194],"product_tag":[],"class_list":{"0":"post-21167","1":"product","2":"type-product","3":"status-publish","4":"has-post-thumbnail","6":"product_cat-yuk-tekeri-vulkoprin","7":"product_cat-yuk-tekeri","9":"first","10":"instock","11":"taxable","12":"shipping-taxable","13":"purchasable","14":"product-type-simple"},"_links":{"self":[{"href":"https:\/\/ceoparts.com\/tr\/wp-json\/wp\/v2\/product\/21167","targetHints":{"allow":["GET"]}}],"collection":[{"href":"https:\/\/ceoparts.com\/tr\/wp-json\/wp\/v2\/product"}],"about":[{"href":"https:\/\/ceoparts.com\/tr\/wp-json\/wp\/v2\/types\/product"}],"wp:featuredmedia":[{"embeddable":true,"href":"https:\/\/ceoparts.com\/tr\/wp-json\/wp\/v2\/media\/21172"}],"wp:attachment":[{"href":"https:\/\/ceoparts.com\/tr\/wp-json\/wp\/v2\/media?parent=21167"}],"wp:term":[{"taxonomy":"product_brand","embeddable":true,"href":"https:\/\/ceoparts.com\/tr\/wp-json\/wp\/v2\/product_brand?post=21167"},{"taxonomy":"product_cat","embeddable":true,"href":"https:\/\/ceoparts.com\/tr\/wp-json\/wp\/v2\/product_cat?post=21167"},{"taxonomy":"product_tag","embeddable":true,"href":"https:\/\/ceoparts.com\/tr\/wp-json\/wp\/v2\/product_tag?post=21167"}],"curies":[{"name":"wp","href":"https:\/\/api.w.org\/{rel}","templated":true}]}}