{"id":21192,"date":"2026-04-03T11:20:53","date_gmt":"2026-04-03T08:20:53","guid":{"rendered":"https:\/\/ceoparts.com\/?post_type=product&#038;p=21192"},"modified":"2026-04-04T02:55:57","modified_gmt":"2026-04-03T23:55:57","slug":"linde-l16-on-kaporta-27719264-11734323200","status":"publish","type":"product","link":"https:\/\/ceoparts.com\/tr\/urun\/linde-l16-on-kaporta-27719264-11734323200\/","title":{"rendered":"Linde L16 \u00d6n Kaporta &#8211; 27719264, 11734323200"},"content":{"rendered":"<p>Linde L16 \u00d6n Kaporta &#8211; 27719264, 11734323200<\/p>","protected":false},"excerpt":{"rendered":"<p><strong data-start=\"63\" data-end=\"112\">Linde L16 \u00f6n kaporta (27719264 \/ 11734323200)<\/strong>, Linde istif makinelerinde kullan\u0131lan koruyucu g\u00f6vde par\u00e7as\u0131d\u0131r. Makinenin \u00f6n b\u00f6l\u00fcm\u00fcnde yer alarak i\u00e7 mekanik ve elektrik bile\u015fenlerini toz, darbe ve d\u0131\u015f etkenlere kar\u015f\u0131 korur. Sa\u011flam ve dayan\u0131kl\u0131 yap\u0131s\u0131 sayesinde forklift ve depo ekipmanlar\u0131n\u0131n yo\u011fun \u00e7al\u0131\u015fma ko\u015fullar\u0131nda g\u00fcvenli ve uzun \u00f6m\u00fcrl\u00fc kullan\u0131m sunar. Sipari\u015f \u00f6ncesinde makine modeliniz ile par\u00e7a numaras\u0131n\u0131n uyumlulu\u011funun kontrol edilmesi \u00f6nerilir.<\/p>\n","protected":false},"featured_media":21197,"template":"","meta":[],"product_brand":[],"product_cat":[523,472],"product_tag":[],"class_list":{"0":"post-21192","1":"product","2":"type-product","3":"status-publish","4":"has-post-thumbnail","6":"product_cat-yedek-parca-linde","7":"product_cat-kaporta-aksami","9":"first","10":"instock","11":"taxable","12":"shipping-taxable","13":"purchasable","14":"product-type-simple"},"_links":{"self":[{"href":"https:\/\/ceoparts.com\/tr\/wp-json\/wp\/v2\/product\/21192","targetHints":{"allow":["GET"]}}],"collection":[{"href":"https:\/\/ceoparts.com\/tr\/wp-json\/wp\/v2\/product"}],"about":[{"href":"https:\/\/ceoparts.com\/tr\/wp-json\/wp\/v2\/types\/product"}],"wp:featuredmedia":[{"embeddable":true,"href":"https:\/\/ceoparts.com\/tr\/wp-json\/wp\/v2\/media\/21197"}],"wp:attachment":[{"href":"https:\/\/ceoparts.com\/tr\/wp-json\/wp\/v2\/media?parent=21192"}],"wp:term":[{"taxonomy":"product_brand","embeddable":true,"href":"https:\/\/ceoparts.com\/tr\/wp-json\/wp\/v2\/product_brand?post=21192"},{"taxonomy":"product_cat","embeddable":true,"href":"https:\/\/ceoparts.com\/tr\/wp-json\/wp\/v2\/product_cat?post=21192"},{"taxonomy":"product_tag","embeddable":true,"href":"https:\/\/ceoparts.com\/tr\/wp-json\/wp\/v2\/product_tag?post=21192"}],"curies":[{"name":"wp","href":"https:\/\/api.w.org\/{rel}","templated":true}]}}