{"id":21198,"date":"2026-04-03T11:37:55","date_gmt":"2026-04-03T08:37:55","guid":{"rendered":"https:\/\/ceoparts.com\/?post_type=product&#038;p=21198"},"modified":"2026-04-06T09:55:37","modified_gmt":"2026-04-06T06:55:37","slug":"jungheinrich-dikiz-aynasi-51192097","status":"publish","type":"product","link":"https:\/\/ceoparts.com\/tr\/urun\/jungheinrich-dikiz-aynasi-51192097\/","title":{"rendered":"Jungheinrich Dikiz Aynas\u0131 &#8211; 51192097"},"content":{"rendered":"<p>Jungheinrich Dikiz Aynas\u0131 &#8211; 51192097<\/p>","protected":false},"excerpt":{"rendered":"<p><strong data-start=\"54\" data-end=\"92\">Jungheinrich 51192097 dikiz aynas\u0131<\/strong>, forklift ve depo ekipmanlar\u0131nda operat\u00f6r\u00fcn arka ve yan g\u00f6r\u00fc\u015f alan\u0131n\u0131 art\u0131rmak i\u00e7in kullan\u0131lan g\u00fcvenlik ekipman\u0131d\u0131r. Makine kullan\u0131m s\u0131ras\u0131nda operat\u00f6r\u00fcn \u00e7evresini daha net g\u00f6rmesini sa\u011flayarak g\u00fcvenli s\u00fcr\u00fc\u015f ve manevra yap\u0131lmas\u0131na yard\u0131mc\u0131 olur. Dayan\u0131kl\u0131 yap\u0131s\u0131 sayesinde depo ve end\u00fcstriyel \u00e7al\u0131\u015fma ortamlar\u0131nda uzun s\u00fcreli kullan\u0131m i\u00e7in uygundur. Sipari\u015f \u00f6ncesinde makine modeliniz ile par\u00e7a numaras\u0131n\u0131n uyumlulu\u011funun kontrol edilmesi \u00f6nerilir.<\/p>\n","protected":false},"featured_media":21201,"template":"","meta":[],"product_brand":[],"product_cat":[522,452],"product_tag":[],"class_list":{"0":"post-21198","1":"product","2":"type-product","3":"status-publish","4":"has-post-thumbnail","6":"product_cat-yedek-parca-jungheinrich","7":"product_cat-aynalar","9":"first","10":"instock","11":"taxable","12":"shipping-taxable","13":"purchasable","14":"product-type-simple"},"_links":{"self":[{"href":"https:\/\/ceoparts.com\/tr\/wp-json\/wp\/v2\/product\/21198","targetHints":{"allow":["GET"]}}],"collection":[{"href":"https:\/\/ceoparts.com\/tr\/wp-json\/wp\/v2\/product"}],"about":[{"href":"https:\/\/ceoparts.com\/tr\/wp-json\/wp\/v2\/types\/product"}],"wp:featuredmedia":[{"embeddable":true,"href":"https:\/\/ceoparts.com\/tr\/wp-json\/wp\/v2\/media\/21201"}],"wp:attachment":[{"href":"https:\/\/ceoparts.com\/tr\/wp-json\/wp\/v2\/media?parent=21198"}],"wp:term":[{"taxonomy":"product_brand","embeddable":true,"href":"https:\/\/ceoparts.com\/tr\/wp-json\/wp\/v2\/product_brand?post=21198"},{"taxonomy":"product_cat","embeddable":true,"href":"https:\/\/ceoparts.com\/tr\/wp-json\/wp\/v2\/product_cat?post=21198"},{"taxonomy":"product_tag","embeddable":true,"href":"https:\/\/ceoparts.com\/tr\/wp-json\/wp\/v2\/product_tag?post=21198"}],"curies":[{"name":"wp","href":"https:\/\/api.w.org\/{rel}","templated":true}]}}