{"id":21204,"date":"2026-04-03T11:51:47","date_gmt":"2026-04-03T08:51:47","guid":{"rendered":"https:\/\/ceoparts.com\/?post_type=product&#038;p=21204"},"modified":"2026-04-04T05:51:25","modified_gmt":"2026-04-04T02:51:25","slug":"linde-hortum-sokme-aparati-11803336-0009418025","status":"publish","type":"product","link":"https:\/\/ceoparts.com\/tr\/urun\/linde-hortum-sokme-aparati-11803336-0009418025\/","title":{"rendered":"Linde Hortum S\u00f6kme Aparat\u0131 &#8211; 11803336, 0009418025"},"content":{"rendered":"<p>Linde Hortum S\u00f6kme Aparat\u0131 &#8211; 11803336, 0009418025<\/p>","protected":false},"excerpt":{"rendered":"<p><strong data-start=\"68\" data-end=\"120\">Linde 11803336 \/ 0009418025 hortum s\u00f6kme aparat\u0131<\/strong>, forklift ve depo ekipmanlar\u0131nda kullan\u0131lan hidrolik hortumlar\u0131n g\u00fcvenli ve pratik \u015fekilde s\u00f6k\u00fclmesine yard\u0131mc\u0131 olan servis ekipman\u0131d\u0131r. \u00d6zellikle bak\u0131m ve onar\u0131m i\u015flemlerinde hortum ba\u011flant\u0131lar\u0131n\u0131 zarar vermeden \u00e7\u0131karmay\u0131 kolayla\u015ft\u0131r\u0131r. Dayan\u0131kl\u0131 yap\u0131s\u0131 sayesinde servis teknisyenleri i\u00e7in g\u00fcvenli ve uzun \u00f6m\u00fcrl\u00fc kullan\u0131m sa\u011flar.<\/p>\n","protected":false},"featured_media":21206,"template":"","meta":[],"product_brand":[],"product_cat":[523,470],"product_tag":[],"class_list":{"0":"post-21204","1":"product","2":"type-product","3":"status-publish","4":"has-post-thumbnail","6":"product_cat-yedek-parca-linde","7":"product_cat-diger-yedek-parcalar","9":"first","10":"instock","11":"taxable","12":"shipping-taxable","13":"purchasable","14":"product-type-simple"},"_links":{"self":[{"href":"https:\/\/ceoparts.com\/tr\/wp-json\/wp\/v2\/product\/21204","targetHints":{"allow":["GET"]}}],"collection":[{"href":"https:\/\/ceoparts.com\/tr\/wp-json\/wp\/v2\/product"}],"about":[{"href":"https:\/\/ceoparts.com\/tr\/wp-json\/wp\/v2\/types\/product"}],"wp:featuredmedia":[{"embeddable":true,"href":"https:\/\/ceoparts.com\/tr\/wp-json\/wp\/v2\/media\/21206"}],"wp:attachment":[{"href":"https:\/\/ceoparts.com\/tr\/wp-json\/wp\/v2\/media?parent=21204"}],"wp:term":[{"taxonomy":"product_brand","embeddable":true,"href":"https:\/\/ceoparts.com\/tr\/wp-json\/wp\/v2\/product_brand?post=21204"},{"taxonomy":"product_cat","embeddable":true,"href":"https:\/\/ceoparts.com\/tr\/wp-json\/wp\/v2\/product_cat?post=21204"},{"taxonomy":"product_tag","embeddable":true,"href":"https:\/\/ceoparts.com\/tr\/wp-json\/wp\/v2\/product_tag?post=21204"}],"curies":[{"name":"wp","href":"https:\/\/api.w.org\/{rel}","templated":true}]}}