{"id":21209,"date":"2026-04-03T12:07:11","date_gmt":"2026-04-03T09:07:11","guid":{"rendered":"https:\/\/ceoparts.com\/?post_type=product&#038;p=21209"},"modified":"2026-04-04T07:13:36","modified_gmt":"2026-04-04T04:13:36","slug":"still-koruyucu-kapak-51904302100","status":"publish","type":"product","link":"https:\/\/ceoparts.com\/tr\/urun\/still-koruyucu-kapak-51904302100\/","title":{"rendered":"Still Koruyucu Kapak &#8211; 51904302100"},"content":{"rendered":"<p>Still Koruyucu Kapak &#8211; 51904302100<\/p>","protected":false},"excerpt":{"rendered":"<p><strong data-start=\"52\" data-end=\"88\">Still 51904302100 koruyucu kapak<\/strong>, Still marka forklift ve depo ekipmanlar\u0131nda kullan\u0131lan koruyucu bir g\u00f6vde par\u00e7as\u0131d\u0131r. Makinenin i\u00e7 mekanik ve elektrik bile\u015fenlerini toz, darbe ve d\u0131\u015f etkenlere kar\u015f\u0131 koruyarak sistemin g\u00fcvenli ve verimli \u00e7al\u0131\u015fmas\u0131na yard\u0131mc\u0131 olur. Dayan\u0131kl\u0131 yap\u0131s\u0131 sayesinde yo\u011fun depo ve lojistik operasyonlar\u0131nda uzun \u00f6m\u00fcrl\u00fc kullan\u0131m sunar. Sipari\u015f \u00f6ncesinde makine modeliniz ile par\u00e7a numaras\u0131n\u0131n uyumlulu\u011funun kontrol edilmesi \u00f6nerilir.<\/p>\n","protected":false},"featured_media":21212,"template":"","meta":[],"product_brand":[],"product_cat":[524,470],"product_tag":[],"class_list":{"0":"post-21209","1":"product","2":"type-product","3":"status-publish","4":"has-post-thumbnail","6":"product_cat-yedek-parca-still","7":"product_cat-diger-yedek-parcalar","9":"first","10":"instock","11":"taxable","12":"shipping-taxable","13":"purchasable","14":"product-type-simple"},"_links":{"self":[{"href":"https:\/\/ceoparts.com\/tr\/wp-json\/wp\/v2\/product\/21209","targetHints":{"allow":["GET"]}}],"collection":[{"href":"https:\/\/ceoparts.com\/tr\/wp-json\/wp\/v2\/product"}],"about":[{"href":"https:\/\/ceoparts.com\/tr\/wp-json\/wp\/v2\/types\/product"}],"wp:featuredmedia":[{"embeddable":true,"href":"https:\/\/ceoparts.com\/tr\/wp-json\/wp\/v2\/media\/21212"}],"wp:attachment":[{"href":"https:\/\/ceoparts.com\/tr\/wp-json\/wp\/v2\/media?parent=21209"}],"wp:term":[{"taxonomy":"product_brand","embeddable":true,"href":"https:\/\/ceoparts.com\/tr\/wp-json\/wp\/v2\/product_brand?post=21209"},{"taxonomy":"product_cat","embeddable":true,"href":"https:\/\/ceoparts.com\/tr\/wp-json\/wp\/v2\/product_cat?post=21209"},{"taxonomy":"product_tag","embeddable":true,"href":"https:\/\/ceoparts.com\/tr\/wp-json\/wp\/v2\/product_tag?post=21209"}],"curies":[{"name":"wp","href":"https:\/\/api.w.org\/{rel}","templated":true}]}}