{"id":21220,"date":"2026-04-03T13:57:48","date_gmt":"2026-04-03T10:57:48","guid":{"rendered":"https:\/\/ceoparts.com\/?post_type=product&#038;p=21220"},"modified":"2026-04-04T09:59:22","modified_gmt":"2026-04-04T06:59:22","slug":"jungheinrich-eje-ejd-on-kapak-50466670","status":"publish","type":"product","link":"https:\/\/ceoparts.com\/tr\/urun\/jungheinrich-eje-ejd-on-kapak-50466670\/","title":{"rendered":"Jungheinrich EJE\/EJD \u00d6n Kapak &#8211; 50466670"},"content":{"rendered":"<p>Jungheinrich EJE\/EJD \u00d6n Kapak &#8211; 50466670<\/p>","protected":false},"excerpt":{"rendered":"<p><strong data-start=\"60\" data-end=\"94\">Jungheinrich 50466670 \u00f6n kapak<\/strong>, Jungheinrich EJE ve EJD serisi transpalet ve istif makinelerinde kullan\u0131lan koruyucu bir g\u00f6vde par\u00e7as\u0131d\u0131r. Makinenin \u00f6n aks ve mekanik aksamlar\u0131n\u0131 toz, darbe ve d\u0131\u015f etkenlere kar\u015f\u0131 koruyarak ekipman\u0131n g\u00fcvenli ve verimli \u00e7al\u0131\u015fmas\u0131na yard\u0131mc\u0131 olur. Dayan\u0131kl\u0131 yap\u0131s\u0131 sayesinde depo ve lojistik operasyonlar\u0131nda uzun \u00f6m\u00fcrl\u00fc kullan\u0131m sunar. Sipari\u015f \u00f6ncesinde makine modeliniz ile par\u00e7a numaras\u0131n\u0131n uyumlulu\u011funun kontrol edilmesi \u00f6nerilir.<\/p>\n","protected":false},"featured_media":21226,"template":"","meta":[],"product_brand":[],"product_cat":[522,472],"product_tag":[],"class_list":{"0":"post-21220","1":"product","2":"type-product","3":"status-publish","4":"has-post-thumbnail","6":"product_cat-yedek-parca-jungheinrich","7":"product_cat-kaporta-aksami","9":"first","10":"instock","11":"taxable","12":"shipping-taxable","13":"purchasable","14":"product-type-simple"},"_links":{"self":[{"href":"https:\/\/ceoparts.com\/tr\/wp-json\/wp\/v2\/product\/21220","targetHints":{"allow":["GET"]}}],"collection":[{"href":"https:\/\/ceoparts.com\/tr\/wp-json\/wp\/v2\/product"}],"about":[{"href":"https:\/\/ceoparts.com\/tr\/wp-json\/wp\/v2\/types\/product"}],"wp:featuredmedia":[{"embeddable":true,"href":"https:\/\/ceoparts.com\/tr\/wp-json\/wp\/v2\/media\/21226"}],"wp:attachment":[{"href":"https:\/\/ceoparts.com\/tr\/wp-json\/wp\/v2\/media?parent=21220"}],"wp:term":[{"taxonomy":"product_brand","embeddable":true,"href":"https:\/\/ceoparts.com\/tr\/wp-json\/wp\/v2\/product_brand?post=21220"},{"taxonomy":"product_cat","embeddable":true,"href":"https:\/\/ceoparts.com\/tr\/wp-json\/wp\/v2\/product_cat?post=21220"},{"taxonomy":"product_tag","embeddable":true,"href":"https:\/\/ceoparts.com\/tr\/wp-json\/wp\/v2\/product_tag?post=21220"}],"curies":[{"name":"wp","href":"https:\/\/api.w.org\/{rel}","templated":true}]}}