{"id":21227,"date":"2026-04-03T14:19:17","date_gmt":"2026-04-03T11:19:17","guid":{"rendered":"https:\/\/ceoparts.com\/?post_type=product&#038;p=21227"},"modified":"2026-04-04T09:04:38","modified_gmt":"2026-04-04T06:04:38","slug":"linde-sol-tutamak-0039310811","status":"publish","type":"product","link":"https:\/\/ceoparts.com\/tr\/urun\/linde-sol-tutamak-0039310811\/","title":{"rendered":"Linde Sol Tutamak &#8211; 0039310811"},"content":{"rendered":"<p>Linde Sol Tutamak &#8211; 0039310811<\/p>","protected":false},"excerpt":{"rendered":"<p data-start=\"134\" data-end=\"607\"><strong data-start=\"134\" data-end=\"166\">Linde 0039310811 sol tutamak<\/strong>, Linde forklift ve depo ekipmanlar\u0131nda operat\u00f6r\u00fcn makineye g\u00fcvenli \u015fekilde binip inmesini kolayla\u015ft\u0131ran bir destek par\u00e7as\u0131d\u0131r. Ergonomik tasar\u0131m\u0131 sayesinde operat\u00f6re sa\u011flam bir tutu\u015f sa\u011flar ve \u00e7al\u0131\u015fma s\u0131ras\u0131nda g\u00fcvenli\u011fi art\u0131r\u0131r. Dayan\u0131kl\u0131 malzeme yap\u0131s\u0131 sayesinde yo\u011fun depo ve end\u00fcstriyel kullan\u0131m ko\u015fullar\u0131nda uzun \u00f6m\u00fcrl\u00fc performans sunar. Sipari\u015f \u00f6ncesinde makine modeliniz ile par\u00e7a numaras\u0131n\u0131n uyumlulu\u011funun kontrol edilmesi \u00f6nerilir.<\/p>\n<p data-start=\"609\" data-end=\"654\"><strong data-start=\"609\" data-end=\"633\">Kullan\u0131lan Modeller:<\/strong><br data-start=\"633\" data-end=\"636\" \/>Linde 0039310811<\/p>\n<p data-start=\"656\" data-end=\"844\">1151 \u2013 T16 \/ T16P \/ T20 \/ T20P<br data-start=\"686\" data-end=\"689\" \/>1152 \u2013 T16 \/ T18 \/ T20 \/ T16L<br data-start=\"718\" data-end=\"721\" \/>1160 \u2013 D06 \/ D08<br data-start=\"737\" data-end=\"740\" \/>1169 \u2013 L10 \/ L12 \/ L14C<br data-start=\"763\" data-end=\"766\" \/>1169 \u2013 L10P \/ L12P \/ L14P<br data-start=\"791\" data-end=\"794\" \/>1172 \u2013 L10 \/ L12 \/ L12i<br data-start=\"817\" data-end=\"820\" \/>1173 \u2013 L14 \/ L16 \/ L20<\/p>\n","protected":false},"featured_media":21230,"template":"","meta":[],"product_brand":[],"product_cat":[523,470],"product_tag":[],"class_list":{"0":"post-21227","1":"product","2":"type-product","3":"status-publish","4":"has-post-thumbnail","6":"product_cat-yedek-parca-linde","7":"product_cat-diger-yedek-parcalar","9":"first","10":"instock","11":"taxable","12":"shipping-taxable","13":"purchasable","14":"product-type-simple"},"_links":{"self":[{"href":"https:\/\/ceoparts.com\/tr\/wp-json\/wp\/v2\/product\/21227","targetHints":{"allow":["GET"]}}],"collection":[{"href":"https:\/\/ceoparts.com\/tr\/wp-json\/wp\/v2\/product"}],"about":[{"href":"https:\/\/ceoparts.com\/tr\/wp-json\/wp\/v2\/types\/product"}],"wp:featuredmedia":[{"embeddable":true,"href":"https:\/\/ceoparts.com\/tr\/wp-json\/wp\/v2\/media\/21230"}],"wp:attachment":[{"href":"https:\/\/ceoparts.com\/tr\/wp-json\/wp\/v2\/media?parent=21227"}],"wp:term":[{"taxonomy":"product_brand","embeddable":true,"href":"https:\/\/ceoparts.com\/tr\/wp-json\/wp\/v2\/product_brand?post=21227"},{"taxonomy":"product_cat","embeddable":true,"href":"https:\/\/ceoparts.com\/tr\/wp-json\/wp\/v2\/product_cat?post=21227"},{"taxonomy":"product_tag","embeddable":true,"href":"https:\/\/ceoparts.com\/tr\/wp-json\/wp\/v2\/product_tag?post=21227"}],"curies":[{"name":"wp","href":"https:\/\/api.w.org\/{rel}","templated":true}]}}