{"id":21242,"date":"2026-04-03T15:01:41","date_gmt":"2026-04-03T12:01:41","guid":{"rendered":"https:\/\/ceoparts.com\/?post_type=product&#038;p=21242"},"modified":"2026-04-04T06:26:21","modified_gmt":"2026-04-04T03:26:21","slug":"linde-catal-kilidi-3944408215-50020821","status":"publish","type":"product","link":"https:\/\/ceoparts.com\/tr\/urun\/linde-catal-kilidi-3944408215-50020821\/","title":{"rendered":"Linde \u00c7atal Kilidi &#8211; 3944408215, 50020821"},"content":{"rendered":"<p>Linde \u00c7atal Kilidi &#8211; 3944408215, 50020821<\/p>","protected":false},"excerpt":{"rendered":"<p data-start=\"60\" data-end=\"585\"><strong data-start=\"60\" data-end=\"104\">Linde 3944408215 \/ 50020821 \u00e7atal kilidi<\/strong>, forkliftlerde \u00e7atal\u0131n ta\u015f\u0131y\u0131c\u0131 ayna (carriage) \u00fczerinde g\u00fcvenli \u015fekilde sabitlenmesini sa\u011flayan \u00f6nemli bir emniyet par\u00e7as\u0131d\u0131r. \u00c7atallar\u0131n \u00e7al\u0131\u015fma s\u0131ras\u0131nda yerinden \u00e7\u0131kmas\u0131n\u0131 veya kaymas\u0131n\u0131 \u00f6nleyerek y\u00fck ta\u015f\u0131ma i\u015flemlerinin g\u00fcvenli \u015fekilde yap\u0131lmas\u0131na yard\u0131mc\u0131 olur. Dayan\u0131kl\u0131 metal yap\u0131s\u0131 sayesinde a\u011f\u0131r y\u00fck ve yo\u011fun end\u00fcstriyel kullan\u0131m ko\u015fullar\u0131nda uzun \u00f6m\u00fcrl\u00fc performans sunar. Sipari\u015f \u00f6ncesinde makine modeliniz ile par\u00e7a numaras\u0131n\u0131n uyumlulu\u011funun kontrol edilmesi \u00f6nerilir.<\/p>\n<p data-start=\"587\" data-end=\"645\"><strong data-start=\"587\" data-end=\"611\">Kullan\u0131lan Modeller:<\/strong><br data-start=\"611\" data-end=\"614\" \/>Linde <strong data-start=\"620\" data-end=\"645\">3944408215 \/ 50020821<\/strong><\/p>\n<p data-start=\"647\" data-end=\"746\">115 \u2013 <strong data-start=\"653\" data-end=\"684\">H12 \/ H14 \/ H16 \/ H18 \/ H20<\/strong><br data-start=\"684\" data-end=\"687\" \/>116 \u2013 <strong data-start=\"693\" data-end=\"712\">H20 \/ H25 \/ H30<\/strong><br data-start=\"712\" data-end=\"715\" \/>117 \u2013 <strong data-start=\"721\" data-end=\"746\">H35 \/ H40 \/ H45 \/ H50<\/strong><\/p>\n","protected":false},"featured_media":21245,"template":"","meta":[],"product_brand":[],"product_cat":[523,470],"product_tag":[],"class_list":{"0":"post-21242","1":"product","2":"type-product","3":"status-publish","4":"has-post-thumbnail","6":"product_cat-yedek-parca-linde","7":"product_cat-diger-yedek-parcalar","9":"first","10":"instock","11":"taxable","12":"shipping-taxable","13":"purchasable","14":"product-type-simple"},"_links":{"self":[{"href":"https:\/\/ceoparts.com\/tr\/wp-json\/wp\/v2\/product\/21242","targetHints":{"allow":["GET"]}}],"collection":[{"href":"https:\/\/ceoparts.com\/tr\/wp-json\/wp\/v2\/product"}],"about":[{"href":"https:\/\/ceoparts.com\/tr\/wp-json\/wp\/v2\/types\/product"}],"wp:featuredmedia":[{"embeddable":true,"href":"https:\/\/ceoparts.com\/tr\/wp-json\/wp\/v2\/media\/21245"}],"wp:attachment":[{"href":"https:\/\/ceoparts.com\/tr\/wp-json\/wp\/v2\/media?parent=21242"}],"wp:term":[{"taxonomy":"product_brand","embeddable":true,"href":"https:\/\/ceoparts.com\/tr\/wp-json\/wp\/v2\/product_brand?post=21242"},{"taxonomy":"product_cat","embeddable":true,"href":"https:\/\/ceoparts.com\/tr\/wp-json\/wp\/v2\/product_cat?post=21242"},{"taxonomy":"product_tag","embeddable":true,"href":"https:\/\/ceoparts.com\/tr\/wp-json\/wp\/v2\/product_tag?post=21242"}],"curies":[{"name":"wp","href":"https:\/\/api.w.org\/{rel}","templated":true}]}}