{"id":21246,"date":"2026-04-03T15:10:47","date_gmt":"2026-04-03T12:10:47","guid":{"rendered":"https:\/\/ceoparts.com\/?post_type=product&#038;p=21246"},"modified":"2026-04-04T05:00:01","modified_gmt":"2026-04-04T02:00:01","slug":"jungheinrich-elektrikli-kontak-anahtari-s1126584","status":"publish","type":"product","link":"https:\/\/ceoparts.com\/tr\/urun\/jungheinrich-elektrikli-kontak-anahtari-s1126584\/","title":{"rendered":"Jungheinrich Elektrikli Kontak Anahtar\u0131 &#8211; S1126584"},"content":{"rendered":"<p>Jungheinrich Elektrikli Kontak Anahtar\u0131 &#8211; S1126584<\/p>","protected":false},"excerpt":{"rendered":"<p><strong data-start=\"68\" data-end=\"120\">Jungheinrich S1126584 elektrikli kontak anahtar\u0131<\/strong>, forklift ve depo ekipmanlar\u0131nda makinenin elektrik sistemini devreye almak veya kapatmak i\u00e7in kullan\u0131lan \u00f6nemli bir kontrol bile\u015fenidir. Operat\u00f6r\u00fcn makineyi g\u00fcvenli \u015fekilde \u00e7al\u0131\u015ft\u0131rmas\u0131n\u0131 sa\u011flar ve yetkisiz kullan\u0131m\u0131 \u00f6nlemeye yard\u0131mc\u0131 olur. Dayan\u0131kl\u0131 yap\u0131s\u0131 sayesinde yo\u011fun depo ve end\u00fcstriyel \u00e7al\u0131\u015fma ko\u015fullar\u0131nda g\u00fcvenilir ve uzun \u00f6m\u00fcrl\u00fc performans sunar. Sipari\u015f \u00f6ncesinde makine modeliniz ile par\u00e7a numaras\u0131n\u0131n uyumlulu\u011funun kontrol edilmesi \u00f6nerilir.<\/p>\n","protected":false},"featured_media":21247,"template":"","meta":[],"product_brand":[],"product_cat":[522,469],"product_tag":[],"class_list":{"0":"post-21246","1":"product","2":"type-product","3":"status-publish","4":"has-post-thumbnail","6":"product_cat-yedek-parca-jungheinrich","7":"product_cat-elektrik-ve-sistem-parcalari","9":"first","10":"instock","11":"taxable","12":"shipping-taxable","13":"purchasable","14":"product-type-simple"},"_links":{"self":[{"href":"https:\/\/ceoparts.com\/tr\/wp-json\/wp\/v2\/product\/21246","targetHints":{"allow":["GET"]}}],"collection":[{"href":"https:\/\/ceoparts.com\/tr\/wp-json\/wp\/v2\/product"}],"about":[{"href":"https:\/\/ceoparts.com\/tr\/wp-json\/wp\/v2\/types\/product"}],"wp:featuredmedia":[{"embeddable":true,"href":"https:\/\/ceoparts.com\/tr\/wp-json\/wp\/v2\/media\/21247"}],"wp:attachment":[{"href":"https:\/\/ceoparts.com\/tr\/wp-json\/wp\/v2\/media?parent=21246"}],"wp:term":[{"taxonomy":"product_brand","embeddable":true,"href":"https:\/\/ceoparts.com\/tr\/wp-json\/wp\/v2\/product_brand?post=21246"},{"taxonomy":"product_cat","embeddable":true,"href":"https:\/\/ceoparts.com\/tr\/wp-json\/wp\/v2\/product_cat?post=21246"},{"taxonomy":"product_tag","embeddable":true,"href":"https:\/\/ceoparts.com\/tr\/wp-json\/wp\/v2\/product_tag?post=21246"}],"curies":[{"name":"wp","href":"https:\/\/api.w.org\/{rel}","templated":true}]}}