{"id":21256,"date":"2026-04-03T15:42:09","date_gmt":"2026-04-03T12:42:09","guid":{"rendered":"https:\/\/ceoparts.com\/?post_type=product&#038;p=21256"},"modified":"2026-04-04T06:25:25","modified_gmt":"2026-04-04T03:25:25","slug":"linde-t16-kol-iskeleti-3095471916","status":"publish","type":"product","link":"https:\/\/ceoparts.com\/tr\/urun\/linde-t16-kol-iskeleti-3095471916\/","title":{"rendered":"Linde T16 Kol \u0130skeleti &#8211; 3095471916"},"content":{"rendered":"<p>Linde T16 Kol \u0130skeleti &#8211; 3095471916<\/p>","protected":false},"excerpt":{"rendered":"<p data-start=\"53\" data-end=\"580\"><strong data-start=\"53\" data-end=\"86\">Linde 3095471916 kol iskeleti<\/strong>, Linde T16 serisi elektrikli transpaletlerde kullan\u0131lan kumanda kolu (tiller) mekanizmas\u0131n\u0131n ana ta\u015f\u0131y\u0131c\u0131 g\u00f6vde par\u00e7as\u0131d\u0131r. Operat\u00f6r kumanda kolunun stabil \u015fekilde \u00e7al\u0131\u015fmas\u0131n\u0131 sa\u011flayarak s\u00fcr\u00fc\u015f, y\u00f6nlendirme ve kald\u0131rma fonksiyonlar\u0131n\u0131n g\u00fcvenli \u015fekilde kontrol edilmesine yard\u0131mc\u0131 olur. Sa\u011flam metal yap\u0131s\u0131 sayesinde yo\u011fun depo ve lojistik operasyonlar\u0131nda dayan\u0131kl\u0131 ve uzun \u00f6m\u00fcrl\u00fc kullan\u0131m sunar. Sipari\u015f \u00f6ncesinde makine modeliniz ile par\u00e7a numaras\u0131n\u0131n uyumlulu\u011funun kontrol edilmesi \u00f6nerilir.<\/p>\n<p data-start=\"582\" data-end=\"629\"><strong data-start=\"582\" data-end=\"606\">Kullan\u0131lan Modeller:<\/strong><br data-start=\"606\" data-end=\"609\" \/>Linde <strong data-start=\"615\" data-end=\"629\">3095471916<\/strong><\/p>\n<p data-start=\"631\" data-end=\"663\">1152 \u2013 <strong data-start=\"638\" data-end=\"663\">T16 \/ T18 \/ T20 \/ T25<\/strong><\/p>\n","protected":false},"featured_media":21257,"template":"","meta":[],"product_brand":[],"product_cat":[523,450],"product_tag":[],"class_list":{"0":"post-21256","1":"product","2":"type-product","3":"status-publish","4":"has-post-thumbnail","6":"product_cat-yedek-parca-linde","7":"product_cat-direksiyon-sistemleri","9":"first","10":"instock","11":"taxable","12":"shipping-taxable","13":"purchasable","14":"product-type-simple"},"_links":{"self":[{"href":"https:\/\/ceoparts.com\/tr\/wp-json\/wp\/v2\/product\/21256","targetHints":{"allow":["GET"]}}],"collection":[{"href":"https:\/\/ceoparts.com\/tr\/wp-json\/wp\/v2\/product"}],"about":[{"href":"https:\/\/ceoparts.com\/tr\/wp-json\/wp\/v2\/types\/product"}],"wp:featuredmedia":[{"embeddable":true,"href":"https:\/\/ceoparts.com\/tr\/wp-json\/wp\/v2\/media\/21257"}],"wp:attachment":[{"href":"https:\/\/ceoparts.com\/tr\/wp-json\/wp\/v2\/media?parent=21256"}],"wp:term":[{"taxonomy":"product_brand","embeddable":true,"href":"https:\/\/ceoparts.com\/tr\/wp-json\/wp\/v2\/product_brand?post=21256"},{"taxonomy":"product_cat","embeddable":true,"href":"https:\/\/ceoparts.com\/tr\/wp-json\/wp\/v2\/product_cat?post=21256"},{"taxonomy":"product_tag","embeddable":true,"href":"https:\/\/ceoparts.com\/tr\/wp-json\/wp\/v2\/product_tag?post=21256"}],"curies":[{"name":"wp","href":"https:\/\/api.w.org\/{rel}","templated":true}]}}