{"id":21417,"date":"2026-04-06T15:47:11","date_gmt":"2026-04-06T12:47:11","guid":{"rendered":"https:\/\/ceoparts.com\/?post_type=product&#038;p=21417"},"modified":"2026-04-08T15:30:51","modified_gmt":"2026-04-08T12:30:51","slug":"18x7-8-180-70-8-continental-siyah-dolgu-lastik","status":"publish","type":"product","link":"https:\/\/ceoparts.com\/tr\/urun\/18x7-8-180-70-8-continental-siyah-dolgu-lastik\/","title":{"rendered":"18&#215;7-8 (180\/70-8) Continental Forklift Siyah Dolgu Lasti\u011fi"},"content":{"rendered":"<p>18&#215;7-8 (180\/70-8) Continental Forklift Siyah Dolgu Lasti\u011fi<\/p>","protected":false},"excerpt":{"rendered":"<p data-start=\"9\" data-end=\"369\"><strong data-start=\"9\" data-end=\"42\">\u0130z B\u0131rakmayan Dolgu Lastikler<\/strong><br data-start=\"42\" data-end=\"45\" \/>\u0130z b\u0131rakmayan dolgu forklift lastikleri, \u00f6zellikle g\u0131da, ila\u00e7, lojistik merkezleri ve temiz zemin gerektiren i\u00e7 mekanlarda tercih edilir. Karbon siyah\u0131 i\u00e7ermeyen \u00f6zel kau\u00e7uk yap\u0131s\u0131 sayesinde zeminde iz b\u0131rakmaz ve \u00e7al\u0131\u015fma alan\u0131n\u0131n temiz kalmas\u0131n\u0131 sa\u011flar. Stabil s\u00fcr\u00fc\u015f, d\u00fc\u015f\u00fck titre\u015fim ve g\u00fcvenli y\u00fck ta\u015f\u0131ma performans\u0131 sunar.<\/p>\n<p data-start=\"371\" data-end=\"734\"><strong data-start=\"371\" data-end=\"396\">Siyah Dolgu Lastikler<\/strong><br data-start=\"396\" data-end=\"399\" \/>Siyah dolgu forklift lastikleri, karbon siyah\u0131 i\u00e7eren yap\u0131s\u0131 sayesinde y\u00fcksek a\u015f\u0131nma direnci, uzun kullan\u0131m \u00f6mr\u00fc ve a\u011f\u0131r y\u00fck alt\u0131nda g\u00fc\u00e7l\u00fc performans sa\u011flar. Ancak karbon siyah\u0131 i\u00e7eri\u011fi nedeniyle zemin \u00fczerinde siyah iz b\u0131rakabilir. Dayan\u0131kl\u0131l\u0131\u011f\u0131 ve maliyet avantaj\u0131 sayesinde depo ve end\u00fcstriyel alanlarda yayg\u0131n olarak tercih edilir.<\/p>\n<p data-start=\"736\" data-end=\"763\"><strong data-start=\"736\" data-end=\"763\">\u2193 Renk Se\u00e7imi Yap\u0131n\u0131z \u2193<\/strong><\/p>\n","protected":false},"featured_media":21415,"template":"","meta":[],"product_brand":[],"product_cat":[516,536],"product_tag":[],"class_list":{"0":"post-21417","1":"product","2":"type-product","3":"status-publish","4":"has-post-thumbnail","6":"product_cat-dolgu-lastikler","7":"product_cat-siyah-dolgu-lstikler","9":"first","10":"instock","11":"taxable","12":"shipping-taxable","13":"purchasable","14":"product-type-variable"},"_links":{"self":[{"href":"https:\/\/ceoparts.com\/tr\/wp-json\/wp\/v2\/product\/21417","targetHints":{"allow":["GET"]}}],"collection":[{"href":"https:\/\/ceoparts.com\/tr\/wp-json\/wp\/v2\/product"}],"about":[{"href":"https:\/\/ceoparts.com\/tr\/wp-json\/wp\/v2\/types\/product"}],"wp:featuredmedia":[{"embeddable":true,"href":"https:\/\/ceoparts.com\/tr\/wp-json\/wp\/v2\/media\/21415"}],"wp:attachment":[{"href":"https:\/\/ceoparts.com\/tr\/wp-json\/wp\/v2\/media?parent=21417"}],"wp:term":[{"taxonomy":"product_brand","embeddable":true,"href":"https:\/\/ceoparts.com\/tr\/wp-json\/wp\/v2\/product_brand?post=21417"},{"taxonomy":"product_cat","embeddable":true,"href":"https:\/\/ceoparts.com\/tr\/wp-json\/wp\/v2\/product_cat?post=21417"},{"taxonomy":"product_tag","embeddable":true,"href":"https:\/\/ceoparts.com\/tr\/wp-json\/wp\/v2\/product_tag?post=21417"}],"curies":[{"name":"wp","href":"https:\/\/api.w.org\/{rel}","templated":true}]}}