{"id":21474,"date":"2026-04-07T13:11:58","date_gmt":"2026-04-07T10:11:58","guid":{"rendered":"https:\/\/ceoparts.com\/?post_type=product&#038;p=21474"},"modified":"2026-04-08T17:05:16","modified_gmt":"2026-04-08T14:05:16","slug":"140-55-9-nexen-siyah-dolgu-lastik","status":"publish","type":"product","link":"https:\/\/ceoparts.com\/tr\/urun\/140-55-9-nexen-siyah-dolgu-lastik\/","title":{"rendered":"140\/55-9 Nexen Siyah Dolgu Lastik"},"content":{"rendered":"<p>140\/55-9 Nexen Siyah Dolgu Lastik<\/p>","protected":false},"excerpt":{"rendered":"<p data-start=\"488\" data-end=\"1042\"><strong data-start=\"488\" data-end=\"523\">Nexen dolgu forklift lastikleri<\/strong>, forklift ve end\u00fcstriyel ta\u015f\u0131ma ekipmanlar\u0131 i\u00e7in geli\u015ftirilmi\u015f y\u00fcksek dayan\u0131kl\u0131l\u0131\u011fa sahip premium lastiklerdir. \u00d6zel kau\u00e7uk bile\u015fimi ve g\u00fc\u00e7lendirilmi\u015f s\u0131rt yap\u0131s\u0131 sayesinde a\u011f\u0131r y\u00fck alt\u0131nda y\u00fcksek performans, uzun kullan\u0131m \u00f6mr\u00fc ve d\u00fc\u015f\u00fck a\u015f\u0131nma sa\u011flar. Geli\u015ftirilmi\u015f di\u015f ve oluk tasar\u0131m\u0131, titre\u015fim ve darbelere kar\u015f\u0131 dayan\u0131kl\u0131l\u0131k sunarken ayn\u0131 zamanda zeminde daha stabil bir s\u00fcr\u00fc\u015f sa\u011flar. Depo, lojistik merkezleri ve yo\u011fun end\u00fcstriyel \u00e7al\u0131\u015fma ortamlar\u0131 i\u00e7in ideal bir \u00e7\u00f6z\u00fcmd\u00fcr.<\/p>\n<p data-start=\"1044\" data-end=\"1068\"><strong data-start=\"1044\" data-end=\"1068\">\u00d6ne \u00c7\u0131kan \u00d6zellikler<\/strong><\/p>\n<ul data-start=\"1069\" data-end=\"1295\">\n<li data-section-id=\"1wfdq9w\" data-start=\"1069\" data-end=\"1120\">G\u00fc\u00e7lendirilmi\u015f s\u0131rt yap\u0131s\u0131 ile uzun lastik \u00f6mr\u00fc<\/li>\n<li data-section-id=\"rsjqdk\" data-start=\"1121\" data-end=\"1146\">Y\u00fcksek a\u015f\u0131nma direnci<\/li>\n<li data-section-id=\"1xltdvv\" data-start=\"1147\" data-end=\"1193\">Titre\u015fim ve darbelere kar\u015f\u0131 dayan\u0131kl\u0131 yap\u0131<\/li>\n<li data-section-id=\"13h1fk8\" data-start=\"1194\" data-end=\"1234\">Dengeli y\u00fck da\u011f\u0131l\u0131m\u0131 ve stabil s\u00fcr\u00fc\u015f<\/li>\n<li data-section-id=\"13h1fk8\" data-start=\"1194\" data-end=\"1234\">Forklift ve malzeme ta\u015f\u0131ma ekipmanlar\u0131 i\u00e7in ideal kullan\u0131m<\/li>\n<\/ul>\n","protected":false},"featured_media":21471,"template":"","meta":[],"product_brand":[],"product_cat":[516,536],"product_tag":[],"class_list":{"0":"post-21474","1":"product","2":"type-product","3":"status-publish","4":"has-post-thumbnail","6":"product_cat-dolgu-lastikler","7":"product_cat-siyah-dolgu-lstikler","9":"first","10":"instock","11":"taxable","12":"shipping-taxable","13":"purchasable","14":"product-type-variable"},"_links":{"self":[{"href":"https:\/\/ceoparts.com\/tr\/wp-json\/wp\/v2\/product\/21474","targetHints":{"allow":["GET"]}}],"collection":[{"href":"https:\/\/ceoparts.com\/tr\/wp-json\/wp\/v2\/product"}],"about":[{"href":"https:\/\/ceoparts.com\/tr\/wp-json\/wp\/v2\/types\/product"}],"wp:featuredmedia":[{"embeddable":true,"href":"https:\/\/ceoparts.com\/tr\/wp-json\/wp\/v2\/media\/21471"}],"wp:attachment":[{"href":"https:\/\/ceoparts.com\/tr\/wp-json\/wp\/v2\/media?parent=21474"}],"wp:term":[{"taxonomy":"product_brand","embeddable":true,"href":"https:\/\/ceoparts.com\/tr\/wp-json\/wp\/v2\/product_brand?post=21474"},{"taxonomy":"product_cat","embeddable":true,"href":"https:\/\/ceoparts.com\/tr\/wp-json\/wp\/v2\/product_cat?post=21474"},{"taxonomy":"product_tag","embeddable":true,"href":"https:\/\/ceoparts.com\/tr\/wp-json\/wp\/v2\/product_tag?post=21474"}],"curies":[{"name":"wp","href":"https:\/\/api.w.org\/{rel}","templated":true}]}}