{"id":21682,"date":"2026-04-18T09:25:10","date_gmt":"2026-04-18T06:25:10","guid":{"rendered":"https:\/\/ceoparts.com\/?post_type=product&#038;p=21682"},"modified":"2026-04-22T21:56:24","modified_gmt":"2026-04-22T18:56:24","slug":"bt-gosterge-7586000","status":"publish","type":"product","link":"https:\/\/ceoparts.com\/tr\/urun\/bt-gosterge-7586000\/","title":{"rendered":"BT G\u00f6sterge &#8211; 7586000"},"content":{"rendered":"<p>BT G\u00f6sterge &#8211; 7586000<\/p>","protected":false},"excerpt":{"rendered":"<p><strong data-start=\"36\" data-end=\"59\">BT 7586000 g\u00f6sterge<\/strong>, BT Toyota forklift ve depo ekipmanlar\u0131nda kullan\u0131lan \u00f6nemli bir kontrol ve bilgilendirme bile\u015fenidir. Operat\u00f6re makinenin \u00e7al\u0131\u015fma durumu, ak\u00fc seviyesi ve \u00e7e\u015fitli uyar\u0131 bilgilerini g\u00f6stererek g\u00fcvenli ve verimli kullan\u0131m sa\u011flar. Dayan\u0131kl\u0131 yap\u0131s\u0131 sayesinde yo\u011fun depo ve end\u00fcstriyel \u00e7al\u0131\u015fma ortamlar\u0131nda uzun \u00f6m\u00fcrl\u00fc ve g\u00fcvenilir performans sunar.<\/p>\n","protected":false},"featured_media":21685,"template":"","meta":[],"product_brand":[],"product_cat":[431],"product_tag":[],"class_list":{"0":"post-21682","1":"product","2":"type-product","3":"status-publish","4":"has-post-thumbnail","6":"product_cat-ekranlar-ve-kartlar","8":"first","9":"instock","10":"taxable","11":"shipping-taxable","12":"purchasable","13":"product-type-simple"},"_links":{"self":[{"href":"https:\/\/ceoparts.com\/tr\/wp-json\/wp\/v2\/product\/21682","targetHints":{"allow":["GET"]}}],"collection":[{"href":"https:\/\/ceoparts.com\/tr\/wp-json\/wp\/v2\/product"}],"about":[{"href":"https:\/\/ceoparts.com\/tr\/wp-json\/wp\/v2\/types\/product"}],"wp:featuredmedia":[{"embeddable":true,"href":"https:\/\/ceoparts.com\/tr\/wp-json\/wp\/v2\/media\/21685"}],"wp:attachment":[{"href":"https:\/\/ceoparts.com\/tr\/wp-json\/wp\/v2\/media?parent=21682"}],"wp:term":[{"taxonomy":"product_brand","embeddable":true,"href":"https:\/\/ceoparts.com\/tr\/wp-json\/wp\/v2\/product_brand?post=21682"},{"taxonomy":"product_cat","embeddable":true,"href":"https:\/\/ceoparts.com\/tr\/wp-json\/wp\/v2\/product_cat?post=21682"},{"taxonomy":"product_tag","embeddable":true,"href":"https:\/\/ceoparts.com\/tr\/wp-json\/wp\/v2\/product_tag?post=21682"}],"curies":[{"name":"wp","href":"https:\/\/api.w.org\/{rel}","templated":true}]}}