{"id":21686,"date":"2026-04-20T11:09:44","date_gmt":"2026-04-20T08:09:44","guid":{"rendered":"https:\/\/ceoparts.com\/?post_type=product&#038;p=21686"},"modified":"2026-04-22T23:33:31","modified_gmt":"2026-04-22T20:33:31","slug":"manuel-transpalet-kol-takimi","status":"publish","type":"product","link":"https:\/\/ceoparts.com\/tr\/urun\/manuel-transpalet-kol-takimi\/","title":{"rendered":"Manuel Transpalet Kol Tak\u0131m\u0131"},"content":{"rendered":"<p>Manuel Transpalet Kol Tak\u0131m\u0131<\/p>\n<p>Manuel Transpalet Kol Tak\u0131m\u0131<\/p>","protected":false},"excerpt":{"rendered":"<p><strong data-start=\"43\" data-end=\"75\">Manuel transpalet komple kol<\/strong>, manuel transpaletlerde y\u00f6nlendirme, s\u00fcr\u00fc\u015f ve kald\u0131rma i\u015flemlerinin kontrol edilmesini sa\u011flayan ana kumanda par\u00e7as\u0131d\u0131r. Ergonomik tasar\u0131m\u0131 sayesinde operat\u00f6r\u00fcn transpaleti kolay ve g\u00fcvenli \u015fekilde kullanmas\u0131na yard\u0131mc\u0131 olur. Dayan\u0131kl\u0131 metal g\u00f6vdesi ve sa\u011flam mekanizmas\u0131 sayesinde yo\u011fun depo, lojistik ve end\u00fcstriyel kullan\u0131m ko\u015fullar\u0131nda uzun \u00f6m\u00fcrl\u00fc ve g\u00fcvenilir performans sunar.<\/p>\n","protected":false},"featured_media":21690,"template":"","meta":[],"product_brand":[],"product_cat":[470],"product_tag":[],"class_list":{"0":"post-21686","1":"product","2":"type-product","3":"status-publish","4":"has-post-thumbnail","6":"product_cat-diger-yedek-parcalar","8":"first","9":"instock","10":"taxable","11":"shipping-taxable","12":"purchasable","13":"product-type-simple"},"_links":{"self":[{"href":"https:\/\/ceoparts.com\/tr\/wp-json\/wp\/v2\/product\/21686","targetHints":{"allow":["GET"]}}],"collection":[{"href":"https:\/\/ceoparts.com\/tr\/wp-json\/wp\/v2\/product"}],"about":[{"href":"https:\/\/ceoparts.com\/tr\/wp-json\/wp\/v2\/types\/product"}],"wp:featuredmedia":[{"embeddable":true,"href":"https:\/\/ceoparts.com\/tr\/wp-json\/wp\/v2\/media\/21690"}],"wp:attachment":[{"href":"https:\/\/ceoparts.com\/tr\/wp-json\/wp\/v2\/media?parent=21686"}],"wp:term":[{"taxonomy":"product_brand","embeddable":true,"href":"https:\/\/ceoparts.com\/tr\/wp-json\/wp\/v2\/product_brand?post=21686"},{"taxonomy":"product_cat","embeddable":true,"href":"https:\/\/ceoparts.com\/tr\/wp-json\/wp\/v2\/product_cat?post=21686"},{"taxonomy":"product_tag","embeddable":true,"href":"https:\/\/ceoparts.com\/tr\/wp-json\/wp\/v2\/product_tag?post=21686"}],"curies":[{"name":"wp","href":"https:\/\/api.w.org\/{rel}","templated":true}]}}