{"id":21691,"date":"2026-04-20T11:27:24","date_gmt":"2026-04-20T08:27:24","guid":{"rendered":"https:\/\/ceoparts.com\/?post_type=product&#038;p=21691"},"modified":"2026-04-23T01:10:18","modified_gmt":"2026-04-22T22:10:18","slug":"55x25-12-beyaz-poliamid-transpalet-tekeri","status":"publish","type":"product","link":"https:\/\/ceoparts.com\/tr\/urun\/55x25-12-beyaz-poliamid-transpalet-tekeri\/","title":{"rendered":"55&#215;25-12 Beyaz Poliamid Transpalet Tekeri"},"content":{"rendered":"<p>55&#215;25-12 Beyaz Poliamid Transpalet Tekeri<\/p>\n<p>55&#215;25-12 Beyaz Poliamid Transpalet Tekeri<\/p>","protected":false},"excerpt":{"rendered":"<p data-start=\"56\" data-end=\"432\"><strong data-start=\"56\" data-end=\"101\">55\u00d725-12 beyaz poliamid transpalet tekeri<\/strong>, manuel ve elektrikli transpaletlerde kullan\u0131lan dayan\u0131kl\u0131 bir y\u00fck tekeridir. Poliamid\u00a0 malzemeden \u00fcretilmi\u015f yap\u0131s\u0131 sayesinde y\u00fcksek y\u00fck ta\u015f\u0131ma kapasitesi, d\u00fc\u015f\u00fck s\u00fcrt\u00fcnme ve uzun kullan\u0131m \u00f6mr\u00fc sunar. Sert ve a\u015f\u0131nmaya dayan\u0131kl\u0131 yap\u0131s\u0131 ile depo, lojistik ve end\u00fcstriyel \u00e7al\u0131\u015fma ortamlar\u0131nda stabil ve verimli hareket sa\u011flar.<\/p>\n","protected":false},"featured_media":21694,"template":"","meta":[],"product_brand":[],"product_cat":[541],"product_tag":[],"class_list":{"0":"post-21691","1":"product","2":"type-product","3":"status-publish","4":"has-post-thumbnail","6":"product_cat-poliamid-transpalet-tekeri","8":"first","9":"instock","10":"taxable","11":"shipping-taxable","12":"purchasable","13":"product-type-simple"},"_links":{"self":[{"href":"https:\/\/ceoparts.com\/tr\/wp-json\/wp\/v2\/product\/21691","targetHints":{"allow":["GET"]}}],"collection":[{"href":"https:\/\/ceoparts.com\/tr\/wp-json\/wp\/v2\/product"}],"about":[{"href":"https:\/\/ceoparts.com\/tr\/wp-json\/wp\/v2\/types\/product"}],"wp:featuredmedia":[{"embeddable":true,"href":"https:\/\/ceoparts.com\/tr\/wp-json\/wp\/v2\/media\/21694"}],"wp:attachment":[{"href":"https:\/\/ceoparts.com\/tr\/wp-json\/wp\/v2\/media?parent=21691"}],"wp:term":[{"taxonomy":"product_brand","embeddable":true,"href":"https:\/\/ceoparts.com\/tr\/wp-json\/wp\/v2\/product_brand?post=21691"},{"taxonomy":"product_cat","embeddable":true,"href":"https:\/\/ceoparts.com\/tr\/wp-json\/wp\/v2\/product_cat?post=21691"},{"taxonomy":"product_tag","embeddable":true,"href":"https:\/\/ceoparts.com\/tr\/wp-json\/wp\/v2\/product_tag?post=21691"}],"curies":[{"name":"wp","href":"https:\/\/api.w.org\/{rel}","templated":true}]}}