{"id":21695,"date":"2026-04-20T11:39:26","date_gmt":"2026-04-20T08:39:26","guid":{"rendered":"https:\/\/ceoparts.com\/?post_type=product&#038;p=21695"},"modified":"2026-04-23T02:50:10","modified_gmt":"2026-04-22T23:50:10","slug":"jungheinrich-securon-emniyet-kemeri-turuncu-51271772","status":"publish","type":"product","link":"https:\/\/ceoparts.com\/tr\/urun\/jungheinrich-securon-emniyet-kemeri-turuncu-51271772\/","title":{"rendered":"Jungheinrich Securon Emniyet Kemeri Turuncu &#8211; 51271772"},"content":{"rendered":"<p>Jungheinrich Securon Emniyet Kemeri Turuncu &#8211; 51271772<\/p>","protected":false},"excerpt":{"rendered":"<p data-start=\"9\" data-end=\"67\"><strong data-start=\"9\" data-end=\"67\">Jungheinrich Securon Emniyet Kemeri Turuncu \u2013 51271772<\/strong><\/p>\n<p data-start=\"69\" data-end=\"679\"><strong data-start=\"69\" data-end=\"117\">Jungheinrich 51271772 Securon emniyet kemeri<\/strong>, forklift ve depo ekipmanlar\u0131nda operat\u00f6r g\u00fcvenli\u011fini art\u0131rmak amac\u0131yla kullan\u0131lan \u00f6nemli bir g\u00fcvenlik bile\u015fenidir. Operat\u00f6r\u00fcn koltuk \u00fczerinde sabit kalmas\u0131n\u0131 sa\u011flayarak ani hareketlerde veya devrilme risklerinde yaralanmalar\u0131 \u00f6nlemeye yard\u0131mc\u0131 olur. Dayan\u0131kl\u0131 dokuma kay\u0131\u015f\u0131 ve sa\u011flam kilit mekanizmas\u0131 sayesinde yo\u011fun end\u00fcstriyel \u00e7al\u0131\u015fma ko\u015fullar\u0131nda g\u00fcvenilir ve uzun \u00f6m\u00fcrl\u00fc kullan\u0131m sunar. Securon emniyet kemerleri, otomotiv ve end\u00fcstriyel sekt\u00f6rlerde uluslararas\u0131 g\u00fcvenlik standartlar\u0131na uygun olarak \u00fcretilmektedir.<\/p>\n","protected":false},"featured_media":21700,"template":"","meta":[],"product_brand":[],"product_cat":[453],"product_tag":[],"class_list":{"0":"post-21695","1":"product","2":"type-product","3":"status-publish","4":"has-post-thumbnail","6":"product_cat-emniyet-kemerleri","8":"first","9":"instock","10":"taxable","11":"shipping-taxable","12":"purchasable","13":"product-type-simple"},"_links":{"self":[{"href":"https:\/\/ceoparts.com\/tr\/wp-json\/wp\/v2\/product\/21695","targetHints":{"allow":["GET"]}}],"collection":[{"href":"https:\/\/ceoparts.com\/tr\/wp-json\/wp\/v2\/product"}],"about":[{"href":"https:\/\/ceoparts.com\/tr\/wp-json\/wp\/v2\/types\/product"}],"wp:featuredmedia":[{"embeddable":true,"href":"https:\/\/ceoparts.com\/tr\/wp-json\/wp\/v2\/media\/21700"}],"wp:attachment":[{"href":"https:\/\/ceoparts.com\/tr\/wp-json\/wp\/v2\/media?parent=21695"}],"wp:term":[{"taxonomy":"product_brand","embeddable":true,"href":"https:\/\/ceoparts.com\/tr\/wp-json\/wp\/v2\/product_brand?post=21695"},{"taxonomy":"product_cat","embeddable":true,"href":"https:\/\/ceoparts.com\/tr\/wp-json\/wp\/v2\/product_cat?post=21695"},{"taxonomy":"product_tag","embeddable":true,"href":"https:\/\/ceoparts.com\/tr\/wp-json\/wp\/v2\/product_tag?post=21695"}],"curies":[{"name":"wp","href":"https:\/\/api.w.org\/{rel}","templated":true}]}}