{"id":21701,"date":"2026-04-20T12:00:28","date_gmt":"2026-04-20T09:00:28","guid":{"rendered":"https:\/\/ceoparts.com\/?post_type=product&#038;p=21701"},"modified":"2026-04-23T04:39:31","modified_gmt":"2026-04-23T01:39:31","slug":"bt-lpe200-diferansiyel-7979315-7540136","status":"publish","type":"product","link":"https:\/\/ceoparts.com\/tr\/urun\/bt-lpe200-diferansiyel-7979315-7540136\/","title":{"rendered":"BT \/ LPE200 Diferansiyel &#8211; 7979315, 7540136"},"content":{"rendered":"<p>BT \/ LPE200 Diferansiyel &#8211; 7979315, 7540136<\/p>","protected":false},"excerpt":{"rendered":"<p data-start=\"59\" data-end=\"432\"><strong data-start=\"59\" data-end=\"96\">BT 7979315 \/ 7540136 diferansiyel<\/strong>, BT Toyota elektrikli transpaletlerin y\u00fcr\u00fcy\u00fc\u015f ve tahrik sisteminde kullan\u0131lan \u00f6nemli bir aktarma organ\u0131d\u0131r. Motor g\u00fcc\u00fcn\u00fc tekerleklere dengeli \u015fekilde ileterek makinenin stabil, kontroll\u00fc ve verimli hareket etmesini sa\u011flar. Sa\u011flam di\u015fli yap\u0131s\u0131 sayesinde yo\u011fun depo ve lojistik operasyonlar\u0131nda uzun \u00f6m\u00fcrl\u00fc ve g\u00fcvenilir performans sunar.<\/p>\n<p data-start=\"434\" data-end=\"487\"><strong data-start=\"434\" data-end=\"458\">Kullan\u0131lan Modeller:<\/strong><br data-start=\"458\" data-end=\"461\" \/>BT <strong data-start=\"464\" data-end=\"485\">7979315 \/ 7540136<\/strong><\/p>\n<p data-start=\"489\" data-end=\"537\">BT <strong data-start=\"492\" data-end=\"502\">LPE200<\/strong> platformlu elektrikli transpalet<\/p>\n","protected":false},"featured_media":21707,"template":"","meta":[],"product_brand":[],"product_cat":[470],"product_tag":[],"class_list":{"0":"post-21701","1":"product","2":"type-product","3":"status-publish","4":"has-post-thumbnail","6":"product_cat-diger-yedek-parcalar","8":"first","9":"instock","10":"taxable","11":"shipping-taxable","12":"purchasable","13":"product-type-simple"},"_links":{"self":[{"href":"https:\/\/ceoparts.com\/tr\/wp-json\/wp\/v2\/product\/21701","targetHints":{"allow":["GET"]}}],"collection":[{"href":"https:\/\/ceoparts.com\/tr\/wp-json\/wp\/v2\/product"}],"about":[{"href":"https:\/\/ceoparts.com\/tr\/wp-json\/wp\/v2\/types\/product"}],"wp:featuredmedia":[{"embeddable":true,"href":"https:\/\/ceoparts.com\/tr\/wp-json\/wp\/v2\/media\/21707"}],"wp:attachment":[{"href":"https:\/\/ceoparts.com\/tr\/wp-json\/wp\/v2\/media?parent=21701"}],"wp:term":[{"taxonomy":"product_brand","embeddable":true,"href":"https:\/\/ceoparts.com\/tr\/wp-json\/wp\/v2\/product_brand?post=21701"},{"taxonomy":"product_cat","embeddable":true,"href":"https:\/\/ceoparts.com\/tr\/wp-json\/wp\/v2\/product_cat?post=21701"},{"taxonomy":"product_tag","embeddable":true,"href":"https:\/\/ceoparts.com\/tr\/wp-json\/wp\/v2\/product_tag?post=21701"}],"curies":[{"name":"wp","href":"https:\/\/api.w.org\/{rel}","templated":true}]}}