{"id":21708,"date":"2026-04-20T13:06:48","date_gmt":"2026-04-20T10:06:48","guid":{"rendered":"https:\/\/ceoparts.com\/?post_type=product&#038;p=21708"},"modified":"2026-04-23T06:30:14","modified_gmt":"2026-04-23T03:30:14","slug":"bt-lwe160-gobek-rulmani-7731656","status":"publish","type":"product","link":"https:\/\/ceoparts.com\/tr\/urun\/bt-lwe160-gobek-rulmani-7731656\/","title":{"rendered":"BT \/ LWE160 G\u00f6bek Rulman\u0131 &#8211; 7731656"},"content":{"rendered":"<p>BT \/ LWE160 G\u00f6bek Rulman\u0131 &#8211; 7731656<\/p>\n<p>BT \/ LWE160 G\u00f6bek Rulman\u0131 &#8211; 7731656<\/p>","protected":false},"excerpt":{"rendered":"<p data-start=\"50\" data-end=\"469\"><strong data-start=\"50\" data-end=\"78\">BT 7731656 g\u00f6bek rulman\u0131<\/strong>, BT Toyota LWE160 elektrikli transpaletlerin y\u00fcr\u00fcy\u00fc\u015f ve tekerlek sisteminde kullan\u0131lan \u00f6nemli bir mekanik bile\u015fendir. Tekerleklerin d\u00fczg\u00fcn ve d\u00fc\u015f\u00fck s\u00fcrt\u00fcnmeyle d\u00f6nmesini sa\u011flayarak makinenin stabil ve verimli hareket etmesine yard\u0131mc\u0131 olur. Dayan\u0131kl\u0131 yap\u0131s\u0131 sayesinde yo\u011fun depo ve lojistik operasyonlar\u0131nda uzun \u00f6m\u00fcrl\u00fc ve g\u00fcvenilir performans sunar.<\/p>\n<p data-start=\"471\" data-end=\"552\"><strong data-start=\"471\" data-end=\"495\">Kullan\u0131lan Modeller:<\/strong><br data-start=\"495\" data-end=\"498\" \/>BT <strong data-start=\"501\" data-end=\"512\">7731656<\/strong><br data-start=\"512\" data-end=\"515\" \/>BT <strong data-start=\"518\" data-end=\"528\">LWE160<\/strong> elektrikli transpalet<\/p>\n","protected":false},"featured_media":21717,"template":"","meta":[],"product_brand":[],"product_cat":[459],"product_tag":[],"class_list":{"0":"post-21708","1":"product","2":"type-product","3":"status-publish","4":"has-post-thumbnail","6":"product_cat-gobek-rulmanlar","8":"first","9":"instock","10":"taxable","11":"shipping-taxable","12":"purchasable","13":"product-type-simple"},"_links":{"self":[{"href":"https:\/\/ceoparts.com\/tr\/wp-json\/wp\/v2\/product\/21708","targetHints":{"allow":["GET"]}}],"collection":[{"href":"https:\/\/ceoparts.com\/tr\/wp-json\/wp\/v2\/product"}],"about":[{"href":"https:\/\/ceoparts.com\/tr\/wp-json\/wp\/v2\/types\/product"}],"wp:featuredmedia":[{"embeddable":true,"href":"https:\/\/ceoparts.com\/tr\/wp-json\/wp\/v2\/media\/21717"}],"wp:attachment":[{"href":"https:\/\/ceoparts.com\/tr\/wp-json\/wp\/v2\/media?parent=21708"}],"wp:term":[{"taxonomy":"product_brand","embeddable":true,"href":"https:\/\/ceoparts.com\/tr\/wp-json\/wp\/v2\/product_brand?post=21708"},{"taxonomy":"product_cat","embeddable":true,"href":"https:\/\/ceoparts.com\/tr\/wp-json\/wp\/v2\/product_cat?post=21708"},{"taxonomy":"product_tag","embeddable":true,"href":"https:\/\/ceoparts.com\/tr\/wp-json\/wp\/v2\/product_tag?post=21708"}],"curies":[{"name":"wp","href":"https:\/\/api.w.org\/{rel}","templated":true}]}}