{"id":21721,"date":"2026-04-20T13:45:32","date_gmt":"2026-04-20T10:45:32","guid":{"rendered":"https:\/\/ceoparts.com\/?post_type=product&#038;p=21721"},"modified":"2026-04-23T08:22:11","modified_gmt":"2026-04-23T05:22:11","slug":"bt-spe160-gobek-rulmani-disli-7568817","status":"publish","type":"product","link":"https:\/\/ceoparts.com\/tr\/urun\/bt-spe160-gobek-rulmani-disli-7568817\/","title":{"rendered":"BT \/ SPE160 G\u00f6bek Rulman\u0131 Di\u015fli &#8211; 7568817"},"content":{"rendered":"<p>BT \/ SPE160 G\u00f6bek Rulman\u0131 Di\u015fli &#8211; 7568817<\/p>","protected":false},"excerpt":{"rendered":"<p data-start=\"56\" data-end=\"514\"><strong data-start=\"56\" data-end=\"90\">BT 7568817 g\u00f6bek rulman\u0131 di\u015fli<\/strong>, BT Toyota SPE160 istif makinelerinin y\u00fcr\u00fcy\u00fc\u015f ve tahrik sisteminde kullan\u0131lan \u00f6nemli bir aktarma bile\u015fenidir. Diferansiyel ve y\u00fcr\u00fcy\u00fc\u015f mekanizmas\u0131 i\u00e7inde yer alarak tekerleklerin dengeli ve d\u00fc\u015f\u00fck s\u00fcrt\u00fcnmeyle d\u00f6nmesini sa\u011flar. Sa\u011flam di\u015fli yap\u0131s\u0131 sayesinde a\u011f\u0131r y\u00fck alt\u0131nda stabil hareket, g\u00fcvenilir performans ve uzun kullan\u0131m \u00f6mr\u00fc sunar. Yo\u011fun depo ve lojistik operasyonlar\u0131nda makinenin verimli \u00e7al\u0131\u015fmas\u0131na katk\u0131 sa\u011flar.<\/p>\n<p data-start=\"516\" data-end=\"559\"><strong data-start=\"516\" data-end=\"540\">Kullan\u0131lan Modeller:<\/strong><br data-start=\"540\" data-end=\"543\" \/>BT <strong data-start=\"546\" data-end=\"557\">7568817<\/strong><\/p>\n<p data-start=\"561\" data-end=\"591\">BT <strong data-start=\"564\" data-end=\"574\">SPE160<\/strong> istif makinesi<\/p>\n","protected":false},"featured_media":21722,"template":"","meta":[],"product_brand":[],"product_cat":[459],"product_tag":[],"class_list":{"0":"post-21721","1":"product","2":"type-product","3":"status-publish","4":"has-post-thumbnail","6":"product_cat-gobek-rulmanlar","8":"first","9":"instock","10":"taxable","11":"shipping-taxable","12":"purchasable","13":"product-type-simple"},"_links":{"self":[{"href":"https:\/\/ceoparts.com\/tr\/wp-json\/wp\/v2\/product\/21721","targetHints":{"allow":["GET"]}}],"collection":[{"href":"https:\/\/ceoparts.com\/tr\/wp-json\/wp\/v2\/product"}],"about":[{"href":"https:\/\/ceoparts.com\/tr\/wp-json\/wp\/v2\/types\/product"}],"wp:featuredmedia":[{"embeddable":true,"href":"https:\/\/ceoparts.com\/tr\/wp-json\/wp\/v2\/media\/21722"}],"wp:attachment":[{"href":"https:\/\/ceoparts.com\/tr\/wp-json\/wp\/v2\/media?parent=21721"}],"wp:term":[{"taxonomy":"product_brand","embeddable":true,"href":"https:\/\/ceoparts.com\/tr\/wp-json\/wp\/v2\/product_brand?post=21721"},{"taxonomy":"product_cat","embeddable":true,"href":"https:\/\/ceoparts.com\/tr\/wp-json\/wp\/v2\/product_cat?post=21721"},{"taxonomy":"product_tag","embeddable":true,"href":"https:\/\/ceoparts.com\/tr\/wp-json\/wp\/v2\/product_tag?post=21721"}],"curies":[{"name":"wp","href":"https:\/\/api.w.org\/{rel}","templated":true}]}}