{"id":21726,"date":"2026-04-20T13:56:19","date_gmt":"2026-04-20T10:56:19","guid":{"rendered":"https:\/\/ceoparts.com\/?post_type=product&#038;p=21726"},"modified":"2026-04-23T09:59:24","modified_gmt":"2026-04-23T06:59:24","slug":"grammer-lever-1066628","status":"publish","type":"product","link":"https:\/\/ceoparts.com\/tr\/urun\/grammer-lever-1066628\/","title":{"rendered":"GRAMMER Lever &#8211; 1066628"},"content":{"rendered":"<p>GRAMMER Lever &#8211; 1066628<\/p>","protected":false},"excerpt":{"rendered":"<p><strong data-start=\"44\" data-end=\"75\">Grammer 1066628 kol (lever)<\/strong>, Grammer operat\u00f6r koltuklar\u0131nda kullan\u0131lan \u00f6nemli bir ayar mekanizmas\u0131 par\u00e7as\u0131d\u0131r. Koltu\u011fun belirli fonksiyonlar\u0131n\u0131n (y\u00fckseklik, konum veya s\u00fcspansiyon ayar\u0131 gibi) kontrol edilmesini sa\u011flayarak operat\u00f6r\u00fcn daha ergonomik ve konforlu bir oturma pozisyonu elde etmesine yard\u0131mc\u0131 olur. Dayan\u0131kl\u0131 yap\u0131s\u0131 sayesinde forklift ve end\u00fcstriyel ara\u00e7larda yo\u011fun kullan\u0131m ko\u015fullar\u0131nda g\u00fcvenilir ve uzun \u00f6m\u00fcrl\u00fc performans sunar.<\/p>\n","protected":false},"featured_media":21727,"template":"","meta":[],"product_brand":[],"product_cat":[470],"product_tag":[],"class_list":{"0":"post-21726","1":"product","2":"type-product","3":"status-publish","4":"has-post-thumbnail","6":"product_cat-diger-yedek-parcalar","8":"first","9":"instock","10":"taxable","11":"shipping-taxable","12":"purchasable","13":"product-type-simple"},"_links":{"self":[{"href":"https:\/\/ceoparts.com\/tr\/wp-json\/wp\/v2\/product\/21726","targetHints":{"allow":["GET"]}}],"collection":[{"href":"https:\/\/ceoparts.com\/tr\/wp-json\/wp\/v2\/product"}],"about":[{"href":"https:\/\/ceoparts.com\/tr\/wp-json\/wp\/v2\/types\/product"}],"wp:featuredmedia":[{"embeddable":true,"href":"https:\/\/ceoparts.com\/tr\/wp-json\/wp\/v2\/media\/21727"}],"wp:attachment":[{"href":"https:\/\/ceoparts.com\/tr\/wp-json\/wp\/v2\/media?parent=21726"}],"wp:term":[{"taxonomy":"product_brand","embeddable":true,"href":"https:\/\/ceoparts.com\/tr\/wp-json\/wp\/v2\/product_brand?post=21726"},{"taxonomy":"product_cat","embeddable":true,"href":"https:\/\/ceoparts.com\/tr\/wp-json\/wp\/v2\/product_cat?post=21726"},{"taxonomy":"product_tag","embeddable":true,"href":"https:\/\/ceoparts.com\/tr\/wp-json\/wp\/v2\/product_tag?post=21726"}],"curies":[{"name":"wp","href":"https:\/\/api.w.org\/{rel}","templated":true}]}}