{"id":21747,"date":"2026-04-20T15:42:43","date_gmt":"2026-04-20T12:42:43","guid":{"rendered":"https:\/\/ceoparts.com\/?post_type=product&#038;p=21747"},"modified":"2026-04-23T14:46:04","modified_gmt":"2026-04-23T11:46:04","slug":"jungheinrich-takoz-51161690","status":"publish","type":"product","link":"https:\/\/ceoparts.com\/tr\/urun\/jungheinrich-takoz-51161690\/","title":{"rendered":"Jungheinrich Takoz &#8211; 51161690"},"content":{"rendered":"<p>Jungheinrich Takoz &#8211; 51161690<\/p>","protected":false},"excerpt":{"rendered":"<p data-start=\"42\" data-end=\"723\"><strong data-start=\"42\" data-end=\"73\">Jungheinrich 51161690 takoz<\/strong>, forklift ve istif makinelerinde titre\u015fim s\u00f6n\u00fcmleme ve mekanik darbe emilimi amac\u0131yla kullan\u0131lan bir \u015fase veya mekanik destek par\u00e7as\u0131d\u0131r. Kau\u00e7uk veya elastomer yap\u0131s\u0131 sayesinde \u00e7al\u0131\u015fma s\u0131ras\u0131nda olu\u015fan titre\u015fimleri ve darbeleri absorbe ederek makinenin daha stabil \u00e7al\u0131\u015fmas\u0131na yard\u0131mc\u0131 olur. Bu par\u00e7a, ilgili mekanik bile\u015fenlerin korunmas\u0131n\u0131 sa\u011flayarak ekipman \u00f6mr\u00fcn\u00fc uzat\u0131r ve operasyon s\u0131ras\u0131nda olu\u015fabilecek g\u00fcr\u00fclt\u00fc ile mekanik a\u015f\u0131nmay\u0131 azalt\u0131r. Jungheinrich forklift ve depo ekipmanlar\u0131nda kullan\u0131lan orijinal yedek par\u00e7alar, makinenin performans\u0131n\u0131 ve g\u00fcvenli\u011fini korumak i\u00e7in \u00f6zel olarak tasarlanm\u0131\u015ft\u0131r.<\/p>\n<p data-start=\"725\" data-end=\"1008\"><strong data-start=\"725\" data-end=\"740\">\u00d6zellikler:<\/strong><br data-start=\"740\" data-end=\"743\" \/>\u00dcr\u00fcn Ad\u0131: Jungheinrich Takoz<br data-start=\"771\" data-end=\"774\" \/>Par\u00e7a Kodu: 51161690<br data-start=\"794\" data-end=\"797\" \/>Malzeme: Kau\u00e7uk \/ elastomer titre\u015fim s\u00f6n\u00fcmleyici yap\u0131<br data-start=\"850\" data-end=\"853\" \/>Kullan\u0131m Alan\u0131: Forklift ve istif makinelerinde titre\u015fim ve darbe emilimi<br data-start=\"926\" data-end=\"929\" \/>Avantaj: Titre\u015fim azaltma, mekanik koruma, stabil \u00e7al\u0131\u015fma ve uzun servis \u00f6mr\u00fc<\/p>\n","protected":false},"featured_media":21749,"template":"","meta":[],"product_brand":[],"product_cat":[470],"product_tag":[],"class_list":{"0":"post-21747","1":"product","2":"type-product","3":"status-publish","4":"has-post-thumbnail","6":"product_cat-diger-yedek-parcalar","8":"first","9":"instock","10":"taxable","11":"shipping-taxable","12":"purchasable","13":"product-type-simple"},"_links":{"self":[{"href":"https:\/\/ceoparts.com\/tr\/wp-json\/wp\/v2\/product\/21747","targetHints":{"allow":["GET"]}}],"collection":[{"href":"https:\/\/ceoparts.com\/tr\/wp-json\/wp\/v2\/product"}],"about":[{"href":"https:\/\/ceoparts.com\/tr\/wp-json\/wp\/v2\/types\/product"}],"wp:featuredmedia":[{"embeddable":true,"href":"https:\/\/ceoparts.com\/tr\/wp-json\/wp\/v2\/media\/21749"}],"wp:attachment":[{"href":"https:\/\/ceoparts.com\/tr\/wp-json\/wp\/v2\/media?parent=21747"}],"wp:term":[{"taxonomy":"product_brand","embeddable":true,"href":"https:\/\/ceoparts.com\/tr\/wp-json\/wp\/v2\/product_brand?post=21747"},{"taxonomy":"product_cat","embeddable":true,"href":"https:\/\/ceoparts.com\/tr\/wp-json\/wp\/v2\/product_cat?post=21747"},{"taxonomy":"product_tag","embeddable":true,"href":"https:\/\/ceoparts.com\/tr\/wp-json\/wp\/v2\/product_tag?post=21747"}],"curies":[{"name":"wp","href":"https:\/\/api.w.org\/{rel}","templated":true}]}}