{"id":21752,"date":"2026-04-20T15:53:08","date_gmt":"2026-04-20T12:53:08","guid":{"rendered":"https:\/\/ceoparts.com\/?post_type=product&#038;p=21752"},"modified":"2026-04-23T16:18:55","modified_gmt":"2026-04-23T13:18:55","slug":"230x70-45-blickle-kanalli-yuruyus-tekeri-0009903819","status":"publish","type":"product","link":"https:\/\/ceoparts.com\/tr\/urun\/230x70-45-blickle-kanalli-yuruyus-tekeri-0009903819\/","title":{"rendered":"230\u00d770-45 Blickle Kanall\u0131 Y\u00fcr\u00fcy\u00fc\u015f Tekeri \u2013 0009903819"},"content":{"rendered":"<p>230\u00d770-45 Blickle Kanall\u0131 Y\u00fcr\u00fcy\u00fc\u015f Tekeri \u2013 0009903819<\/p>\n<p>LINDE 0009903819, 0009934071<\/p>\n<p>1151\u00a0T16\/T16P\/T20\/T20P<br \/>\n1152\u00a0T16\/T18\/T20\/T16L<br \/>\n1160\u00a0D06\/D08<br \/>\n1169\u00a0L10\/L12\/L14C<br \/>\n1169\u00a0L10P\/L12P\/L14P<br \/>\n1172\u00a0L10\/L12\/L12i<\/p>\n<p>Still 4359920 4400716<\/p>\n<p>EXU<br \/>\nEXU AC16 (0143, 0150, 0151, 0152)<br \/>\nEXU AC18 (0143, 0150, 0151, 0152)<br \/>\nEXU AC20 (0143, 0150, 0151, 0152)<br \/>\nEXU AC22 (0143, 0150, 0151, 0152)<br \/>\nEXU LINDE USA (0147)<br \/>\nEXU-H (0202)<br \/>\nEXU-H AC (0203)<br \/>\nEXU-H AC Autolift (0161, 0162, 0163)<br \/>\nEXU-SF20 (0160, 0179)<br \/>\nEXU-SF20 09\/2013-&gt;<br \/>\nEXV<br \/>\nEXV10 (4572) 02\/2015-&gt;<br \/>\nEXV10BASIC (4572) 02\/2015-&gt;<br \/>\nEXV12 (4572) 02\/2015-&gt;<br \/>\nEXV12I (4572) 02\/2015-&gt;<br \/>\nEXV14C (4572) 02\/2015-&gt;<br \/>\nEXV14IC (4572) 02\/2015-&gt;<br \/>\nEXVBasic (0251, 0252, 0253, 0254)<br \/>\nEXVBasic (0270, 0271, 0272, 0273) 01\/2013-&gt;<br \/>\nEXD<br \/>\nEXD-SF20 (0260,0261, 0283, 0284)<br \/>\nEXD-SF20 (0283, 0284)<br \/>\nEXD18 (0285, 0286)<br \/>\nEXD20 (0260,0261, 0283, 0284)<br \/>\nEXD20 (0283, 0284)<br \/>\nEGU<br \/>\nEGU 16 (0115, 0117, 0119, 0125)<br \/>\nEGU 18 (0115, 0117, 0119, 0125)<br \/>\nEGU 20 (0115, 0117, 0119, 0125)<br \/>\nEGU 20-S (0115, 0117, 0119, 0125)<br \/>\nEGU-H (0201)<br \/>\nEGU20 (0122)<br \/>\nEGU20S (0123)<br \/>\nEGV<br \/>\nEGV14 (0248,0250)<br \/>\nEGV16 (0248,0250)<br \/>\nLTX<br \/>\nLTX-T04<br \/>\nLTX20<br \/>\nTSD<br \/>\nTSD-SF20<br \/>\nTSD20<br \/>\nEGD<br \/>\nEGD16 (0219)<br \/>\nCL<br \/>\nCL10 Basic (4572) 01\/2013 -&gt;<br \/>\nCL12 Basic (4572) 01\/2013-&gt;<br \/>\nCL12i Basic (4572) 01\/2013-&gt;<\/p>","protected":false},"excerpt":{"rendered":"<p data-start=\"66\" data-end=\"570\"><strong data-start=\"66\" data-end=\"110\">230\u00d770-45 Blickle kanall\u0131 y\u00fcr\u00fcy\u00fc\u015f tekeri<\/strong>, forklift ve depo ekipmanlar\u0131nda kullan\u0131lan y\u00fcksek performansl\u0131 bir tahrik\/y\u00fcr\u00fcy\u00fc\u015f tekeridir. Blickle taraf\u0131ndan \u00fcretilen poli\u00fcretan kaplama, y\u00fcksek a\u015f\u0131nma direnci, y\u00fcksek ta\u015f\u0131ma kapasitesi ve uzun kullan\u0131m \u00f6mr\u00fc sunar. Kanall\u0131 (oluklu) tasar\u0131m\u0131 sayesinde y\u00fcr\u00fcy\u00fc\u015f sisteminde daha dengeli g\u00fc\u00e7 aktar\u0131m\u0131 sa\u011flar ve tekerin mil veya tahrik mekanizmas\u0131na uyumunu art\u0131r\u0131r. End\u00fcstriyel kullan\u0131m ko\u015fullar\u0131nda stabil s\u00fcr\u00fc\u015f, d\u00fc\u015f\u00fck titre\u015fim ve g\u00fcvenilir performans sa\u011flar.<\/p>\n<p data-start=\"572\" data-end=\"867\"><strong data-start=\"572\" data-end=\"587\">\u00d6zellikler:<\/strong><br data-start=\"587\" data-end=\"590\" \/>\u00dcr\u00fcn Ad\u0131: 230\u00d770-45 Blickle Kanall\u0131 Y\u00fcr\u00fcy\u00fc\u015f Tekeri<br data-start=\"640\" data-end=\"643\" \/>Par\u00e7a Kodu: 0009903819<br data-start=\"665\" data-end=\"668\" \/>Malzeme: Poli\u00fcretan kaplama, \u00e7elik g\u00f6bek<br data-start=\"708\" data-end=\"711\" \/>Kullan\u0131m Alan\u0131: Forklift ve end\u00fcstriyel ta\u015f\u0131ma ekipmanlar\u0131 y\u00fcr\u00fcy\u00fc\u015f tekeri<br data-start=\"784\" data-end=\"787\" \/>Avantaj: Y\u00fcksek a\u015f\u0131nma direnci, stabil s\u00fcr\u00fc\u015f, uzun servis \u00f6mr\u00fc ve dayan\u0131kl\u0131 yap\u0131<\/p>\n","protected":false},"featured_media":21754,"template":"","meta":[],"product_brand":[],"product_cat":[503,193],"product_tag":[],"class_list":{"0":"post-21752","1":"product","2":"type-product","3":"status-publish","4":"has-post-thumbnail","6":"product_cat-yuruyus-tekeri-blickle","7":"product_cat-yuruyus-tekeri","9":"first","10":"instock","11":"taxable","12":"shipping-taxable","13":"purchasable","14":"product-type-simple"},"_links":{"self":[{"href":"https:\/\/ceoparts.com\/tr\/wp-json\/wp\/v2\/product\/21752","targetHints":{"allow":["GET"]}}],"collection":[{"href":"https:\/\/ceoparts.com\/tr\/wp-json\/wp\/v2\/product"}],"about":[{"href":"https:\/\/ceoparts.com\/tr\/wp-json\/wp\/v2\/types\/product"}],"wp:featuredmedia":[{"embeddable":true,"href":"https:\/\/ceoparts.com\/tr\/wp-json\/wp\/v2\/media\/21754"}],"wp:attachment":[{"href":"https:\/\/ceoparts.com\/tr\/wp-json\/wp\/v2\/media?parent=21752"}],"wp:term":[{"taxonomy":"product_brand","embeddable":true,"href":"https:\/\/ceoparts.com\/tr\/wp-json\/wp\/v2\/product_brand?post=21752"},{"taxonomy":"product_cat","embeddable":true,"href":"https:\/\/ceoparts.com\/tr\/wp-json\/wp\/v2\/product_cat?post=21752"},{"taxonomy":"product_tag","embeddable":true,"href":"https:\/\/ceoparts.com\/tr\/wp-json\/wp\/v2\/product_tag?post=21752"}],"curies":[{"name":"wp","href":"https:\/\/api.w.org\/{rel}","templated":true}]}}