{"id":21774,"date":"2026-04-20T17:02:58","date_gmt":"2026-04-20T14:02:58","guid":{"rendered":"https:\/\/ceoparts.com\/?post_type=product&#038;p=21774"},"modified":"2026-04-23T22:14:49","modified_gmt":"2026-04-23T19:14:49","slug":"albright-kontaktor-su280b-1167-250a-7654818","status":"publish","type":"product","link":"https:\/\/ceoparts.com\/tr\/urun\/albright-kontaktor-su280b-1167-250a-7654818\/","title":{"rendered":"ALBRIGHT Kontakt\u00f6r Su280B &#8211; 1167 250A &#8211; 7654818"},"content":{"rendered":"<p>ALBRIGHT Kontakt\u00f6r Su280B &#8211; 1167 250A &#8211; 7654818<\/p>","protected":false},"excerpt":{"rendered":"<p data-start=\"58\" data-end=\"587\"><strong data-start=\"58\" data-end=\"92\">Albright SW280B-1167 kontakt\u00f6r<\/strong>, forklift ve ak\u00fcl\u00fc end\u00fcstriyel ara\u00e7lar\u0131n elektrik sistemlerinde kullan\u0131lan y\u00fcksek ak\u0131m kapasiteli bir g\u00fc\u00e7 kontakt\u00f6r\u00fcd\u00fcr. Batarya ile tahrik sistemi aras\u0131ndaki elektrik ak\u0131\u015f\u0131n\u0131 kontrol ederek motor ve di\u011fer elektrik bile\u015fenlerinin g\u00fcvenli \u015fekilde \u00e7al\u0131\u015fmas\u0131n\u0131 sa\u011flar. Yakla\u015f\u0131k <strong data-start=\"368\" data-end=\"392\">250A ak\u0131m kapasitesi<\/strong> ile a\u011f\u0131r \u00e7al\u0131\u015fma ko\u015fullar\u0131nda g\u00fcvenilir anahtarlama performans\u0131 sunar. Dayan\u0131kl\u0131 yap\u0131s\u0131 sayesinde forklift, istif makinesi ve elektrikli depo ekipmanlar\u0131nda uzun \u00f6m\u00fcrl\u00fc ve stabil \u00e7al\u0131\u015fma sa\u011flar.<\/p>\n<p data-start=\"589\" data-end=\"889\"><strong data-start=\"589\" data-end=\"604\">\u00d6zellikler:<\/strong><br data-start=\"604\" data-end=\"607\" \/>\u00dcr\u00fcn Ad\u0131: ALBRIGHT Kontakt\u00f6r SW280B-1167<br data-start=\"647\" data-end=\"650\" \/>Par\u00e7a Kodu: 7654818<br data-start=\"669\" data-end=\"672\" \/>Ak\u0131m Kapasitesi: 250A<br data-start=\"693\" data-end=\"696\" \/>Tip: DC g\u00fc\u00e7 kontakt\u00f6r\u00fc<br data-start=\"718\" data-end=\"721\" \/>Kullan\u0131m Alan\u0131: Forklift, istif makineleri ve ak\u00fcl\u00fc end\u00fcstriyel ara\u00e7lar\u0131n elektrik sistemi<br data-start=\"811\" data-end=\"814\" \/>Avantaj: G\u00fcvenilir g\u00fc\u00e7 anahtarlama, y\u00fcksek dayan\u0131kl\u0131l\u0131k ve uzun servis \u00f6mr\u00fc<\/p>\n","protected":false},"featured_media":21779,"template":"","meta":[],"product_brand":[],"product_cat":[462],"product_tag":[],"class_list":{"0":"post-21774","1":"product","2":"type-product","3":"status-publish","4":"has-post-thumbnail","6":"product_cat-kontaktorler","8":"first","9":"instock","10":"taxable","11":"shipping-taxable","12":"purchasable","13":"product-type-simple"},"_links":{"self":[{"href":"https:\/\/ceoparts.com\/tr\/wp-json\/wp\/v2\/product\/21774","targetHints":{"allow":["GET"]}}],"collection":[{"href":"https:\/\/ceoparts.com\/tr\/wp-json\/wp\/v2\/product"}],"about":[{"href":"https:\/\/ceoparts.com\/tr\/wp-json\/wp\/v2\/types\/product"}],"wp:featuredmedia":[{"embeddable":true,"href":"https:\/\/ceoparts.com\/tr\/wp-json\/wp\/v2\/media\/21779"}],"wp:attachment":[{"href":"https:\/\/ceoparts.com\/tr\/wp-json\/wp\/v2\/media?parent=21774"}],"wp:term":[{"taxonomy":"product_brand","embeddable":true,"href":"https:\/\/ceoparts.com\/tr\/wp-json\/wp\/v2\/product_brand?post=21774"},{"taxonomy":"product_cat","embeddable":true,"href":"https:\/\/ceoparts.com\/tr\/wp-json\/wp\/v2\/product_cat?post=21774"},{"taxonomy":"product_tag","embeddable":true,"href":"https:\/\/ceoparts.com\/tr\/wp-json\/wp\/v2\/product_tag?post=21774"}],"curies":[{"name":"wp","href":"https:\/\/api.w.org\/{rel}","templated":true}]}}