{"id":21780,"date":"2026-04-20T17:16:07","date_gmt":"2026-04-20T14:16:07","guid":{"rendered":"https:\/\/ceoparts.com\/?post_type=product&#038;p=21780"},"modified":"2026-04-23T23:57:03","modified_gmt":"2026-04-23T20:57:03","slug":"jungheinrich-efg-316-arka-dingil-sensoru-05045188","status":"publish","type":"product","link":"https:\/\/ceoparts.com\/tr\/urun\/jungheinrich-efg-316-arka-dingil-sensoru-05045188\/","title":{"rendered":"Jungheinrich EFG 316 Arka Dingil Sens\u00f6r\u00fc &#8211; 05045188"},"content":{"rendered":"<p>Jungheinrich EFG 316 Arka Dingil Sens\u00f6r\u00fc &#8211; 05045188<\/p>","protected":false},"excerpt":{"rendered":"<p>Jungheinrich EFG 316 Arka Dingil Sens\u00f6r\u00fc &#8211; 05045188<\/p>\n","protected":false},"featured_media":21784,"template":"","meta":[],"product_brand":[],"product_cat":[469],"product_tag":[],"class_list":{"0":"post-21780","1":"product","2":"type-product","3":"status-publish","4":"has-post-thumbnail","6":"product_cat-elektrik-ve-sistem-parcalari","8":"first","9":"instock","10":"taxable","11":"shipping-taxable","12":"purchasable","13":"product-type-simple"},"_links":{"self":[{"href":"https:\/\/ceoparts.com\/tr\/wp-json\/wp\/v2\/product\/21780","targetHints":{"allow":["GET"]}}],"collection":[{"href":"https:\/\/ceoparts.com\/tr\/wp-json\/wp\/v2\/product"}],"about":[{"href":"https:\/\/ceoparts.com\/tr\/wp-json\/wp\/v2\/types\/product"}],"wp:featuredmedia":[{"embeddable":true,"href":"https:\/\/ceoparts.com\/tr\/wp-json\/wp\/v2\/media\/21784"}],"wp:attachment":[{"href":"https:\/\/ceoparts.com\/tr\/wp-json\/wp\/v2\/media?parent=21780"}],"wp:term":[{"taxonomy":"product_brand","embeddable":true,"href":"https:\/\/ceoparts.com\/tr\/wp-json\/wp\/v2\/product_brand?post=21780"},{"taxonomy":"product_cat","embeddable":true,"href":"https:\/\/ceoparts.com\/tr\/wp-json\/wp\/v2\/product_cat?post=21780"},{"taxonomy":"product_tag","embeddable":true,"href":"https:\/\/ceoparts.com\/tr\/wp-json\/wp\/v2\/product_tag?post=21780"}],"curies":[{"name":"wp","href":"https:\/\/api.w.org\/{rel}","templated":true}]}}