{"id":21807,"date":"2026-04-24T09:30:51","date_gmt":"2026-04-24T06:30:51","guid":{"rendered":"https:\/\/ceoparts.com\/?post_type=product&#038;p=21807"},"modified":"2026-04-26T07:11:09","modified_gmt":"2026-04-26T04:11:09","slug":"83x112-116-30-wicke-yuk-tekeri","status":"publish","type":"product","link":"https:\/\/ceoparts.com\/tr\/urun\/83x112-116-30-wicke-yuk-tekeri\/","title":{"rendered":"83&#215;112\/116-30 Wicke Y\u00fck Tekeri"},"content":{"rendered":"<p>83&#215;112\/116-30 Wicke Y\u00fck Tekeri<\/p>","protected":false},"excerpt":{"rendered":"<p><strong data-start=\"43\" data-end=\"77\">83\u00d7112\/116-30 Wicke y\u00fck tekeri<\/strong>, forklift ve depo ekipmanlar\u0131nda kullan\u0131lan dayan\u0131kl\u0131 ve y\u00fcksek performansl\u0131 bir y\u00fck tekeridir. Wicke taraf\u0131ndan \u00fcretilen poli\u00fcretan kaplama, y\u00fcksek a\u015f\u0131nma direnci ve uzun kullan\u0131m \u00f6mr\u00fc sunar. Sa\u011flam g\u00f6vde yap\u0131s\u0131 sayesinde a\u011f\u0131r y\u00fck alt\u0131nda stabil hareket sa\u011flar ve y\u00fcr\u00fcy\u00fc\u015f sisteminin dengeli \u00e7al\u0131\u015fmas\u0131na yard\u0131mc\u0131 olur. Depo, lojistik ve end\u00fcstriyel \u00e7al\u0131\u015fma ortamlar\u0131nda g\u00fcvenilir performans sunan ideal bir \u00e7\u00f6z\u00fcmd\u00fcr.<\/p>\n","protected":false},"featured_media":21808,"template":"","meta":[],"product_brand":[],"product_cat":[402,400,506],"product_tag":[],"class_list":{"0":"post-21807","1":"product","2":"type-product","3":"status-publish","4":"has-post-thumbnail","6":"product_cat-catal-tekeri-wicke","7":"product_cat-catal-tekeri","8":"product_cat-tekerler-mekanizmalar","10":"first","11":"instock","12":"taxable","13":"shipping-taxable","14":"purchasable","15":"product-type-simple"},"_links":{"self":[{"href":"https:\/\/ceoparts.com\/tr\/wp-json\/wp\/v2\/product\/21807","targetHints":{"allow":["GET"]}}],"collection":[{"href":"https:\/\/ceoparts.com\/tr\/wp-json\/wp\/v2\/product"}],"about":[{"href":"https:\/\/ceoparts.com\/tr\/wp-json\/wp\/v2\/types\/product"}],"wp:featuredmedia":[{"embeddable":true,"href":"https:\/\/ceoparts.com\/tr\/wp-json\/wp\/v2\/media\/21808"}],"wp:attachment":[{"href":"https:\/\/ceoparts.com\/tr\/wp-json\/wp\/v2\/media?parent=21807"}],"wp:term":[{"taxonomy":"product_brand","embeddable":true,"href":"https:\/\/ceoparts.com\/tr\/wp-json\/wp\/v2\/product_brand?post=21807"},{"taxonomy":"product_cat","embeddable":true,"href":"https:\/\/ceoparts.com\/tr\/wp-json\/wp\/v2\/product_cat?post=21807"},{"taxonomy":"product_tag","embeddable":true,"href":"https:\/\/ceoparts.com\/tr\/wp-json\/wp\/v2\/product_tag?post=21807"}],"curies":[{"name":"wp","href":"https:\/\/api.w.org\/{rel}","templated":true}]}}