{"id":21810,"date":"2026-04-24T09:54:49","date_gmt":"2026-04-24T06:54:49","guid":{"rendered":"https:\/\/ceoparts.com\/?post_type=product&#038;p=21810"},"modified":"2026-04-26T05:25:11","modified_gmt":"2026-04-26T02:25:11","slug":"still-ecu-sf-ust-kapak-45224300804","status":"publish","type":"product","link":"https:\/\/ceoparts.com\/tr\/urun\/still-ecu-sf-ust-kapak-45224300804\/","title":{"rendered":"STILL &#8211; ECU SF \u00dcst Kapak &#8211; 45224300804"},"content":{"rendered":"<p>STILL &#8211; ECU SF \u00dcst Kapak &#8211; 45224300804<\/p>","protected":false},"excerpt":{"rendered":"<p data-start=\"49\" data-end=\"515\"><strong data-start=\"49\" data-end=\"87\">STILL 45224300804 ECU SF \u00fcst kapak<\/strong>, STILL forklift ve depo ekipmanlar\u0131nda kullan\u0131lan elektronik kontrol \u00fcnitesi (ECU) sistemini korumak amac\u0131yla tasarlanm\u0131\u015f bir muhafaza par\u00e7as\u0131d\u0131r. ECU bile\u015fenlerinin d\u0131\u015f etkenlerden korunmas\u0131n\u0131 sa\u011flayarak elektronik sistemin g\u00fcvenli ve stabil \u00e7al\u0131\u015fmas\u0131na katk\u0131da bulunur. Dayan\u0131kl\u0131 yap\u0131s\u0131 sayesinde toz, darbe ve \u00e7evresel etkilere kar\u015f\u0131 koruma sa\u011flar ve makinenin elektronik sistemlerinin uzun \u00f6m\u00fcrl\u00fc \u00e7al\u0131\u015fmas\u0131na yard\u0131mc\u0131 olur.<\/p>\n<p data-start=\"517\" data-end=\"797\"><strong data-start=\"517\" data-end=\"532\">\u00d6zellikler:<\/strong><br data-start=\"532\" data-end=\"535\" \/>\u00dcr\u00fcn Ad\u0131: STILL ECU SF \u00dcst Kapak<br data-start=\"567\" data-end=\"570\" \/>Par\u00e7a Kodu: 45224300804<br data-start=\"593\" data-end=\"596\" \/>Malzeme: Dayan\u0131kl\u0131 plastik<br data-start=\"642\" data-end=\"645\" \/>Kullan\u0131m Alan\u0131: Forklift ve depo ekipmanlar\u0131nda ECU kontrol \u00fcnitesi korumas\u0131<br data-start=\"721\" data-end=\"724\" \/>Avantaj: Elektronik bile\u015fen korumas\u0131, g\u00fcvenli \u00e7al\u0131\u015fma ve uzun servis \u00f6mr\u00fc<\/p>\n","protected":false},"featured_media":21813,"template":"","meta":[],"product_brand":[],"product_cat":[472,524],"product_tag":[],"class_list":{"0":"post-21810","1":"product","2":"type-product","3":"status-publish","4":"has-post-thumbnail","6":"product_cat-kaporta-aksami","7":"product_cat-yedek-parca-still","9":"first","10":"instock","11":"taxable","12":"shipping-taxable","13":"purchasable","14":"product-type-simple"},"_links":{"self":[{"href":"https:\/\/ceoparts.com\/tr\/wp-json\/wp\/v2\/product\/21810","targetHints":{"allow":["GET"]}}],"collection":[{"href":"https:\/\/ceoparts.com\/tr\/wp-json\/wp\/v2\/product"}],"about":[{"href":"https:\/\/ceoparts.com\/tr\/wp-json\/wp\/v2\/types\/product"}],"wp:featuredmedia":[{"embeddable":true,"href":"https:\/\/ceoparts.com\/tr\/wp-json\/wp\/v2\/media\/21813"}],"wp:attachment":[{"href":"https:\/\/ceoparts.com\/tr\/wp-json\/wp\/v2\/media?parent=21810"}],"wp:term":[{"taxonomy":"product_brand","embeddable":true,"href":"https:\/\/ceoparts.com\/tr\/wp-json\/wp\/v2\/product_brand?post=21810"},{"taxonomy":"product_cat","embeddable":true,"href":"https:\/\/ceoparts.com\/tr\/wp-json\/wp\/v2\/product_cat?post=21810"},{"taxonomy":"product_tag","embeddable":true,"href":"https:\/\/ceoparts.com\/tr\/wp-json\/wp\/v2\/product_tag?post=21810"}],"curies":[{"name":"wp","href":"https:\/\/api.w.org\/{rel}","templated":true}]}}