{"id":21817,"date":"2026-04-24T10:10:35","date_gmt":"2026-04-24T07:10:35","guid":{"rendered":"https:\/\/ceoparts.com\/?post_type=product&#038;p=21817"},"modified":"2026-04-26T05:30:51","modified_gmt":"2026-04-26T02:30:51","slug":"jungheinrich-eje116-ust-kapak-51010791-51027642","status":"publish","type":"product","link":"https:\/\/ceoparts.com\/tr\/urun\/jungheinrich-eje116-ust-kapak-51010791-51027642\/","title":{"rendered":"JUNGHEINRICH &#8211; Eje116 \u00dcst Kapak &#8211; 51010791, 51027642"},"content":{"rendered":"<p>JUNGHEINRICH &#8211; Eje116 \u00dcst Kapak &#8211; 51010791, 51027642<\/p>","protected":false},"excerpt":{"rendered":"<p><strong data-start=\"63\" data-end=\"96\">Jungheinrich EJE116 \u00fcst kapak<\/strong>, Jungheinrich elektrikli transpaletlerde kumanda ve elektronik bile\u015fenlerin bulundu\u011fu \u00fcst b\u00f6l\u00fcm\u00fcn korunmas\u0131n\u0131 sa\u011flayan bir muhafaza par\u00e7as\u0131d\u0131r. Dayan\u0131kl\u0131 plastik yap\u0131s\u0131 sayesinde i\u00e7 mekanik ve elektronik bile\u015fenleri toz, darbe ve d\u0131\u015f etkenlere kar\u015f\u0131 korur. Makinenin kontrol sisteminin g\u00fcvenli ve stabil \u00e7al\u0131\u015fmas\u0131na katk\u0131da bulunarak ekipman\u0131n uzun \u00f6m\u00fcrl\u00fc kullan\u0131lmas\u0131na yard\u0131mc\u0131 olur.<\/p>\n","protected":false},"featured_media":21821,"template":"","meta":[],"product_brand":[],"product_cat":[472,522],"product_tag":[],"class_list":{"0":"post-21817","1":"product","2":"type-product","3":"status-publish","4":"has-post-thumbnail","6":"product_cat-kaporta-aksami","7":"product_cat-yedek-parca-jungheinrich","9":"first","10":"instock","11":"taxable","12":"shipping-taxable","13":"purchasable","14":"product-type-simple"},"_links":{"self":[{"href":"https:\/\/ceoparts.com\/tr\/wp-json\/wp\/v2\/product\/21817","targetHints":{"allow":["GET"]}}],"collection":[{"href":"https:\/\/ceoparts.com\/tr\/wp-json\/wp\/v2\/product"}],"about":[{"href":"https:\/\/ceoparts.com\/tr\/wp-json\/wp\/v2\/types\/product"}],"wp:featuredmedia":[{"embeddable":true,"href":"https:\/\/ceoparts.com\/tr\/wp-json\/wp\/v2\/media\/21821"}],"wp:attachment":[{"href":"https:\/\/ceoparts.com\/tr\/wp-json\/wp\/v2\/media?parent=21817"}],"wp:term":[{"taxonomy":"product_brand","embeddable":true,"href":"https:\/\/ceoparts.com\/tr\/wp-json\/wp\/v2\/product_brand?post=21817"},{"taxonomy":"product_cat","embeddable":true,"href":"https:\/\/ceoparts.com\/tr\/wp-json\/wp\/v2\/product_cat?post=21817"},{"taxonomy":"product_tag","embeddable":true,"href":"https:\/\/ceoparts.com\/tr\/wp-json\/wp\/v2\/product_tag?post=21817"}],"curies":[{"name":"wp","href":"https:\/\/api.w.org\/{rel}","templated":true}]}}