{"id":21824,"date":"2026-04-24T10:19:23","date_gmt":"2026-04-24T07:19:23","guid":{"rendered":"https:\/\/ceoparts.com\/?post_type=product&#038;p=21824"},"modified":"2026-04-26T07:11:54","modified_gmt":"2026-04-26T04:11:54","slug":"hyster-kece-takimi-1467430","status":"publish","type":"product","link":"https:\/\/ceoparts.com\/tr\/urun\/hyster-kece-takimi-1467430\/","title":{"rendered":"HYSTER &#8211; Ke\u00e7e Tak\u0131m\u0131 &#8211; 1467430"},"content":{"rendered":"<p>HYSTER &#8211; Ke\u00e7e Tak\u0131m\u0131 &#8211; 1467430<\/p>","protected":false},"excerpt":{"rendered":"<p data-start=\"41\" data-end=\"480\"><strong data-start=\"41\" data-end=\"71\">Hyster 1467430 ke\u00e7e tak\u0131m\u0131<\/strong>, forklift ve end\u00fcstriyel ta\u015f\u0131ma ekipmanlar\u0131nda kullan\u0131lan mekanik sistemlerin korunmas\u0131na yard\u0131mc\u0131 olan bir s\u0131zd\u0131rmazl\u0131k ve koruma par\u00e7a setidir. Bu ke\u00e7e elemanlar\u0131, hareketli mekanik bile\u015fenlerde toz, kir ve yabanc\u0131 maddelerin sisteme girmesini \u00f6nleyerek i\u00e7 par\u00e7alar\u0131n korunmas\u0131n\u0131 sa\u011flar. Dayan\u0131kl\u0131 yap\u0131s\u0131 sayesinde a\u015f\u0131nmay\u0131 azalt\u0131r, sistemin daha verimli \u00e7al\u0131\u015fmas\u0131na yard\u0131mc\u0131 olur ve ekipman \u00f6mr\u00fcn\u00fc uzat\u0131r.<\/p>\n<p data-start=\"482\" data-end=\"745\"><strong data-start=\"482\" data-end=\"497\">\u00d6zellikler:<\/strong><br data-start=\"497\" data-end=\"500\" \/>\u00dcr\u00fcn Ad\u0131: Hyster Ke\u00e7e Tak\u0131m\u0131<br data-start=\"528\" data-end=\"531\" \/>Par\u00e7a Kodu: 1467430<br data-start=\"550\" data-end=\"553\" \/>Malzeme: End\u00fcstriyel ke\u00e7e \/ s\u0131zd\u0131rmazl\u0131k elemanlar\u0131<br data-start=\"604\" data-end=\"607\" \/>Kullan\u0131m Alan\u0131: Forklift ve depo ekipmanlar\u0131nda mekanik sistem korumas\u0131<br data-start=\"678\" data-end=\"681\" \/>Avantaj: Toz ve kir korumas\u0131, a\u015f\u0131nma azaltma ve uzun servis \u00f6mr\u00fc<\/p>\n","protected":false},"featured_media":21828,"template":"","meta":[],"product_brand":[],"product_cat":[470,520],"product_tag":[],"class_list":{"0":"post-21824","1":"product","2":"type-product","3":"status-publish","4":"has-post-thumbnail","6":"product_cat-diger-yedek-parcalar","7":"product_cat-yedek-parca-hyster","9":"first","10":"instock","11":"taxable","12":"shipping-taxable","13":"purchasable","14":"product-type-simple"},"_links":{"self":[{"href":"https:\/\/ceoparts.com\/tr\/wp-json\/wp\/v2\/product\/21824","targetHints":{"allow":["GET"]}}],"collection":[{"href":"https:\/\/ceoparts.com\/tr\/wp-json\/wp\/v2\/product"}],"about":[{"href":"https:\/\/ceoparts.com\/tr\/wp-json\/wp\/v2\/types\/product"}],"wp:featuredmedia":[{"embeddable":true,"href":"https:\/\/ceoparts.com\/tr\/wp-json\/wp\/v2\/media\/21828"}],"wp:attachment":[{"href":"https:\/\/ceoparts.com\/tr\/wp-json\/wp\/v2\/media?parent=21824"}],"wp:term":[{"taxonomy":"product_brand","embeddable":true,"href":"https:\/\/ceoparts.com\/tr\/wp-json\/wp\/v2\/product_brand?post=21824"},{"taxonomy":"product_cat","embeddable":true,"href":"https:\/\/ceoparts.com\/tr\/wp-json\/wp\/v2\/product_cat?post=21824"},{"taxonomy":"product_tag","embeddable":true,"href":"https:\/\/ceoparts.com\/tr\/wp-json\/wp\/v2\/product_tag?post=21824"}],"curies":[{"name":"wp","href":"https:\/\/api.w.org\/{rel}","templated":true}]}}