{"id":21829,"date":"2026-04-24T11:01:51","date_gmt":"2026-04-24T08:01:51","guid":{"rendered":"https:\/\/ceoparts.com\/?post_type=product&#038;p=21829"},"modified":"2026-04-26T05:26:31","modified_gmt":"2026-04-26T02:26:31","slug":"still-rx-joystick-56364305518","status":"publish","type":"product","link":"https:\/\/ceoparts.com\/tr\/urun\/still-rx-joystick-56364305518\/","title":{"rendered":"STILL &#8211; RX Joystick &#8211; 56364305518"},"content":{"rendered":"<p>STILL &#8211; RX Joystick &#8211; 56364305518<\/p>","protected":false},"excerpt":{"rendered":"<p data-start=\"44\" data-end=\"487\"><strong data-start=\"44\" data-end=\"65\">STILL RX joystick<\/strong>, STILL forklift ve depo ekipmanlar\u0131nda kullan\u0131lan bir kontrol kumanda bile\u015fenidir. Operat\u00f6r\u00fcn kald\u0131rma, indirme, e\u011fme ve di\u011fer hidrolik hareketleri hassas \u015fekilde kontrol etmesini sa\u011flar. Ergonomik tasar\u0131m\u0131 sayesinde operat\u00f6r konforunu art\u0131r\u0131rken makinenin daha g\u00fcvenli ve kontroll\u00fc kullan\u0131lmas\u0131na yard\u0131mc\u0131 olur. Dayan\u0131kl\u0131 yap\u0131s\u0131 sayesinde yo\u011fun end\u00fcstriyel \u00e7al\u0131\u015fma ko\u015fullar\u0131nda uzun \u00f6m\u00fcrl\u00fc ve g\u00fcvenilir performans sunar.<\/p>\n<p data-start=\"489\" data-end=\"724\"><strong data-start=\"489\" data-end=\"504\">\u00d6zellikler:<\/strong><br data-start=\"504\" data-end=\"507\" \/>\u00dcr\u00fcn Ad\u0131: STILL RX Joystick<br data-start=\"534\" data-end=\"537\" \/>Par\u00e7a Kodu: 56364305518<br data-start=\"560\" data-end=\"563\" \/>Tip: Hidrolik kontrol joysticki<br data-start=\"594\" data-end=\"597\" \/>Kullan\u0131m Alan\u0131: Forklift ve depo ekipmanlar\u0131 kumanda sistemi<br data-start=\"657\" data-end=\"660\" \/>Avantaj: Hassas kontrol, ergonomik kullan\u0131m ve g\u00fcvenilir \u00e7al\u0131\u015fma<\/p>\n","protected":false},"featured_media":21833,"template":"","meta":[],"product_brand":[],"product_cat":[471,524],"product_tag":[],"class_list":{"0":"post-21829","1":"product","2":"type-product","3":"status-publish","4":"has-post-thumbnail","6":"product_cat-joystick-pedal-yedek-parca","7":"product_cat-yedek-parca-still","9":"first","10":"instock","11":"taxable","12":"shipping-taxable","13":"purchasable","14":"product-type-simple"},"_links":{"self":[{"href":"https:\/\/ceoparts.com\/tr\/wp-json\/wp\/v2\/product\/21829","targetHints":{"allow":["GET"]}}],"collection":[{"href":"https:\/\/ceoparts.com\/tr\/wp-json\/wp\/v2\/product"}],"about":[{"href":"https:\/\/ceoparts.com\/tr\/wp-json\/wp\/v2\/types\/product"}],"wp:featuredmedia":[{"embeddable":true,"href":"https:\/\/ceoparts.com\/tr\/wp-json\/wp\/v2\/media\/21833"}],"wp:attachment":[{"href":"https:\/\/ceoparts.com\/tr\/wp-json\/wp\/v2\/media?parent=21829"}],"wp:term":[{"taxonomy":"product_brand","embeddable":true,"href":"https:\/\/ceoparts.com\/tr\/wp-json\/wp\/v2\/product_brand?post=21829"},{"taxonomy":"product_cat","embeddable":true,"href":"https:\/\/ceoparts.com\/tr\/wp-json\/wp\/v2\/product_cat?post=21829"},{"taxonomy":"product_tag","embeddable":true,"href":"https:\/\/ceoparts.com\/tr\/wp-json\/wp\/v2\/product_tag?post=21829"}],"curies":[{"name":"wp","href":"https:\/\/api.w.org\/{rel}","templated":true}]}}