{"id":21835,"date":"2026-04-24T11:08:06","date_gmt":"2026-04-24T08:08:06","guid":{"rendered":"https:\/\/ceoparts.com\/?post_type=product&#038;p=21835"},"modified":"2026-04-26T07:11:45","modified_gmt":"2026-04-26T04:11:45","slug":"nilfisk-temizlik-fircasi-56505794","status":"publish","type":"product","link":"https:\/\/ceoparts.com\/tr\/urun\/nilfisk-temizlik-fircasi-56505794\/","title":{"rendered":"NILFISK Temizlik F\u0131r\u00e7as\u0131 &#8211; 56505794"},"content":{"rendered":"<p>NILFISK Temizlik F\u0131r\u00e7as\u0131 &#8211; 56505794<\/p>","protected":false},"excerpt":{"rendered":"<p data-start=\"48\" data-end=\"483\"><strong data-start=\"48\" data-end=\"85\">Nilfisk 56505794 temizlik f\u0131r\u00e7as\u0131<\/strong>, Nilfisk zemin temizleme ve y\u0131kama makinelerinde kullan\u0131lan y\u00fcksek dayan\u0131kl\u0131l\u0131\u011fa sahip bir temizlik bile\u015fenidir. Zemin y\u00fczeyindeki kir, toz ve kal\u0131nt\u0131lar\u0131n etkili \u015fekilde temizlenmesini sa\u011flayarak makinenin temizlik performans\u0131n\u0131 art\u0131r\u0131r. Dayan\u0131kl\u0131 f\u0131r\u00e7a k\u0131llar\u0131 sayesinde yo\u011fun kullan\u0131m ko\u015fullar\u0131nda uzun \u00f6m\u00fcrl\u00fc performans sunar ve end\u00fcstriyel temizlik operasyonlar\u0131nda g\u00fcvenilir sonu\u00e7lar sa\u011flar.<\/p>\n<p data-start=\"485\" data-end=\"754\"><strong data-start=\"485\" data-end=\"500\">\u00d6zellikler:<\/strong><br data-start=\"500\" data-end=\"503\" \/>\u00dcr\u00fcn Ad\u0131: Nilfisk Temizlik F\u0131r\u00e7as\u0131<br data-start=\"537\" data-end=\"540\" \/>Par\u00e7a Kodu: 56505794<br data-start=\"560\" data-end=\"563\" \/>Malzeme: Dayan\u0131kl\u0131 end\u00fcstriyel f\u0131r\u00e7a k\u0131llar\u0131 ve sa\u011flam g\u00f6vde<br data-start=\"623\" data-end=\"626\" \/>Kullan\u0131m Alan\u0131: Nilfisk zemin temizleme ve y\u0131kama makineleri<br data-start=\"686\" data-end=\"689\" \/>Avantaj: Etkili temizlik, uzun kullan\u0131m \u00f6mr\u00fc ve y\u00fcksek performans<\/p>\n","protected":false},"featured_media":21838,"template":"","meta":[],"product_brand":[],"product_cat":[470],"product_tag":[],"class_list":{"0":"post-21835","1":"product","2":"type-product","3":"status-publish","4":"has-post-thumbnail","6":"product_cat-diger-yedek-parcalar","8":"first","9":"instock","10":"taxable","11":"shipping-taxable","12":"purchasable","13":"product-type-simple"},"_links":{"self":[{"href":"https:\/\/ceoparts.com\/tr\/wp-json\/wp\/v2\/product\/21835","targetHints":{"allow":["GET"]}}],"collection":[{"href":"https:\/\/ceoparts.com\/tr\/wp-json\/wp\/v2\/product"}],"about":[{"href":"https:\/\/ceoparts.com\/tr\/wp-json\/wp\/v2\/types\/product"}],"wp:featuredmedia":[{"embeddable":true,"href":"https:\/\/ceoparts.com\/tr\/wp-json\/wp\/v2\/media\/21838"}],"wp:attachment":[{"href":"https:\/\/ceoparts.com\/tr\/wp-json\/wp\/v2\/media?parent=21835"}],"wp:term":[{"taxonomy":"product_brand","embeddable":true,"href":"https:\/\/ceoparts.com\/tr\/wp-json\/wp\/v2\/product_brand?post=21835"},{"taxonomy":"product_cat","embeddable":true,"href":"https:\/\/ceoparts.com\/tr\/wp-json\/wp\/v2\/product_cat?post=21835"},{"taxonomy":"product_tag","embeddable":true,"href":"https:\/\/ceoparts.com\/tr\/wp-json\/wp\/v2\/product_tag?post=21835"}],"curies":[{"name":"wp","href":"https:\/\/api.w.org\/{rel}","templated":true}]}}