{"id":21848,"date":"2026-04-24T14:32:21","date_gmt":"2026-04-24T11:32:21","guid":{"rendered":"https:\/\/ceoparts.com\/?post_type=product&#038;p=21848"},"modified":"2026-04-26T12:13:16","modified_gmt":"2026-04-26T09:13:16","slug":"bt-lwe-kapak-246180-7507397","status":"publish","type":"product","link":"https:\/\/ceoparts.com\/tr\/urun\/bt-lwe-kapak-246180-7507397\/","title":{"rendered":"BT \/ LWE Kapak &#8211; 246180, 7507397"},"content":{"rendered":"<p>BT \/ LWE Kapak &#8211; 246180, 7507397<\/p>","protected":false},"excerpt":{"rendered":"<p data-start=\"45\" data-end=\"420\"><strong data-start=\"45\" data-end=\"61\">BT LWE kapak<\/strong>, BT elektrikli transpalet ve depo ekipmanlar\u0131nda kullan\u0131lan koruyucu bir muhafaza par\u00e7as\u0131d\u0131r. Makinenin i\u00e7 mekanik ve elektronik bile\u015fenlerini toz, darbe ve d\u0131\u015f etkenlere kar\u015f\u0131 koruyarak sistemin g\u00fcvenli ve stabil \u00e7al\u0131\u015fmas\u0131na yard\u0131mc\u0131 olur. Dayan\u0131kl\u0131 plastik veya kompozit yap\u0131s\u0131 sayesinde yo\u011fun depo ve lojistik operasyonlar\u0131nda uzun \u00f6m\u00fcrl\u00fc kullan\u0131m sa\u011flar.<\/p>\n<p data-start=\"422\" data-end=\"692\"><strong data-start=\"422\" data-end=\"437\">\u00d6zellikler:<\/strong><br data-start=\"437\" data-end=\"440\" \/>\u00dcr\u00fcn Ad\u0131: BT \/ LWE Kapak<br data-start=\"464\" data-end=\"467\" \/>Par\u00e7a Kodlar\u0131: 246180, 7507397<br data-start=\"497\" data-end=\"500\" \/>Malzeme: Dayan\u0131kl\u0131 plastik \/ kompozit muhafaza<br data-start=\"546\" data-end=\"549\" \/>Kullan\u0131m Alan\u0131: Elektrikli transpalet ve depo ekipmanlar\u0131<br data-start=\"606\" data-end=\"609\" \/>Avantaj: Mekanik ve elektronik bile\u015fen korumas\u0131, stabil \u00e7al\u0131\u015fma ve uzun servis \u00f6mr\u00fc<\/p>\n","protected":false},"featured_media":21849,"template":"","meta":[],"product_brand":[],"product_cat":[472,518],"product_tag":[],"class_list":{"0":"post-21848","1":"product","2":"type-product","3":"status-publish","4":"has-post-thumbnail","6":"product_cat-kaporta-aksami","7":"product_cat-yedek-parca-bt","9":"first","10":"instock","11":"taxable","12":"shipping-taxable","13":"purchasable","14":"product-type-simple"},"_links":{"self":[{"href":"https:\/\/ceoparts.com\/tr\/wp-json\/wp\/v2\/product\/21848","targetHints":{"allow":["GET"]}}],"collection":[{"href":"https:\/\/ceoparts.com\/tr\/wp-json\/wp\/v2\/product"}],"about":[{"href":"https:\/\/ceoparts.com\/tr\/wp-json\/wp\/v2\/types\/product"}],"wp:featuredmedia":[{"embeddable":true,"href":"https:\/\/ceoparts.com\/tr\/wp-json\/wp\/v2\/media\/21849"}],"wp:attachment":[{"href":"https:\/\/ceoparts.com\/tr\/wp-json\/wp\/v2\/media?parent=21848"}],"wp:term":[{"taxonomy":"product_brand","embeddable":true,"href":"https:\/\/ceoparts.com\/tr\/wp-json\/wp\/v2\/product_brand?post=21848"},{"taxonomy":"product_cat","embeddable":true,"href":"https:\/\/ceoparts.com\/tr\/wp-json\/wp\/v2\/product_cat?post=21848"},{"taxonomy":"product_tag","embeddable":true,"href":"https:\/\/ceoparts.com\/tr\/wp-json\/wp\/v2\/product_tag?post=21848"}],"curies":[{"name":"wp","href":"https:\/\/api.w.org\/{rel}","templated":true}]}}