{"id":21872,"date":"2026-04-25T12:29:25","date_gmt":"2026-04-25T09:29:25","guid":{"rendered":"https:\/\/ceoparts.com\/?post_type=product&#038;p=21872"},"modified":"2026-04-26T20:39:57","modified_gmt":"2026-04-26T17:39:57","slug":"bt-rre160-koruyucu-cam-finger-cover-224194","status":"publish","type":"product","link":"https:\/\/ceoparts.com\/tr\/urun\/bt-rre160-koruyucu-cam-finger-cover-224194\/","title":{"rendered":"BT-RRE160 Koruyucu Cam &#8211; Finger Cover &#8211; 224194"},"content":{"rendered":"<p>BT-RRE160 Koruyucu Cam &#8211; Finger Cover &#8211; 224194<\/p>","protected":false},"excerpt":{"rendered":"<p data-start=\"59\" data-end=\"530\"><strong data-start=\"59\" data-end=\"100\">BT RRE160 koruyucu cam (finger cover)<\/strong>, BT reach truck modellerinde operat\u00f6r g\u00fcvenli\u011fini art\u0131rmak amac\u0131yla kullan\u0131lan bir koruma par\u00e7as\u0131d\u0131r. Makinenin hareketli veya hassas mekanik b\u00f6l\u00fcmlerine temas riskini azaltarak operat\u00f6r\u00fcn parmaklar\u0131n\u0131 ve elini korumaya yard\u0131mc\u0131 olur. Dayan\u0131kl\u0131 ve \u015feffaf yap\u0131s\u0131 sayesinde hem g\u00fcvenlik sa\u011flar hem de ekipman\u0131n kontrol edilmesini kolayla\u015ft\u0131r\u0131r. End\u00fcstriyel kullan\u0131m ko\u015fullar\u0131na uygun sa\u011flam yap\u0131s\u0131 ile uzun \u00f6m\u00fcrl\u00fc performans sunar.<\/p>\n<p data-start=\"532\" data-end=\"792\"><strong data-start=\"532\" data-end=\"547\">\u00d6zellikler:<\/strong><br data-start=\"547\" data-end=\"550\" \/>\u00dcr\u00fcn Ad\u0131: BT RRE160 Koruyucu Cam \/ Finger Cover<br data-start=\"597\" data-end=\"600\" \/>Par\u00e7a Kodu: 224194<br data-start=\"618\" data-end=\"621\" \/>Malzeme: Dayan\u0131kl\u0131 \u015feffaf plastik \/ polikarbonat<br data-start=\"669\" data-end=\"672\" \/>Kullan\u0131m Alan\u0131: Reach truck g\u00fcvenlik ve koruma sistemi<br data-start=\"726\" data-end=\"729\" \/>Avantaj: Operat\u00f6r g\u00fcvenli\u011fi, darbe dayan\u0131m\u0131 ve uzun servis \u00f6mr\u00fc<\/p>\n","protected":false},"featured_media":21875,"template":"","meta":[],"product_brand":[],"product_cat":[470,518],"product_tag":[],"class_list":{"0":"post-21872","1":"product","2":"type-product","3":"status-publish","4":"has-post-thumbnail","6":"product_cat-diger-yedek-parcalar","7":"product_cat-yedek-parca-bt","9":"first","10":"instock","11":"taxable","12":"shipping-taxable","13":"purchasable","14":"product-type-simple"},"_links":{"self":[{"href":"https:\/\/ceoparts.com\/tr\/wp-json\/wp\/v2\/product\/21872","targetHints":{"allow":["GET"]}}],"collection":[{"href":"https:\/\/ceoparts.com\/tr\/wp-json\/wp\/v2\/product"}],"about":[{"href":"https:\/\/ceoparts.com\/tr\/wp-json\/wp\/v2\/types\/product"}],"wp:featuredmedia":[{"embeddable":true,"href":"https:\/\/ceoparts.com\/tr\/wp-json\/wp\/v2\/media\/21875"}],"wp:attachment":[{"href":"https:\/\/ceoparts.com\/tr\/wp-json\/wp\/v2\/media?parent=21872"}],"wp:term":[{"taxonomy":"product_brand","embeddable":true,"href":"https:\/\/ceoparts.com\/tr\/wp-json\/wp\/v2\/product_brand?post=21872"},{"taxonomy":"product_cat","embeddable":true,"href":"https:\/\/ceoparts.com\/tr\/wp-json\/wp\/v2\/product_cat?post=21872"},{"taxonomy":"product_tag","embeddable":true,"href":"https:\/\/ceoparts.com\/tr\/wp-json\/wp\/v2\/product_tag?post=21872"}],"curies":[{"name":"wp","href":"https:\/\/api.w.org\/{rel}","templated":true}]}}