{"id":21876,"date":"2026-04-25T12:52:29","date_gmt":"2026-04-25T09:52:29","guid":{"rendered":"https:\/\/ceoparts.com\/?post_type=product&#038;p=21876"},"modified":"2026-04-26T22:08:25","modified_gmt":"2026-04-26T19:08:25","slug":"h1-dwa-far-ampulu-12v-55w","status":"publish","type":"product","link":"https:\/\/ceoparts.com\/tr\/urun\/h1-dwa-far-ampulu-12v-55w\/","title":{"rendered":"H1 DWA Far Ampul\u00fc 12V \/ 55W"},"content":{"rendered":"<p>H1 DWA Far Ampul\u00fc 12V \/ 55W<\/p>","protected":false},"excerpt":{"rendered":"<p data-start=\"40\" data-end=\"433\"><strong data-start=\"40\" data-end=\"71\">H1 Dwa far ampul\u00fc 12V \/ 55W<\/strong>, forkliftler, end\u00fcstriyel ara\u00e7lar ve \u00e7e\u015fitli i\u015f makinelerinde kullan\u0131lan y\u00fcksek performansl\u0131 bir ayd\u0131nlatma ampul\u00fcd\u00fcr. H1 tip soket yap\u0131s\u0131 sayesinde bir\u00e7ok far sistemine uyum sa\u011flar ve g\u00fc\u00e7l\u00fc \u0131\u015f\u0131k \u00e7\u0131k\u0131\u015f\u0131 ile \u00e7al\u0131\u015fma alan\u0131n\u0131n daha net g\u00f6r\u00fclmesini sa\u011flar. Dayan\u0131kl\u0131 yap\u0131s\u0131 ve stabil \u0131\u015f\u0131k performans\u0131 sayesinde yo\u011fun \u00e7al\u0131\u015fma ko\u015fullar\u0131nda g\u00fcvenilir ayd\u0131nlatma sunar.<\/p>\n<p data-start=\"435\" data-end=\"682\"><strong data-start=\"435\" data-end=\"450\">\u00d6zellikler:<\/strong><br data-start=\"450\" data-end=\"453\" \/>\u00dcr\u00fcn Ad\u0131: H1 Dwa Far Ampul\u00fc<br data-start=\"480\" data-end=\"483\" \/>Voltaj: 12V<br data-start=\"494\" data-end=\"497\" \/>G\u00fc\u00e7: 55W<br data-start=\"505\" data-end=\"508\" \/>Tip: H1 halojen ampul<br data-start=\"529\" data-end=\"532\" \/>Kullan\u0131m Alan\u0131: Forklift, i\u015f makineleri ve end\u00fcstriyel ara\u00e7 ayd\u0131nlatma sistemleri<br data-start=\"613\" data-end=\"616\" \/>Avantaj: G\u00fc\u00e7l\u00fc ayd\u0131nlatma, geni\u015f uyumluluk ve g\u00fcvenilir performans<\/p>\n","protected":false},"featured_media":21878,"template":"","meta":[],"product_brand":[],"product_cat":[470,463],"product_tag":[],"class_list":{"0":"post-21876","1":"product","2":"type-product","3":"status-publish","4":"has-post-thumbnail","6":"product_cat-diger-yedek-parcalar","7":"product_cat-aydinlatma-grubu","9":"first","10":"instock","11":"taxable","12":"shipping-taxable","13":"purchasable","14":"product-type-simple"},"_links":{"self":[{"href":"https:\/\/ceoparts.com\/tr\/wp-json\/wp\/v2\/product\/21876","targetHints":{"allow":["GET"]}}],"collection":[{"href":"https:\/\/ceoparts.com\/tr\/wp-json\/wp\/v2\/product"}],"about":[{"href":"https:\/\/ceoparts.com\/tr\/wp-json\/wp\/v2\/types\/product"}],"wp:featuredmedia":[{"embeddable":true,"href":"https:\/\/ceoparts.com\/tr\/wp-json\/wp\/v2\/media\/21878"}],"wp:attachment":[{"href":"https:\/\/ceoparts.com\/tr\/wp-json\/wp\/v2\/media?parent=21876"}],"wp:term":[{"taxonomy":"product_brand","embeddable":true,"href":"https:\/\/ceoparts.com\/tr\/wp-json\/wp\/v2\/product_brand?post=21876"},{"taxonomy":"product_cat","embeddable":true,"href":"https:\/\/ceoparts.com\/tr\/wp-json\/wp\/v2\/product_cat?post=21876"},{"taxonomy":"product_tag","embeddable":true,"href":"https:\/\/ceoparts.com\/tr\/wp-json\/wp\/v2\/product_tag?post=21876"}],"curies":[{"name":"wp","href":"https:\/\/api.w.org\/{rel}","templated":true}]}}