{"id":21882,"date":"2026-04-25T12:56:31","date_gmt":"2026-04-25T09:56:31","guid":{"rendered":"https:\/\/ceoparts.com\/?post_type=product&#038;p=21882"},"modified":"2026-04-26T23:47:08","modified_gmt":"2026-04-26T20:47:08","slug":"h1-halogen-far-ampulu-24v-70w","status":"publish","type":"product","link":"https:\/\/ceoparts.com\/tr\/urun\/h1-halogen-far-ampulu-24v-70w\/","title":{"rendered":"H1 Halogen Far Ampul\u00fc 24V \/ 70W"},"content":{"rendered":"<p>H1 Halogen Far Ampul\u00fc 24V \/ 70W<\/p>","protected":false},"excerpt":{"rendered":"<p data-start=\"44\" data-end=\"438\"><strong data-start=\"44\" data-end=\"79\">H1 halojen far ampul\u00fc 24V \/ 70W<\/strong>, forkliftler, i\u015f makineleri ve end\u00fcstriyel ara\u00e7lar\u0131n ayd\u0131nlatma sistemlerinde kullan\u0131lan g\u00fc\u00e7l\u00fc bir far ampul\u00fcd\u00fcr. H1 tip soket yap\u0131s\u0131 sayesinde bir\u00e7ok far sistemine uyum sa\u011flar ve y\u00fcksek \u0131\u015f\u0131k g\u00fcc\u00fc ile \u00e7al\u0131\u015fma alan\u0131n\u0131n daha net g\u00f6r\u00fclmesini sa\u011flar. Dayan\u0131kl\u0131 halojen yap\u0131s\u0131 sayesinde yo\u011fun \u00e7al\u0131\u015fma ko\u015fullar\u0131nda g\u00fcvenilir ve stabil ayd\u0131nlatma performans\u0131 sunar.<\/p>\n<p data-start=\"440\" data-end=\"689\"><strong data-start=\"440\" data-end=\"455\">\u00d6zellikler:<\/strong><br data-start=\"455\" data-end=\"458\" \/>\u00dcr\u00fcn Ad\u0131: H1 Halogen Far Ampul\u00fc<br data-start=\"489\" data-end=\"492\" \/>Voltaj: 24V<br data-start=\"503\" data-end=\"506\" \/>G\u00fc\u00e7: 70W<br data-start=\"514\" data-end=\"517\" \/>Tip: H1 Halojen Ampul<br data-start=\"538\" data-end=\"541\" \/>Kullan\u0131m Alan\u0131: Forklift, i\u015f makineleri ve end\u00fcstriyel ara\u00e7 ayd\u0131nlatma sistemleri<br data-start=\"622\" data-end=\"625\" \/>Avantaj: G\u00fc\u00e7l\u00fc ayd\u0131nlatma, geni\u015f uyumluluk ve uzun kullan\u0131m \u00f6mr\u00fc<\/p>\n","protected":false},"featured_media":21878,"template":"","meta":[],"product_brand":[],"product_cat":[470,463],"product_tag":[],"class_list":{"0":"post-21882","1":"product","2":"type-product","3":"status-publish","4":"has-post-thumbnail","6":"product_cat-diger-yedek-parcalar","7":"product_cat-aydinlatma-grubu","9":"first","10":"instock","11":"taxable","12":"shipping-taxable","13":"purchasable","14":"product-type-simple"},"_links":{"self":[{"href":"https:\/\/ceoparts.com\/tr\/wp-json\/wp\/v2\/product\/21882","targetHints":{"allow":["GET"]}}],"collection":[{"href":"https:\/\/ceoparts.com\/tr\/wp-json\/wp\/v2\/product"}],"about":[{"href":"https:\/\/ceoparts.com\/tr\/wp-json\/wp\/v2\/types\/product"}],"wp:featuredmedia":[{"embeddable":true,"href":"https:\/\/ceoparts.com\/tr\/wp-json\/wp\/v2\/media\/21878"}],"wp:attachment":[{"href":"https:\/\/ceoparts.com\/tr\/wp-json\/wp\/v2\/media?parent=21882"}],"wp:term":[{"taxonomy":"product_brand","embeddable":true,"href":"https:\/\/ceoparts.com\/tr\/wp-json\/wp\/v2\/product_brand?post=21882"},{"taxonomy":"product_cat","embeddable":true,"href":"https:\/\/ceoparts.com\/tr\/wp-json\/wp\/v2\/product_cat?post=21882"},{"taxonomy":"product_tag","embeddable":true,"href":"https:\/\/ceoparts.com\/tr\/wp-json\/wp\/v2\/product_tag?post=21882"}],"curies":[{"name":"wp","href":"https:\/\/api.w.org\/{rel}","templated":true}]}}