{"id":21901,"date":"2026-04-28T14:18:40","date_gmt":"2026-04-28T11:18:40","guid":{"rendered":"https:\/\/ceoparts.com\/?post_type=product&#038;p=21901"},"modified":"2026-05-02T06:23:59","modified_gmt":"2026-05-02T03:23:59","slug":"still-encoder-8409923","status":"publish","type":"product","link":"https:\/\/ceoparts.com\/tr\/urun\/still-encoder-8409923\/","title":{"rendered":"STILL Encoder &#8211; 8409923"},"content":{"rendered":"<p>STILL Encoder &#8211; 8409923<\/p>","protected":false},"excerpt":{"rendered":"<p data-start=\"36\" data-end=\"458\"><strong data-start=\"36\" data-end=\"61\">STILL 8409923 encoder<\/strong>, forklift ve depo ekipmanlar\u0131nda motor veya hareketli mekanizmalar\u0131n d\u00f6n\u00fc\u015f h\u0131z\u0131n\u0131 ve konumunu \u00f6l\u00e7mek i\u00e7in kullan\u0131lan hassas bir sens\u00f6r bile\u015fenidir. Encoder, makinenin kontrol sistemine do\u011fru veri sa\u011flayarak s\u00fcr\u00fc\u015f ve kald\u0131rma sistemlerinin daha kontroll\u00fc ve g\u00fcvenli \u00e7al\u0131\u015fmas\u0131na yard\u0131mc\u0131 olur. Dayan\u0131kl\u0131 yap\u0131s\u0131 sayesinde yo\u011fun end\u00fcstriyel kullan\u0131m ko\u015fullar\u0131nda g\u00fcvenilir ve stabil performans sunar.<\/p>\n<p data-start=\"460\" data-end=\"711\"><strong data-start=\"460\" data-end=\"475\">\u00d6zellikler:<\/strong><br data-start=\"475\" data-end=\"478\" \/>\u00dcr\u00fcn Ad\u0131: STILL Encoder<br data-start=\"501\" data-end=\"504\" \/>Par\u00e7a Kodu: 8409923<br data-start=\"523\" data-end=\"526\" \/>Tip: D\u00f6n\u00fc\u015f \/ h\u0131z alg\u0131lama sens\u00f6r\u00fc<br data-start=\"559\" data-end=\"562\" \/>Kullan\u0131m Alan\u0131: Forklift ve depo ekipmanlar\u0131nda motor ve hareket kontrol sistemleri<br data-start=\"645\" data-end=\"648\" \/>Avantaj: Hassas \u00f6l\u00e7\u00fcm, g\u00fcvenilir veri iletimi ve stabil \u00e7al\u0131\u015fma<\/p>\n","protected":false},"featured_media":21903,"template":"","meta":[],"product_brand":[],"product_cat":[469,470,524],"product_tag":[],"class_list":{"0":"post-21901","1":"product","2":"type-product","3":"status-publish","4":"has-post-thumbnail","6":"product_cat-elektrik-ve-sistem-parcalari","7":"product_cat-diger-yedek-parcalar","8":"product_cat-yedek-parca-still","10":"first","11":"instock","12":"taxable","13":"shipping-taxable","14":"purchasable","15":"product-type-simple"},"_links":{"self":[{"href":"https:\/\/ceoparts.com\/tr\/wp-json\/wp\/v2\/product\/21901","targetHints":{"allow":["GET"]}}],"collection":[{"href":"https:\/\/ceoparts.com\/tr\/wp-json\/wp\/v2\/product"}],"about":[{"href":"https:\/\/ceoparts.com\/tr\/wp-json\/wp\/v2\/types\/product"}],"wp:featuredmedia":[{"embeddable":true,"href":"https:\/\/ceoparts.com\/tr\/wp-json\/wp\/v2\/media\/21903"}],"wp:attachment":[{"href":"https:\/\/ceoparts.com\/tr\/wp-json\/wp\/v2\/media?parent=21901"}],"wp:term":[{"taxonomy":"product_brand","embeddable":true,"href":"https:\/\/ceoparts.com\/tr\/wp-json\/wp\/v2\/product_brand?post=21901"},{"taxonomy":"product_cat","embeddable":true,"href":"https:\/\/ceoparts.com\/tr\/wp-json\/wp\/v2\/product_cat?post=21901"},{"taxonomy":"product_tag","embeddable":true,"href":"https:\/\/ceoparts.com\/tr\/wp-json\/wp\/v2\/product_tag?post=21901"}],"curies":[{"name":"wp","href":"https:\/\/api.w.org\/{rel}","templated":true}]}}