{"id":21905,"date":"2026-04-28T14:28:07","date_gmt":"2026-04-28T11:28:07","guid":{"rendered":"https:\/\/ceoparts.com\/?post_type=product&#038;p=21905"},"modified":"2026-05-02T06:41:46","modified_gmt":"2026-05-02T03:41:46","slug":"linde-r16-destek-baglanti-parcasi-15014410903","status":"publish","type":"product","link":"https:\/\/ceoparts.com\/tr\/urun\/linde-r16-destek-baglanti-parcasi-15014410903\/","title":{"rendered":"LINDE R16 Destek Ba\u011flant\u0131 Par\u00e7as\u0131 &#8211; 15014410903"},"content":{"rendered":"<p>LINDE R16 Destek Ba\u011flant\u0131 Par\u00e7as\u0131 &#8211; 15014410903<\/p>","protected":false},"excerpt":{"rendered":"<p data-start=\"60\" data-end=\"459\"><strong data-start=\"60\" data-end=\"97\">Linde R16 destek ba\u011flant\u0131 par\u00e7as\u0131<\/strong>, reach truck ve depo ekipmanlar\u0131nda kullan\u0131lan mekanik bir ba\u011flant\u0131 eleman\u0131d\u0131r. Makine \u00fczerindeki ilgili mekanik bile\u015fenlerin do\u011fru konumda sabitlenmesini sa\u011flayarak sistemin stabil ve g\u00fcvenli \u00e7al\u0131\u015fmas\u0131na yard\u0131mc\u0131 olur. Sa\u011flam metal yap\u0131s\u0131 sayesinde a\u011f\u0131r \u00e7al\u0131\u015fma ko\u015fullar\u0131nda dayan\u0131kl\u0131 performans sunar ve makinenin mekanik b\u00fct\u00fcnl\u00fc\u011f\u00fcn\u00fc korumaya katk\u0131da bulunur.<\/p>\n<p data-start=\"461\" data-end=\"729\"><strong data-start=\"461\" data-end=\"476\">\u00d6zellikler:<\/strong><br data-start=\"476\" data-end=\"479\" \/>\u00dcr\u00fcn Ad\u0131: Linde R16 Destek Ba\u011flant\u0131 Par\u00e7as\u0131<br data-start=\"522\" data-end=\"525\" \/>Par\u00e7a Kodu: 15014410903<br data-start=\"548\" data-end=\"551\" \/>Malzeme: Dayan\u0131kl\u0131 metal \/ \u00e7elik yap\u0131<br data-start=\"588\" data-end=\"591\" \/>Kullan\u0131m Alan\u0131: Reach truck ve depo ekipmanlar\u0131nda mekanik ba\u011flant\u0131 sistemi<br data-start=\"666\" data-end=\"669\" \/>Avantaj: Sa\u011flam ba\u011flant\u0131, stabil \u00e7al\u0131\u015fma ve uzun servis \u00f6mr\u00fc<\/p>\n","protected":false},"featured_media":21907,"template":"","meta":[],"product_brand":[],"product_cat":[470,523],"product_tag":[],"class_list":{"0":"post-21905","1":"product","2":"type-product","3":"status-publish","4":"has-post-thumbnail","6":"product_cat-diger-yedek-parcalar","7":"product_cat-yedek-parca-linde","9":"first","10":"instock","11":"taxable","12":"shipping-taxable","13":"purchasable","14":"product-type-simple"},"_links":{"self":[{"href":"https:\/\/ceoparts.com\/tr\/wp-json\/wp\/v2\/product\/21905","targetHints":{"allow":["GET"]}}],"collection":[{"href":"https:\/\/ceoparts.com\/tr\/wp-json\/wp\/v2\/product"}],"about":[{"href":"https:\/\/ceoparts.com\/tr\/wp-json\/wp\/v2\/types\/product"}],"wp:featuredmedia":[{"embeddable":true,"href":"https:\/\/ceoparts.com\/tr\/wp-json\/wp\/v2\/media\/21907"}],"wp:attachment":[{"href":"https:\/\/ceoparts.com\/tr\/wp-json\/wp\/v2\/media?parent=21905"}],"wp:term":[{"taxonomy":"product_brand","embeddable":true,"href":"https:\/\/ceoparts.com\/tr\/wp-json\/wp\/v2\/product_brand?post=21905"},{"taxonomy":"product_cat","embeddable":true,"href":"https:\/\/ceoparts.com\/tr\/wp-json\/wp\/v2\/product_cat?post=21905"},{"taxonomy":"product_tag","embeddable":true,"href":"https:\/\/ceoparts.com\/tr\/wp-json\/wp\/v2\/product_tag?post=21905"}],"curies":[{"name":"wp","href":"https:\/\/api.w.org\/{rel}","templated":true}]}}