{"id":21914,"date":"2026-04-28T14:42:03","date_gmt":"2026-04-28T11:42:03","guid":{"rendered":"https:\/\/ceoparts.com\/?post_type=product&#038;p=21914"},"modified":"2026-05-02T06:27:15","modified_gmt":"2026-05-02T03:27:15","slug":"linde-r16-sensor-7917415190","status":"publish","type":"product","link":"https:\/\/ceoparts.com\/tr\/urun\/linde-r16-sensor-7917415190\/","title":{"rendered":"LINDE R16 Sens\u00f6r &#8211; 7917415190"},"content":{"rendered":"<p>LINDE R16 Sens\u00f6r &#8211; 7917415190<\/p>","protected":false},"excerpt":{"rendered":"<p data-start=\"42\" data-end=\"497\"><strong data-start=\"42\" data-end=\"62\">Linde R16 sens\u00f6r<\/strong>, forklift ve reach truck sistemlerinde kullan\u0131lan bir alg\u0131lama bile\u015fenidir. Makine \u00fczerindeki hareket, konum veya sistem durumunu kontrol \u00fcnitesine ileterek ekipman\u0131n g\u00fcvenli ve kontroll\u00fc \u00e7al\u0131\u015fmas\u0131na yard\u0131mc\u0131 olur. Hassas alg\u0131lama \u00f6zelli\u011fi sayesinde makinenin s\u00fcr\u00fc\u015f ve operasyon fonksiyonlar\u0131n\u0131n do\u011fru \u015fekilde y\u00f6netilmesini sa\u011flar. Dayan\u0131kl\u0131 yap\u0131s\u0131 sayesinde end\u00fcstriyel \u00e7al\u0131\u015fma ortamlar\u0131nda uzun \u00f6m\u00fcrl\u00fc ve g\u00fcvenilir performans sunar.<\/p>\n<p data-start=\"499\" data-end=\"733\"><strong data-start=\"499\" data-end=\"514\">\u00d6zellikler:<\/strong><br data-start=\"514\" data-end=\"517\" \/>\u00dcr\u00fcn Ad\u0131: Linde R16 Sens\u00f6r<br data-start=\"543\" data-end=\"546\" \/>Par\u00e7a Kodu: 7917415190<br data-start=\"568\" data-end=\"571\" \/>Tip: Elektronik alg\u0131lama sens\u00f6r\u00fc<br data-start=\"603\" data-end=\"606\" \/>Kullan\u0131m Alan\u0131: Forklift ve reach truck kontrol sistemleri<br data-start=\"664\" data-end=\"667\" \/>Avantaj: Hassas alg\u0131lama, g\u00fcvenilir veri iletimi ve stabil \u00e7al\u0131\u015fma<\/p>\n","protected":false},"featured_media":21917,"template":"","meta":[],"product_brand":[],"product_cat":[469,523],"product_tag":[],"class_list":{"0":"post-21914","1":"product","2":"type-product","3":"status-publish","4":"has-post-thumbnail","6":"product_cat-elektrik-ve-sistem-parcalari","7":"product_cat-yedek-parca-linde","9":"first","10":"instock","11":"taxable","12":"shipping-taxable","13":"purchasable","14":"product-type-simple"},"_links":{"self":[{"href":"https:\/\/ceoparts.com\/tr\/wp-json\/wp\/v2\/product\/21914","targetHints":{"allow":["GET"]}}],"collection":[{"href":"https:\/\/ceoparts.com\/tr\/wp-json\/wp\/v2\/product"}],"about":[{"href":"https:\/\/ceoparts.com\/tr\/wp-json\/wp\/v2\/types\/product"}],"wp:featuredmedia":[{"embeddable":true,"href":"https:\/\/ceoparts.com\/tr\/wp-json\/wp\/v2\/media\/21917"}],"wp:attachment":[{"href":"https:\/\/ceoparts.com\/tr\/wp-json\/wp\/v2\/media?parent=21914"}],"wp:term":[{"taxonomy":"product_brand","embeddable":true,"href":"https:\/\/ceoparts.com\/tr\/wp-json\/wp\/v2\/product_brand?post=21914"},{"taxonomy":"product_cat","embeddable":true,"href":"https:\/\/ceoparts.com\/tr\/wp-json\/wp\/v2\/product_cat?post=21914"},{"taxonomy":"product_tag","embeddable":true,"href":"https:\/\/ceoparts.com\/tr\/wp-json\/wp\/v2\/product_tag?post=21914"}],"curies":[{"name":"wp","href":"https:\/\/api.w.org\/{rel}","templated":true}]}}