{"id":21928,"date":"2026-04-28T16:31:32","date_gmt":"2026-04-28T13:31:32","guid":{"rendered":"https:\/\/ceoparts.com\/?post_type=product&#038;p=21928"},"modified":"2026-05-02T05:53:17","modified_gmt":"2026-05-02T02:53:17","slug":"256x70-30-wicke-yuruyus-tekeri-272124500-2792431","status":"publish","type":"product","link":"https:\/\/ceoparts.com\/tr\/urun\/256x70-30-wicke-yuruyus-tekeri-272124500-2792431\/","title":{"rendered":"256&#215;70-30 Wicke Y\u00fcr\u00fcy\u00fc\u015f Tekeri &#8211; 272124500 , 2792431"},"content":{"rendered":"<p>256&#215;70-30 Wicke Y\u00fcr\u00fcy\u00fc\u015f Tekeri &#8211; 272124500 , 2792431<\/p>","protected":false},"excerpt":{"rendered":"<p data-start=\"64\" data-end=\"502\"><strong data-start=\"64\" data-end=\"98\">256\u00d770-30 Wicke y\u00fcr\u00fcy\u00fc\u015f tekeri<\/strong>, forklift ve depo ekipmanlar\u0131nda kullan\u0131lan y\u00fcksek dayan\u0131kl\u0131l\u0131\u011fa sahip bir s\u00fcr\u00fc\u015f tekeridir. Wicke taraf\u0131ndan \u00fcretilen poli\u00fcretan kaplama, y\u00fcksek a\u015f\u0131nma direnci ve uzun kullan\u0131m \u00f6mr\u00fc sunar. Sa\u011flam g\u00f6vde yap\u0131s\u0131 sayesinde a\u011f\u0131r y\u00fck alt\u0131nda stabil hareket sa\u011flar ve makinenin y\u00fcr\u00fcy\u00fc\u015f sisteminin dengeli \u00e7al\u0131\u015fmas\u0131na yard\u0131mc\u0131 olur. Depo, lojistik ve end\u00fcstriyel \u00e7al\u0131\u015fma ortamlar\u0131nda g\u00fcvenilir performans sunar.<\/p>\n<p data-start=\"504\" data-end=\"784\"><strong data-start=\"504\" data-end=\"519\">\u00d6zellikler:<\/strong><br data-start=\"519\" data-end=\"522\" \/>\u00dcr\u00fcn Ad\u0131: 256\u00d770-30 Wicke Y\u00fcr\u00fcy\u00fc\u015f Tekeri<br data-start=\"562\" data-end=\"565\" \/>Par\u00e7a Kodlar\u0131: 272124500, 2792431<br data-start=\"598\" data-end=\"601\" \/>Malzeme: Poli\u00fcretan kaplama, \u00e7elik g\u00f6bek<br data-start=\"641\" data-end=\"644\" \/>Kullan\u0131m Alan\u0131: Forklift ve end\u00fcstriyel ta\u015f\u0131ma ekipmanlar\u0131 y\u00fcr\u00fcy\u00fc\u015f tekeri<br data-start=\"717\" data-end=\"720\" \/>Avantaj: Y\u00fcksek a\u015f\u0131nma direnci, stabil s\u00fcr\u00fc\u015f ve uzun servis \u00f6mr\u00fc<\/p>\n","protected":false},"featured_media":21933,"template":"","meta":[],"product_brand":[],"product_cat":[404,270,193],"product_tag":[],"class_list":{"0":"post-21928","1":"product","2":"type-product","3":"status-publish","4":"has-post-thumbnail","6":"product_cat-yuruyus-tekeri-wicke","7":"product_cat-yuruyus-tekeri-yale","8":"product_cat-yuruyus-tekeri","10":"first","11":"instock","12":"taxable","13":"shipping-taxable","14":"purchasable","15":"product-type-simple"},"_links":{"self":[{"href":"https:\/\/ceoparts.com\/tr\/wp-json\/wp\/v2\/product\/21928","targetHints":{"allow":["GET"]}}],"collection":[{"href":"https:\/\/ceoparts.com\/tr\/wp-json\/wp\/v2\/product"}],"about":[{"href":"https:\/\/ceoparts.com\/tr\/wp-json\/wp\/v2\/types\/product"}],"wp:featuredmedia":[{"embeddable":true,"href":"https:\/\/ceoparts.com\/tr\/wp-json\/wp\/v2\/media\/21933"}],"wp:attachment":[{"href":"https:\/\/ceoparts.com\/tr\/wp-json\/wp\/v2\/media?parent=21928"}],"wp:term":[{"taxonomy":"product_brand","embeddable":true,"href":"https:\/\/ceoparts.com\/tr\/wp-json\/wp\/v2\/product_brand?post=21928"},{"taxonomy":"product_cat","embeddable":true,"href":"https:\/\/ceoparts.com\/tr\/wp-json\/wp\/v2\/product_cat?post=21928"},{"taxonomy":"product_tag","embeddable":true,"href":"https:\/\/ceoparts.com\/tr\/wp-json\/wp\/v2\/product_tag?post=21928"}],"curies":[{"name":"wp","href":"https:\/\/api.w.org\/{rel}","templated":true}]}}