{"id":21934,"date":"2026-04-28T16:44:18","date_gmt":"2026-04-28T13:44:18","guid":{"rendered":"https:\/\/ceoparts.com\/?post_type=product&#038;p=21934"},"modified":"2026-05-02T05:39:34","modified_gmt":"2026-05-02T02:39:34","slug":"jungheinrich-ekx-kumanda-paneli-mandali-50038446","status":"publish","type":"product","link":"https:\/\/ceoparts.com\/tr\/urun\/jungheinrich-ekx-kumanda-paneli-mandali-50038446\/","title":{"rendered":"JUNGHEINRICH EKX Kumanda Paneli Mandal\u0131 &#8211; 50038446"},"content":{"rendered":"<p>JUNGHEINRICH EKX Kumanda Paneli Mandal\u0131 &#8211; 50038446<\/p>\n<p>JUNGHEINRICH EKX Kumanda Paneli Mandal\u0131 &#8211; 50038446<\/p>","protected":false},"excerpt":{"rendered":"<p data-start=\"63\" data-end=\"542\"><strong data-start=\"63\" data-end=\"106\">Jungheinrich EKX kumanda paneli mandal\u0131<\/strong>, Jungheinrich EKX serisi istif makinelerinde kumanda panelinin g\u00fcvenli \u015fekilde sabitlenmesini sa\u011flayan mekanik bir kilitleme par\u00e7as\u0131d\u0131r. Panelin a\u00e7\u0131l\u0131p kapanmas\u0131n\u0131 kontrol eder ve bak\u0131m veya servis i\u015flemleri s\u0131ras\u0131nda kolay eri\u015fim sa\u011flarken normal kullan\u0131mda panelin g\u00fcvenli \u015fekilde kapal\u0131 kalmas\u0131na yard\u0131mc\u0131 olur. Dayan\u0131kl\u0131 metal yap\u0131s\u0131 sayesinde yo\u011fun depo ve end\u00fcstriyel \u00e7al\u0131\u015fma ko\u015fullar\u0131nda uzun \u00f6m\u00fcrl\u00fc ve g\u00fcvenilir kullan\u0131m sunar.<\/p>\n<p data-start=\"544\" data-end=\"845\"><strong data-start=\"544\" data-end=\"559\">\u00d6zellikler:<\/strong><br data-start=\"559\" data-end=\"562\" \/>\u00dcr\u00fcn Ad\u0131: Jungheinrich EKX Kumanda Paneli Mandal\u0131<br data-start=\"611\" data-end=\"614\" \/>Par\u00e7a Kodu: 50038446<br data-start=\"634\" data-end=\"637\" \/>Tip: Kilitleme \/ mandal mekanizmas\u0131<br data-start=\"672\" data-end=\"675\" \/>Malzeme: Dayan\u0131kl\u0131 metal yap\u0131<br data-start=\"704\" data-end=\"707\" \/>Kullan\u0131m Alan\u0131: Forklift ve istif makinesi kumanda paneli sabitleme sistemi<br data-start=\"782\" data-end=\"785\" \/>Avantaj: G\u00fcvenli kilitleme, kolay eri\u015fim ve uzun servis \u00f6mr\u00fc<\/p>\n","protected":false},"featured_media":21938,"template":"","meta":[],"product_brand":[],"product_cat":[454,522],"product_tag":[],"class_list":{"0":"post-21934","1":"product","2":"type-product","3":"status-publish","4":"has-post-thumbnail","6":"product_cat-switch-ve-buton","7":"product_cat-yedek-parca-jungheinrich","9":"first","10":"instock","11":"taxable","12":"shipping-taxable","13":"purchasable","14":"product-type-simple"},"_links":{"self":[{"href":"https:\/\/ceoparts.com\/tr\/wp-json\/wp\/v2\/product\/21934","targetHints":{"allow":["GET"]}}],"collection":[{"href":"https:\/\/ceoparts.com\/tr\/wp-json\/wp\/v2\/product"}],"about":[{"href":"https:\/\/ceoparts.com\/tr\/wp-json\/wp\/v2\/types\/product"}],"wp:featuredmedia":[{"embeddable":true,"href":"https:\/\/ceoparts.com\/tr\/wp-json\/wp\/v2\/media\/21938"}],"wp:attachment":[{"href":"https:\/\/ceoparts.com\/tr\/wp-json\/wp\/v2\/media?parent=21934"}],"wp:term":[{"taxonomy":"product_brand","embeddable":true,"href":"https:\/\/ceoparts.com\/tr\/wp-json\/wp\/v2\/product_brand?post=21934"},{"taxonomy":"product_cat","embeddable":true,"href":"https:\/\/ceoparts.com\/tr\/wp-json\/wp\/v2\/product_cat?post=21934"},{"taxonomy":"product_tag","embeddable":true,"href":"https:\/\/ceoparts.com\/tr\/wp-json\/wp\/v2\/product_tag?post=21934"}],"curies":[{"name":"wp","href":"https:\/\/api.w.org\/{rel}","templated":true}]}}