{"id":21950,"date":"2026-04-28T17:29:00","date_gmt":"2026-04-28T14:29:00","guid":{"rendered":"https:\/\/ceoparts.com\/?post_type=product&#038;p=21950"},"modified":"2026-05-02T05:39:12","modified_gmt":"2026-05-02T02:39:12","slug":"kontaktor-sw200-279-250a-36-48v","status":"publish","type":"product","link":"https:\/\/ceoparts.com\/tr\/urun\/kontaktor-sw200-279-250a-36-48v\/","title":{"rendered":"Kontakt\u00f6r &#8211; SW200\/279 250A 36-48V"},"content":{"rendered":"<p>Kontakt\u00f6r &#8211; SW200\/279 250A 36-48V<\/p>","protected":false},"excerpt":{"rendered":"<p data-start=\"46\" data-end=\"485\"><strong data-start=\"46\" data-end=\"81\">SW200\/279 250A 36-48V kontakt\u00f6r<\/strong>, forkliftler, elektrikli transpaletler ve di\u011fer ak\u00fcl\u00fc end\u00fcstriyel ara\u00e7larda kullan\u0131lan y\u00fcksek ak\u0131m anahtarlama eleman\u0131d\u0131r. Elektrik motoru ve g\u00fc\u00e7 devrelerinin g\u00fcvenli \u015fekilde a\u00e7\u0131l\u0131p kapanmas\u0131n\u0131 sa\u011flayarak makinenin kontroll\u00fc \u00e7al\u0131\u015fmas\u0131na yard\u0131mc\u0131 olur. Y\u00fcksek ak\u0131m kapasitesi sayesinde a\u011f\u0131r \u00e7al\u0131\u015fma ko\u015fullar\u0131nda g\u00fcvenilir anahtarlama performans\u0131 sunar ve end\u00fcstriyel kullan\u0131m i\u00e7in dayan\u0131kl\u0131 bir \u00e7\u00f6z\u00fcmd\u00fcr.<\/p>\n<p data-start=\"487\" data-end=\"785\"><strong data-start=\"487\" data-end=\"502\">\u00d6zellikler:<\/strong><br data-start=\"502\" data-end=\"505\" \/>\u00dcr\u00fcn Ad\u0131: Kontakt\u00f6r<br data-start=\"524\" data-end=\"527\" \/>Model: SW200\/279<br data-start=\"543\" data-end=\"546\" \/>Ak\u0131m Kapasitesi: 250A<br data-start=\"567\" data-end=\"570\" \/>\u00c7al\u0131\u015fma Voltaj\u0131: 36-48V<br data-start=\"593\" data-end=\"596\" \/>Tip: DC g\u00fc\u00e7 kontakt\u00f6r\u00fc<br data-start=\"618\" data-end=\"621\" \/>Kullan\u0131m Alan\u0131: Forklift, elektrikli transpalet ve end\u00fcstriyel ara\u00e7 elektrik sistemleri<br data-start=\"708\" data-end=\"711\" \/>Avantaj: G\u00fcvenilir anahtarlama, y\u00fcksek ak\u0131m kapasitesi ve uzun servis \u00f6mr\u00fc<\/p>\n","protected":false},"featured_media":21953,"template":"","meta":[],"product_brand":[],"product_cat":[462],"product_tag":[],"class_list":{"0":"post-21950","1":"product","2":"type-product","3":"status-publish","4":"has-post-thumbnail","6":"product_cat-kontaktorler","8":"first","9":"instock","10":"taxable","11":"shipping-taxable","12":"purchasable","13":"product-type-simple"},"_links":{"self":[{"href":"https:\/\/ceoparts.com\/tr\/wp-json\/wp\/v2\/product\/21950","targetHints":{"allow":["GET"]}}],"collection":[{"href":"https:\/\/ceoparts.com\/tr\/wp-json\/wp\/v2\/product"}],"about":[{"href":"https:\/\/ceoparts.com\/tr\/wp-json\/wp\/v2\/types\/product"}],"wp:featuredmedia":[{"embeddable":true,"href":"https:\/\/ceoparts.com\/tr\/wp-json\/wp\/v2\/media\/21953"}],"wp:attachment":[{"href":"https:\/\/ceoparts.com\/tr\/wp-json\/wp\/v2\/media?parent=21950"}],"wp:term":[{"taxonomy":"product_brand","embeddable":true,"href":"https:\/\/ceoparts.com\/tr\/wp-json\/wp\/v2\/product_brand?post=21950"},{"taxonomy":"product_cat","embeddable":true,"href":"https:\/\/ceoparts.com\/tr\/wp-json\/wp\/v2\/product_cat?post=21950"},{"taxonomy":"product_tag","embeddable":true,"href":"https:\/\/ceoparts.com\/tr\/wp-json\/wp\/v2\/product_tag?post=21950"}],"curies":[{"name":"wp","href":"https:\/\/api.w.org\/{rel}","templated":true}]}}