{"id":21961,"date":"2026-04-29T09:45:00","date_gmt":"2026-04-29T06:45:00","guid":{"rendered":"https:\/\/ceoparts.com\/?post_type=product&#038;p=21961"},"modified":"2026-05-02T06:11:27","modified_gmt":"2026-05-02T03:11:27","slug":"hyster-kapak-1476664","status":"publish","type":"product","link":"https:\/\/ceoparts.com\/tr\/urun\/hyster-kapak-1476664\/","title":{"rendered":"HYSTER Kapak &#8211; 1476664"},"content":{"rendered":"<p>HYSTER Kapak &#8211; 1476664<\/p>","protected":false},"excerpt":{"rendered":"<p data-start=\"35\" data-end=\"416\"><strong data-start=\"35\" data-end=\"59\">Hyster 1476664 kapak<\/strong>, forklift ve depo ekipmanlar\u0131nda kullan\u0131lan koruyucu bir g\u00f6vde par\u00e7as\u0131d\u0131r. Makine \u00fczerindeki mekanik veya elektronik bile\u015fenleri d\u0131\u015f etkenlere, darbelere ve kirlenmeye kar\u015f\u0131 korumaya yard\u0131mc\u0131 olur. Sa\u011flam plastik veya metal yap\u0131s\u0131 sayesinde end\u00fcstriyel \u00e7al\u0131\u015fma ko\u015fullar\u0131nda dayan\u0131kl\u0131 kullan\u0131m sunar ve ekipman\u0131n d\u00fczenli ve g\u00fcvenli \u00e7al\u0131\u015fmas\u0131na katk\u0131 sa\u011flar.<\/p>\n<p data-start=\"418\" data-end=\"651\"><strong data-start=\"418\" data-end=\"433\">\u00d6zellikler:<\/strong><br data-start=\"433\" data-end=\"436\" \/>\u00dcr\u00fcn Ad\u0131: Hyster Kapak<br data-start=\"458\" data-end=\"461\" \/>Par\u00e7a Kodu: 1476664<br data-start=\"480\" data-end=\"483\" \/>Malzeme: Dayan\u0131kl\u0131 plastik \/ metal yap\u0131<br data-start=\"522\" data-end=\"525\" \/>Kullan\u0131m Alan\u0131: Forklift ve depo ekipmanlar\u0131nda koruyucu kapak<br data-start=\"587\" data-end=\"590\" \/>Avantaj: Bile\u015fen korumas\u0131, dayan\u0131kl\u0131 yap\u0131 ve uzun servis \u00f6mr\u00fc<\/p>\n","protected":false},"featured_media":21966,"template":"","meta":[],"product_brand":[],"product_cat":[520,472],"product_tag":[],"class_list":{"0":"post-21961","1":"product","2":"type-product","3":"status-publish","4":"has-post-thumbnail","6":"product_cat-yedek-parca-hyster","7":"product_cat-kaporta-aksami","9":"first","10":"instock","11":"taxable","12":"shipping-taxable","13":"purchasable","14":"product-type-simple"},"_links":{"self":[{"href":"https:\/\/ceoparts.com\/tr\/wp-json\/wp\/v2\/product\/21961","targetHints":{"allow":["GET"]}}],"collection":[{"href":"https:\/\/ceoparts.com\/tr\/wp-json\/wp\/v2\/product"}],"about":[{"href":"https:\/\/ceoparts.com\/tr\/wp-json\/wp\/v2\/types\/product"}],"wp:featuredmedia":[{"embeddable":true,"href":"https:\/\/ceoparts.com\/tr\/wp-json\/wp\/v2\/media\/21966"}],"wp:attachment":[{"href":"https:\/\/ceoparts.com\/tr\/wp-json\/wp\/v2\/media?parent=21961"}],"wp:term":[{"taxonomy":"product_brand","embeddable":true,"href":"https:\/\/ceoparts.com\/tr\/wp-json\/wp\/v2\/product_brand?post=21961"},{"taxonomy":"product_cat","embeddable":true,"href":"https:\/\/ceoparts.com\/tr\/wp-json\/wp\/v2\/product_cat?post=21961"},{"taxonomy":"product_tag","embeddable":true,"href":"https:\/\/ceoparts.com\/tr\/wp-json\/wp\/v2\/product_tag?post=21961"}],"curies":[{"name":"wp","href":"https:\/\/api.w.org\/{rel}","templated":true}]}}