{"id":21972,"date":"2026-04-29T10:19:28","date_gmt":"2026-04-29T07:19:28","guid":{"rendered":"https:\/\/ceoparts.com\/?post_type=product&#038;p=21972"},"modified":"2026-05-02T06:30:31","modified_gmt":"2026-05-02T03:30:31","slug":"linde-r16-kapak-11204382200","status":"publish","type":"product","link":"https:\/\/ceoparts.com\/tr\/urun\/linde-r16-kapak-11204382200\/","title":{"rendered":"LINDE R16 Kapak &#8211; 11204382200"},"content":{"rendered":"<p>LINDE R16 Kapak &#8211; 11204382200<\/p>","protected":false},"excerpt":{"rendered":"<p data-start=\"42\" data-end=\"443\"><strong data-start=\"42\" data-end=\"73\">Linde R16 kapak 11204382200<\/strong>, forklift ve reach truck ekipmanlar\u0131nda kullan\u0131lan koruyucu bir g\u00f6vde par\u00e7as\u0131d\u0131r. Makine \u00fczerindeki mekanik veya elektronik bile\u015fenleri toz, kir, darbe ve d\u0131\u015f etkenlere kar\u015f\u0131 korumaya yard\u0131mc\u0131 olur. Dayan\u0131kl\u0131 plastik veya kompozit yap\u0131s\u0131 sayesinde end\u00fcstriyel \u00e7al\u0131\u015fma ko\u015fullar\u0131nda uzun \u00f6m\u00fcrl\u00fc kullan\u0131m sa\u011flar ve ekipman\u0131n d\u00fczenli ve g\u00fcvenli \u00e7al\u0131\u015fmas\u0131na katk\u0131da bulunur.<\/p>\n<p data-start=\"445\" data-end=\"695\"><strong data-start=\"445\" data-end=\"460\">\u00d6zellikler:<\/strong><br data-start=\"460\" data-end=\"463\" \/>\u00dcr\u00fcn Ad\u0131: Linde R16 Kapak<br data-start=\"488\" data-end=\"491\" \/>Par\u00e7a Kodu: 11204382200<br data-start=\"514\" data-end=\"517\" \/>Malzeme: Dayan\u0131kl\u0131 plastik \/ kompozit yap\u0131<br data-start=\"559\" data-end=\"562\" \/>Kullan\u0131m Alan\u0131: Forklift ve reach truck ekipmanlar\u0131nda koruyucu kapak<br data-start=\"631\" data-end=\"634\" \/>Avantaj: Bile\u015fen korumas\u0131, dayan\u0131kl\u0131 yap\u0131 ve uzun servis \u00f6mr\u00fc<\/p>\n","protected":false},"featured_media":21969,"template":"","meta":[],"product_brand":[],"product_cat":[523,472],"product_tag":[],"class_list":{"0":"post-21972","1":"product","2":"type-product","3":"status-publish","4":"has-post-thumbnail","6":"product_cat-yedek-parca-linde","7":"product_cat-kaporta-aksami","9":"first","10":"instock","11":"taxable","12":"shipping-taxable","13":"purchasable","14":"product-type-simple"},"_links":{"self":[{"href":"https:\/\/ceoparts.com\/tr\/wp-json\/wp\/v2\/product\/21972","targetHints":{"allow":["GET"]}}],"collection":[{"href":"https:\/\/ceoparts.com\/tr\/wp-json\/wp\/v2\/product"}],"about":[{"href":"https:\/\/ceoparts.com\/tr\/wp-json\/wp\/v2\/types\/product"}],"wp:featuredmedia":[{"embeddable":true,"href":"https:\/\/ceoparts.com\/tr\/wp-json\/wp\/v2\/media\/21969"}],"wp:attachment":[{"href":"https:\/\/ceoparts.com\/tr\/wp-json\/wp\/v2\/media?parent=21972"}],"wp:term":[{"taxonomy":"product_brand","embeddable":true,"href":"https:\/\/ceoparts.com\/tr\/wp-json\/wp\/v2\/product_brand?post=21972"},{"taxonomy":"product_cat","embeddable":true,"href":"https:\/\/ceoparts.com\/tr\/wp-json\/wp\/v2\/product_cat?post=21972"},{"taxonomy":"product_tag","embeddable":true,"href":"https:\/\/ceoparts.com\/tr\/wp-json\/wp\/v2\/product_tag?post=21972"}],"curies":[{"name":"wp","href":"https:\/\/api.w.org\/{rel}","templated":true}]}}