{"id":22031,"date":"2026-05-04T14:56:08","date_gmt":"2026-05-04T11:56:08","guid":{"rendered":"https:\/\/ceoparts.com\/?post_type=product&#038;p=22031"},"modified":"2026-05-06T13:47:54","modified_gmt":"2026-05-06T10:47:54","slug":"linde-piyon-dislisi-3505274700","status":"publish","type":"product","link":"https:\/\/ceoparts.com\/tr\/urun\/linde-piyon-dislisi-3505274700\/","title":{"rendered":"LINDE Pinyon Di\u015flisi &#8211; 3505274700"},"content":{"rendered":"<p>LINDE Pinyon Di\u015flisi &#8211; 3505274700<\/p>","protected":false},"excerpt":{"rendered":"<p><strong data-start=\"46\" data-end=\"81\">Linde 3505274700 pinyon di\u015flisi<\/strong>, forklift ve depo ekipmanlar\u0131n\u0131n tahrik sistemlerinde kullan\u0131lan \u00f6nemli bir g\u00fc\u00e7 aktar\u0131m bile\u015fenidir. Motor g\u00fcc\u00fcn\u00fc di\u015fli sistemi \u00fczerinden ileterek hareketin d\u00fczg\u00fcn ve verimli \u015fekilde aktar\u0131lmas\u0131n\u0131 sa\u011flar. Y\u00fcksek dayan\u0131ml\u0131 \u00e7elik yap\u0131s\u0131 sayesinde a\u011f\u0131r y\u00fck alt\u0131nda y\u00fcksek performans sunar, a\u015f\u0131nmaya kar\u015f\u0131 diren\u00e7lidir ve uzun servis \u00f6mr\u00fc sa\u011flar. Makinenin y\u00fcr\u00fcy\u00fc\u015f ve tahrik sisteminin stabil \u00e7al\u0131\u015fmas\u0131na katk\u0131da bulunur.<\/p>\n","protected":false},"featured_media":22039,"template":"","meta":[],"product_brand":[],"product_cat":[523,470],"product_tag":[],"class_list":{"0":"post-22031","1":"product","2":"type-product","3":"status-publish","4":"has-post-thumbnail","6":"product_cat-yedek-parca-linde","7":"product_cat-diger-yedek-parcalar","9":"first","10":"instock","11":"taxable","12":"shipping-taxable","13":"purchasable","14":"product-type-simple"},"_links":{"self":[{"href":"https:\/\/ceoparts.com\/tr\/wp-json\/wp\/v2\/product\/22031","targetHints":{"allow":["GET"]}}],"collection":[{"href":"https:\/\/ceoparts.com\/tr\/wp-json\/wp\/v2\/product"}],"about":[{"href":"https:\/\/ceoparts.com\/tr\/wp-json\/wp\/v2\/types\/product"}],"wp:featuredmedia":[{"embeddable":true,"href":"https:\/\/ceoparts.com\/tr\/wp-json\/wp\/v2\/media\/22039"}],"wp:attachment":[{"href":"https:\/\/ceoparts.com\/tr\/wp-json\/wp\/v2\/media?parent=22031"}],"wp:term":[{"taxonomy":"product_brand","embeddable":true,"href":"https:\/\/ceoparts.com\/tr\/wp-json\/wp\/v2\/product_brand?post=22031"},{"taxonomy":"product_cat","embeddable":true,"href":"https:\/\/ceoparts.com\/tr\/wp-json\/wp\/v2\/product_cat?post=22031"},{"taxonomy":"product_tag","embeddable":true,"href":"https:\/\/ceoparts.com\/tr\/wp-json\/wp\/v2\/product_tag?post=22031"}],"curies":[{"name":"wp","href":"https:\/\/api.w.org\/{rel}","templated":true}]}}