{"id":22042,"date":"2026-05-04T16:22:21","date_gmt":"2026-05-04T13:22:21","guid":{"rendered":"https:\/\/ceoparts.com\/?post_type=product&#038;p=22042"},"modified":"2026-05-06T13:54:31","modified_gmt":"2026-05-06T10:54:31","slug":"still-exu-s-22-denge-mekanizmasi-4492535","status":"publish","type":"product","link":"https:\/\/ceoparts.com\/tr\/urun\/still-exu-s-22-denge-mekanizmasi-4492535\/","title":{"rendered":"STILL \/ EXU-S 22 Denge Mekanizmas\u0131 &#8211; 4492535"},"content":{"rendered":"<p>STILL \/ EXU-S 22 Denge Mekanizmas\u0131 &#8211; 4492535<\/p>","protected":false},"excerpt":{"rendered":"<p><strong data-start=\"57\" data-end=\"101\">STILL EXU-S 22 denge mekanizmas\u0131 4492535<\/strong>, elektrikli transpalet ve depo ekipmanlar\u0131nda makinenin dengeli ve stabil hareket etmesini sa\u011flayan \u00f6nemli bir mekanik bile\u015fendir. Y\u00fck alt\u0131nda makinenin denge kontrol\u00fcn\u00fc destekleyerek y\u00fcr\u00fcy\u00fc\u015f sisteminin g\u00fcvenli ve kontroll\u00fc \u00e7al\u0131\u015fmas\u0131na yard\u0131mc\u0131 olur. Sa\u011flam g\u00f6vde yap\u0131s\u0131 ve dayan\u0131kl\u0131 mekanik par\u00e7alar\u0131 sayesinde yo\u011fun end\u00fcstriyel \u00e7al\u0131\u015fma ko\u015fullar\u0131nda uzun \u00f6m\u00fcrl\u00fc ve g\u00fcvenilir performans sunar. Makinenin s\u00fcr\u00fc\u015f esnas\u0131nda titre\u015fimi dengelemesine ve operat\u00f6r kontrol\u00fcn\u00fcn artmas\u0131na katk\u0131 sa\u011flar.<\/p>\n","protected":false},"featured_media":22050,"template":"","meta":[],"product_brand":[],"product_cat":[524,420],"product_tag":[],"class_list":{"0":"post-22042","1":"product","2":"type-product","3":"status-publish","4":"has-post-thumbnail","6":"product_cat-yedek-parca-still","7":"product_cat-denge-mekanizmalar","9":"first","10":"instock","11":"taxable","12":"shipping-taxable","13":"purchasable","14":"product-type-simple"},"_links":{"self":[{"href":"https:\/\/ceoparts.com\/tr\/wp-json\/wp\/v2\/product\/22042","targetHints":{"allow":["GET"]}}],"collection":[{"href":"https:\/\/ceoparts.com\/tr\/wp-json\/wp\/v2\/product"}],"about":[{"href":"https:\/\/ceoparts.com\/tr\/wp-json\/wp\/v2\/types\/product"}],"wp:featuredmedia":[{"embeddable":true,"href":"https:\/\/ceoparts.com\/tr\/wp-json\/wp\/v2\/media\/22050"}],"wp:attachment":[{"href":"https:\/\/ceoparts.com\/tr\/wp-json\/wp\/v2\/media?parent=22042"}],"wp:term":[{"taxonomy":"product_brand","embeddable":true,"href":"https:\/\/ceoparts.com\/tr\/wp-json\/wp\/v2\/product_brand?post=22042"},{"taxonomy":"product_cat","embeddable":true,"href":"https:\/\/ceoparts.com\/tr\/wp-json\/wp\/v2\/product_cat?post=22042"},{"taxonomy":"product_tag","embeddable":true,"href":"https:\/\/ceoparts.com\/tr\/wp-json\/wp\/v2\/product_tag?post=22042"}],"curies":[{"name":"wp","href":"https:\/\/api.w.org\/{rel}","templated":true}]}}